{"id":730840,"date":"2025-08-27T21:21:31","date_gmt":"2025-08-27T18:21:31","guid":{"rendered":"https:\/\/roveyayinevi.com.tr\/index.php\/urun\/incir-cekirdegi\/"},"modified":"2026-04-16T02:38:38","modified_gmt":"2026-04-15T23:38:38","slug":"incir-cekirdegi","status":"publish","type":"product","link":"https:\/\/roveyayinevi.com.tr\/index.php\/urun\/incir-cekirdegi\/","title":{"rendered":"\u0130ncir \u00c7ekirde\u011fi"},"content":{"rendered":"<p>\u0130ncir \u00e7ekirde\u011fini doldurmayacak konulardan hayat dersleri\u2026Hereke\u2019de zeytinlikler, \u00fcz\u00fcm ba\u011flar\u0131, kiraz bah\u00e7eleri, ayva ve nar a\u011fa\u00e7lar\u0131 aras\u0131nda do\u011fmu\u015f bir \u00e7ocuk d\u00fc\u015f\u00fcn\u00fcn. Y\u00fcz\u00fcn\u00fc ya\u011fmurlara bilerek tutmu\u015f, ayakkab\u0131lar\u0131n\u0131 \u00e7amura bilerek basm\u0131\u015f olsun. Bilge bir b\u00fcy\u00fckbaba, g\u00f6rm\u00fc\u015f ge\u00e7irmi\u015f b\u00fcy\u00fckannenin sesleriyle, nazarlar\u0131 ve \u00f6zel ilgisiyle b\u00fcy\u00fcm\u00fc\u015f bulunsun o \u00e7ocuk. Sonra da, \u00f6\u011fretmenlerinin, yak\u0131n kom\u015fular\u0131n\u0131n sevgisiyle donans\u0131n. Anne ve baban\u0131n \u015fefkatiyle serpilip geli\u015fsin. Ne olur o sonunda? B\u0131kmaz usanmaz bir tabiat tutkunu, \u00e7i\u00e7e\u011fe b\u00f6ce\u011fe, gezmeye tozmaya, yemeye i\u00e7meye merakl\u0131 bir yeni zaman merakl\u0131s\u0131na d\u00f6n\u00fc\u015fmez mi?Yat\u0131l\u0131 okumak i\u00e7in geldi\u011fi \u0130stanbul\u2019da, Bo\u011fazi\u00e7i\u2019ne d\u00fc\u015ferse yolu sonra? Sonras\u0131, ba\u015ftan ba\u015fa \u0130stanbul, onun renkleri, mevsimleri, k\u00fclt\u00fcr\u00fc, tarihi, esteti\u011fi. Ayasofya bir yanda Topkap\u0131 Saray\u0131 di\u011fer yanda. Tarih ve k\u00fclt\u00fcr g\u00f6kku\u015fa\u011f\u0131 g\u00f6rkemine b\u00fcr\u00fcn\u00fcr onda.Haluk Dursun\u2026Son zamanlar\u0131n gelmi\u015f ge\u00e7mi\u015f en se\u00e7kin dil ustalar\u0131ndan, zevki hayat bilmi\u015f, gezginli\u011fin sayfalar\u0131nda tarihin damarlar\u0131na s\u0131zm\u0131\u015f uslanmaz bir merak d\u00fcrb\u00fcn\u00fc. \u00c7i\u00e7eklerin piri. Yemeklerin, meyvelerin, sokaklar\u0131n, insanlar\u0131n zaman alacas\u0131.B\u00f6yle yaman adamlar nadir gelirler hayata. Gelip ge\u00e7tiklerinde de \u00f6l\u00fcms\u00fcz izler b\u0131rak\u0131rlar.\u0130ncir \u00c7ekirde\u011fi, her bir c\u00fcmlesi, Haluk Dursun\u2019un hayat tecr\u00fcbesi ve k\u00fclt\u00fcr\u00fc zevk k\u0131lm\u0131\u015f idealizmiyle okurlara arma\u011fan.Nehirler, da\u011flar, a\u011fa\u00e7lar, t\u00fcrl\u00fc \u00e7i\u00e7ekler, hayvanlar, ayr\u0131nt\u0131lar, bir incir \u00e7ekirde\u011finin koca bir a\u011fac\u0131 m\u00fcjdeleyen bal\u0131yla y\u00fckl\u00fc.<\/p>\n","protected":false},"excerpt":{"rendered":"<p>\u0130ncir \u00e7ekirde\u011fini doldurmayacak konulardan hayat dersleri\u2026Hereke\u2019de zeytinlikler, \u00fcz\u00fcm ba\u011flar\u0131, kiraz bah\u00e7eleri, ayva ve nar a\u011fa\u00e7lar\u0131 aras\u0131nda do\u011fmu\u015f bir \u00e7ocuk d\u00fc\u015f\u00fcn\u00fcn. Y\u00fcz\u00fcn\u00fc ya\u011fmurlara bilerek tutmu\u015f, ayakkab\u0131lar\u0131n\u0131 \u00e7amura<span class=\"excerpt-hellip\"> [\u2026]<\/span><\/p>\n","protected":false},"featured_media":0,"template":"","meta":{"_monsterinsights_skip_tracking":false,"_monsterinsights_sitenote_active":false,"_monsterinsights_sitenote_note":"","_monsterinsights_sitenote_category":0},"product_brand":[],"product_cat":[18545,12291],"product_tag":[],"class_list":{"0":"post-730840","1":"product","2":"type-product","3":"status-publish","5":"product_cat-anlati","6":"product_cat-edebiyat","7":"pa_cilt-ciltsiz","8":"pa_tur-kitap","9":"pa_yayinevi-kapi-yayinlari","10":"pa_yazar-haluk-dursun","12":"first","13":"instock","14":"sale","15":"shipping-taxable","16":"purchasable","17":"product-type-simple"},"_links":{"self":[{"href":"https:\/\/roveyayinevi.com.tr\/index.php\/wp-json\/wp\/v2\/product\/730840","targetHints":{"allow":["GET"]}}],"collection":[{"href":"https:\/\/roveyayinevi.com.tr\/index.php\/wp-json\/wp\/v2\/product"}],"about":[{"href":"https:\/\/roveyayinevi.com.tr\/index.php\/wp-json\/wp\/v2\/types\/product"}],"wp:attachment":[{"href":"https:\/\/roveyayinevi.com.tr\/index.php\/wp-json\/wp\/v2\/media?parent=730840"}],"wp:term":[{"taxonomy":"product_brand","embeddable":true,"href":"https:\/\/roveyayinevi.com.tr\/index.php\/wp-json\/wp\/v2\/product_brand?post=730840"},{"taxonomy":"product_cat","embeddable":true,"href":"https:\/\/roveyayinevi.com.tr\/index.php\/wp-json\/wp\/v2\/product_cat?post=730840"},{"taxonomy":"product_tag","embeddable":true,"href":"https:\/\/roveyayinevi.com.tr\/index.php\/wp-json\/wp\/v2\/product_tag?post=730840"}],"curies":[{"name":"wp","href":"https:\/\/api.w.org\/{rel}","templated":true}]}}