{"id":730835,"date":"2025-08-27T21:21:27","date_gmt":"2025-08-27T18:21:27","guid":{"rendered":"https:\/\/roveyayinevi.com.tr\/index.php\/urun\/dost-kazanma-ve-dost-kalma-sanati\/"},"modified":"2026-04-16T02:38:38","modified_gmt":"2026-04-15T23:38:38","slug":"dost-kazanma-ve-dost-kalma-sanati","status":"publish","type":"product","link":"https:\/\/roveyayinevi.com.tr\/index.php\/urun\/dost-kazanma-ve-dost-kalma-sanati\/","title":{"rendered":"Dost Kazanma ve Dost Kalma Sanat\u0131"},"content":{"rendered":"<p>Romal\u0131 hukuk\u00e7u, hatip, devlet adam\u0131 ve filozof Marcus Tullius Cicero, Roma Cumhuriyeti\u2019nin sendeledi\u011fi, Julius Caesar\u2019\u0131n yu\u0308kseli\u015fini, diktat\u00f6rlu\u0308\u011fu\u0308nu\u0308 ve \u00f6lu\u0308mu\u0308nu\u0308 g\u00f6rdu\u0308\u011fu\u0308 heyecanl\u0131 bir d\u00f6nemde ya\u015fad\u0131. Siyasetin bu heyecan\u0131, gerginli\u011fi, karma\u015fas\u0131 ve entrikalar\u0131 siyasi konu\u015fmalar\u0131 ve yaz\u0131\u015fmalar\u0131nda a\u00e7\u0131k\u00e7a g\u00f6ru\u0308len Cicero, Yunan du\u0308\u015fu\u0308ncesinin daha sonraki d\u00f6nemlere aktar\u0131lmas\u0131nda bu\u0308yu\u0308k rol oynayan, \u00f6nemli bir tarihi figu\u0308rdu\u0308r. Cicero sadece d\u00f6neminin siyasi ortam\u0131n\u0131 iletmekle kalmad\u0131, bilgi teorisi a\u00e7\u0131s\u0131ndan kesinli\u011fe ba\u011flanmak yerine olas\u0131l\u0131klar\u0131n pe\u015finden giden etik alan\u0131nda dogmatik bir tav\u0131r sergileyip Stoac\u0131lar ve Sokrates\u2019i takip ederek Latincenin felsefe dili olarak geli\u015fmesine \u00f6nemli katk\u0131larda da bulundu. Cicero\u2019nun M\u00d6 44 y\u0131l\u0131nda kaleme ald\u0131\u011f\u0131, ger\u00e7ek dostlar edinmek ve bu dostlara gereken de\u011feri vermek i\u00e7in \u00f6nemli bir rehber olan Dost Kazanma ve Dost Kalma Sanat\u0131 , iki bin y\u0131l\u0131 a\u015fk\u0131n zamand\u0131r okurlara ilham kayna\u011f\u0131 olmaya devam ediyor. <\/p>\n","protected":false},"excerpt":{"rendered":"<p>Romal\u0131 hukuk\u00e7u, hatip, devlet adam\u0131 ve filozof Marcus Tullius Cicero, Roma Cumhuriyeti\u2019nin sendeledi\u011fi, Julius Caesar\u2019\u0131n yu\u0308kseli\u015fini, diktat\u00f6rlu\u0308\u011fu\u0308nu\u0308 ve \u00f6lu\u0308mu\u0308nu\u0308 g\u00f6rdu\u0308\u011fu\u0308 heyecanl\u0131 bir d\u00f6nemde ya\u015fad\u0131. Siyasetin bu<span class=\"excerpt-hellip\"> [\u2026]<\/span><\/p>\n","protected":false},"featured_media":0,"template":"","meta":{"_monsterinsights_skip_tracking":false,"_monsterinsights_sitenote_active":false,"_monsterinsights_sitenote_note":"","_monsterinsights_sitenote_category":0},"product_brand":[],"product_cat":[12388,13555],"product_tag":[],"class_list":{"0":"post-730835","1":"product","2":"type-product","3":"status-publish","5":"product_cat-felsefe","6":"product_cat-genel-felsefe","7":"pa_cilt-ciltsiz","8":"pa_tur-kitap","9":"pa_yayinevi-say-yayinlari","10":"pa_yazar-cicero","12":"first","13":"instock","14":"sale","15":"shipping-taxable","16":"purchasable","17":"product-type-simple"},"_links":{"self":[{"href":"https:\/\/roveyayinevi.com.tr\/index.php\/wp-json\/wp\/v2\/product\/730835","targetHints":{"allow":["GET"]}}],"collection":[{"href":"https:\/\/roveyayinevi.com.tr\/index.php\/wp-json\/wp\/v2\/product"}],"about":[{"href":"https:\/\/roveyayinevi.com.tr\/index.php\/wp-json\/wp\/v2\/types\/product"}],"wp:attachment":[{"href":"https:\/\/roveyayinevi.com.tr\/index.php\/wp-json\/wp\/v2\/media?parent=730835"}],"wp:term":[{"taxonomy":"product_brand","embeddable":true,"href":"https:\/\/roveyayinevi.com.tr\/index.php\/wp-json\/wp\/v2\/product_brand?post=730835"},{"taxonomy":"product_cat","embeddable":true,"href":"https:\/\/roveyayinevi.com.tr\/index.php\/wp-json\/wp\/v2\/product_cat?post=730835"},{"taxonomy":"product_tag","embeddable":true,"href":"https:\/\/roveyayinevi.com.tr\/index.php\/wp-json\/wp\/v2\/product_tag?post=730835"}],"curies":[{"name":"wp","href":"https:\/\/api.w.org\/{rel}","templated":true}]}}