{"id":730833,"date":"2025-08-27T21:21:26","date_gmt":"2025-08-27T18:21:26","guid":{"rendered":"https:\/\/roveyayinevi.com.tr\/index.php\/urun\/belgesel-sinema-kitabi\/"},"modified":"2026-04-16T02:38:38","modified_gmt":"2026-04-15T23:38:38","slug":"belgesel-sinema-kitabi","status":"publish","type":"product","link":"https:\/\/roveyayinevi.com.tr\/index.php\/urun\/belgesel-sinema-kitabi\/","title":{"rendered":"Belgesel Sinema Kitab\u0131"},"content":{"rendered":"<p>Edit\u00f6rl\u00fc\u011f\u00fcn\u00fc Brian Winston\u2019\u0131n yapt\u0131\u011f\u0131 Belgesel Sinema Kitab\u0131 etik, estetik, siyaset gibi konularla ili\u015fkisi i\u00e7inde belgesel sinema ve farkl\u0131 belgesel formlar  ba\u015fta olmak \u00fczere geni\u015f ve verimli bir yelpazede, zengin bir kaynak olarak okurla bulu\u015fuyor. Kitaba yaz\u0131lar\u0131 ile katk\u0131da bulunanlar belgesel \u00fczerine uzun zamand\u0131r \u00e7aba ve emek sarf eden, belgesel \u00fcreten, \u00fczerine d\u00fc\u015f\u00fcnen, ara\u015ft\u0131 ran, bu alan\u0131n geli\u015fmesine ve ilerlemesine \u00e7e\u015fitli a\u00e7\u0131lardan k\u0131ymetli katk\u0131larda bulunan uluslararas\u0131 isimler. Benzer bir yakla\u015f\u0131mla kitab\u0131n T\u00fcrk\u00e7e \u00e7evirisi de a\u011f\u0131rl\u0131kl\u0131 olarak belgesel sinemac\u0131lar ve akademide bu alana y\u00f6nelmi\u015f insan lar\u0131n emekleriyle ger\u00e7ekle\u015ftirildi. Belgesel Sinema Kitab\u0131 belgeselin temel de\u011ferlerinden tarih\u00e7esine, belgesel paradigmalar\u0131na, farkl\u0131 co\u011frafyalardan \u00e7e\u015fitli \u00fcretim pratiklerine, belgesel \u00f6znelere ve bilim, sanat, televizyon gibi farkl\u0131 alanlara y\u00f6nelik \u00fcretimlere ili\u015fkin bir soru\u015fturman\u0131n yan\u0131 s\u0131ra, yeni teknolojiler ve gelecek g\u00fczerg\u00e2hlar\u0131 da i\u00e7eren kapsaml\u0131 ve nitelikli bir eser. Belgesel Sinema Kitab\u0131 akademik \u00e7al\u0131\u015fmalar ger\u00e7ekle\u015ftiren ara\u015ft\u0131rmac\u0131lardan sinema \u00f6\u011frencilerine, belgesel sinemac\u0131lara ve sinema izleyicisine kadar birbirinden farkl\u0131 okurlara rehberlik edecek bir i\u00e7eri\u011fe sahip. Kitap, makalelerde  s\u00f6z\u00fc edilen belgesellerle ele al\u0131nan konuda \u00f6ne \u00e7\u0131kan filmlere ili\u015fkin bir seyir defteri niteli\u011fi de ta\u015f\u0131yor. Alt\u0131 b\u00f6l\u00fcmde k\u0131rk\u0131n \u00fczerinde makalenin bulundu\u011fu bu kitab\u0131n belgesel sinema alan\u0131n\u0131n temel ba\u015fvuru kaynaklar\u0131ndan biri olaca\u011f\u0131na inan\u0131yoruz<\/p>\n","protected":false},"excerpt":{"rendered":"<p>Edit\u00f6rl\u00fc\u011f\u00fcn\u00fc Brian Winston\u2019\u0131n yapt\u0131\u011f\u0131 Belgesel Sinema Kitab\u0131 etik, estetik, siyaset gibi konularla ili\u015fkisi i\u00e7inde belgesel sinema ve farkl\u0131 belgesel formlar ba\u015fta olmak \u00fczere geni\u015f ve verimli<span class=\"excerpt-hellip\"> [\u2026]<\/span><\/p>\n","protected":false},"featured_media":0,"template":"","meta":{"_monsterinsights_skip_tracking":false,"_monsterinsights_sitenote_active":false,"_monsterinsights_sitenote_note":"","_monsterinsights_sitenote_category":0},"product_brand":[],"product_cat":[12409,12408],"product_tag":[],"class_list":{"0":"post-730833","1":"product","2":"type-product","3":"status-publish","5":"product_cat-fotograf-sinema-tiyatro","6":"product_cat-sanat","7":"pa_cilt-ciltsiz","8":"pa_tur-kitap","9":"pa_yayinevi-ayrinti-yayinlari","10":"pa_yazar-brian-winston","12":"first","13":"instock","14":"sale","15":"shipping-taxable","16":"purchasable","17":"product-type-simple"},"_links":{"self":[{"href":"https:\/\/roveyayinevi.com.tr\/index.php\/wp-json\/wp\/v2\/product\/730833","targetHints":{"allow":["GET"]}}],"collection":[{"href":"https:\/\/roveyayinevi.com.tr\/index.php\/wp-json\/wp\/v2\/product"}],"about":[{"href":"https:\/\/roveyayinevi.com.tr\/index.php\/wp-json\/wp\/v2\/types\/product"}],"wp:attachment":[{"href":"https:\/\/roveyayinevi.com.tr\/index.php\/wp-json\/wp\/v2\/media?parent=730833"}],"wp:term":[{"taxonomy":"product_brand","embeddable":true,"href":"https:\/\/roveyayinevi.com.tr\/index.php\/wp-json\/wp\/v2\/product_brand?post=730833"},{"taxonomy":"product_cat","embeddable":true,"href":"https:\/\/roveyayinevi.com.tr\/index.php\/wp-json\/wp\/v2\/product_cat?post=730833"},{"taxonomy":"product_tag","embeddable":true,"href":"https:\/\/roveyayinevi.com.tr\/index.php\/wp-json\/wp\/v2\/product_tag?post=730833"}],"curies":[{"name":"wp","href":"https:\/\/api.w.org\/{rel}","templated":true}]}}