{"id":730831,"date":"2025-08-27T21:21:24","date_gmt":"2025-08-27T18:21:24","guid":{"rendered":"https:\/\/roveyayinevi.com.tr\/index.php\/urun\/teresa-halanin-sorusturmalari-3-muzedeki-sahte-tablo\/"},"modified":"2026-04-16T02:38:38","modified_gmt":"2026-04-15T23:38:38","slug":"teresa-halanin-sorusturmalari-3-muzedeki-sahte-tablo","status":"publish","type":"product","link":"https:\/\/roveyayinevi.com.tr\/index.php\/urun\/teresa-halanin-sorusturmalari-3-muzedeki-sahte-tablo\/","title":{"rendered":"Teresa Hala&#8217;n\u0131n Soru\u015fturmalar\u0131 &#8211; 3 M\u00fczedeki Sahte Tablo"},"content":{"rendered":"<p>Ilkokul \u00d6\u011frencilerinin Mantiksal Becerilerini Geli\u015ftirmek I\u00e7in Hazirlanmi\u015f Etkinlikli Polisiye \u00c7izgi Roman   Teresa Hala\u2019ya Ipu\u00e7lar\u0131n\u0131 Toplamas\u0131nda Yard\u0131m Edelim Ve Neler Oldu\u011funu \u00d6\u011frenelim! Ama Bunun I\u00e7in \u00d6nce \u015eu Merak Uyand\u0131ran Mant\u0131k Oyunlar\u0131n\u0131 \u00c7\u00f6zmemiz Gerek: Denklemleri Ve Simetrileri Tamamlama, Dizileri Yeniden D\u00fczenleyip Tamamlama, Olaylar\u0131 Zamansal Olarak S\u0131ralama, Labirentleri \u00c7\u00f6zme, Tarif Edilen Gizemli Ki\u015fiyi Bulma, \u00d6r\u00fcnt\u00fcleri Ve Haritalar\u0131 Okuma, Grafikleri Ve Tablolar\u0131 Okuma.   Ilkokul \u00dc\u00e7\u00fcnc\u00fc Ve D\u00f6rd\u00fcnc\u00fc S\u0131n\u0131f \u00d6\u011frencileri I\u00e7in Tasarlanan Serinin \u00dc\u00e7\u00fcnc\u00fc Kitab\u0131 M\u00fczedeki Sahte Tablo\u2019da, \u00d6\u011frencilerin Gerek G\u00f6rsel-Mant\u0131ksal Ve Say\u0131sal Gerekse Dil Ve Problem \u00c7\u00f6zme Becerilerini Oyunlarla Geli\u015ftirmeleri Ama\u00e7lanmaktad\u0131r. Ilk\u00f6\u011fretimin Iki, \u00dc\u00e7 Ve D\u00f6rd\u00fcnc\u00fc S\u0131n\u0131f\u0131lar\u0131n\u0131 Kapsayacak \u015eekilde Haz\u0131rlanan Bu Polisiye Seri, Zihin Egzersizleri Arac\u0131l\u0131\u011f\u0131yla \u00c7ocuklar\u0131 S\u00fcrekli Ke\u015ffetme Ve \u00c7\u00f6z\u00fcm \u00dcretmeye Te\u015fvik Etmeyi Hedefliyor.   Bu B\u00f6l\u00fcmde\u2026   Teresa Hala Ile Plinyo\u2019nun M\u00fcze Ziyareti Beklenmedik Bir Olayla B\u00f6l\u00fcn\u00fcr. Birileri, \u00dcnl\u00fc Venedik Aslan\u0131 Tablosunu Sahtesiyle De\u011fi\u015ftirmi\u015ftir!   Acaba Bunu Kim Yapt\u0131? <\/p>\n","protected":false},"excerpt":{"rendered":"<p>Ilkokul \u00d6\u011frencilerinin Mantiksal Becerilerini Geli\u015ftirmek I\u00e7in Hazirlanmi\u015f Etkinlikli Polisiye \u00c7izgi Roman Teresa Hala\u2019ya Ipu\u00e7lar\u0131n\u0131 Toplamas\u0131nda Yard\u0131m Edelim Ve Neler Oldu\u011funu \u00d6\u011frenelim! Ama Bunun I\u00e7in \u00d6nce \u015eu<span class=\"excerpt-hellip\"> [\u2026]<\/span><\/p>\n","protected":false},"featured_media":0,"template":"","meta":{"_monsterinsights_skip_tracking":false,"_monsterinsights_sitenote_active":false,"_monsterinsights_sitenote_note":"","_monsterinsights_sitenote_category":0},"product_brand":[],"product_cat":[12275,12274],"product_tag":[],"class_list":{"0":"post-730831","1":"product","2":"type-product","3":"status-publish","5":"product_cat-6-12-yas-kitaplari","6":"product_cat-cocuk-ve-genclik-kitaplari","7":"pa_cilt-ciltsiz","8":"pa_tur-kitap","9":"pa_yayinevi-domingo-yayinevi","10":"pa_yazar-antonio-calvani-benedetto-zanaboni","12":"first","13":"instock","14":"sale","15":"shipping-taxable","16":"purchasable","17":"product-type-simple"},"_links":{"self":[{"href":"https:\/\/roveyayinevi.com.tr\/index.php\/wp-json\/wp\/v2\/product\/730831","targetHints":{"allow":["GET"]}}],"collection":[{"href":"https:\/\/roveyayinevi.com.tr\/index.php\/wp-json\/wp\/v2\/product"}],"about":[{"href":"https:\/\/roveyayinevi.com.tr\/index.php\/wp-json\/wp\/v2\/types\/product"}],"wp:attachment":[{"href":"https:\/\/roveyayinevi.com.tr\/index.php\/wp-json\/wp\/v2\/media?parent=730831"}],"wp:term":[{"taxonomy":"product_brand","embeddable":true,"href":"https:\/\/roveyayinevi.com.tr\/index.php\/wp-json\/wp\/v2\/product_brand?post=730831"},{"taxonomy":"product_cat","embeddable":true,"href":"https:\/\/roveyayinevi.com.tr\/index.php\/wp-json\/wp\/v2\/product_cat?post=730831"},{"taxonomy":"product_tag","embeddable":true,"href":"https:\/\/roveyayinevi.com.tr\/index.php\/wp-json\/wp\/v2\/product_tag?post=730831"}],"curies":[{"name":"wp","href":"https:\/\/api.w.org\/{rel}","templated":true}]}}