{"id":730830,"date":"2025-08-27T21:21:23","date_gmt":"2025-08-27T18:21:23","guid":{"rendered":"https:\/\/roveyayinevi.com.tr\/index.php\/urun\/teresa-halanin-sorusturmalari-2\/"},"modified":"2026-04-16T02:38:38","modified_gmt":"2026-04-15T23:38:38","slug":"teresa-halanin-sorusturmalari-2","status":"publish","type":"product","link":"https:\/\/roveyayinevi.com.tr\/index.php\/urun\/teresa-halanin-sorusturmalari-2\/","title":{"rendered":"Teresa Hala&#8217;n\u0131n Soru\u015fturmalar\u0131 &#8211; 2"},"content":{"rendered":"<p>GEL\u0130\u015eT\u0130RMEK \u0130\u00c7\u0130N HAZIRLANMI\u015e ETK\u0130NL\u0130KL\u0130 POL\u0130S\u0130YE \u00c7\u0130ZG\u0130 ROMAN   Teresa Hala\u2019ya ipu\u00e7lar\u0131n\u0131 toplamas\u0131nda yard\u0131m edelim ve neler oldu\u011funu \u00f6\u011frenelim! Ama bunun i\u00e7in \u00f6nce \u015fu merak uyand\u0131ran mant\u0131k oyunlar\u0131n\u0131 \u00e7\u00f6zmemiz gerek: denklemleri ve simetrileri tamamlama, dizileri yeniden d\u00fczenleyip tamamlama, olaylar\u0131 zamansal olarak s\u0131ralama, labirentleri \u00e7\u00f6zme, tarif edilen gizemli ki\u015fiyi bulma, k\u00fcmelerle ilgili problemleri \u00e7\u00f6zme.   \u0130lkokul ikinci ve \u00fc\u00e7\u00fcnc\u00fc s\u0131n\u0131f \u00f6\u011frencileri i\u00e7in tasarlanan serinin ikinci kitab\u0131 Limanda H\u0131r s\u0131zl\u0131k\u2019ta, \u00f6\u011frencilerin gerek g\u00f6rsel-mant\u0131ksal ve say\u0131sal gerekse dil ve problem \u00e7\u00f6zme becerilerini oyunlarla geli\u015ftirmeleri ama\u00e7lanmaktad\u0131r. \u0130lk\u00f6\u011fretimin iki, \u00fc\u00e7 ve d\u00f6rd\u00fcnc\u00fc s\u0131n\u0131f\u0131lar\u0131n\u0131 kapsayacak \u015fekilde haz\u0131rlanan bu polisiye seri, zihin egzersizleri arac\u0131l\u0131\u011f\u0131yla \u00e7ocuklar\u0131 s\u00fcrekli ke\u015ffetme ve \u00e7\u00f6z\u00fcm \u00fcretmeye te\u015fvik etmeyi hedefliyor.   BU B\u00d6L\u00dcMDE\u2026   Teresa Hala\u2019ya s\u00fcrpriz bir misafir gelir. Kuzeni Gustavo, gemiyle birka\u00e7 ay d\u00fcnyay\u0131 turlad\u0131ktan sonra Venedik\u2019e d\u00f6nm\u00fc\u015ft\u00fcr. Ancak, aylar sonra kavu\u015fan Teresa ile Gustavo\u2019nun mutluluklar\u0131 yar\u0131m kal\u0131r. Birileri, Gustavo\u2019nun servet de\u011ferindeki kuma\u015f\u0131n\u0131 \u00e7alm\u0131\u015ft\u0131r\u2026   Acaba h\u0131rs*z kim? <\/p>\n","protected":false},"excerpt":{"rendered":"<p>GEL\u0130\u015eT\u0130RMEK \u0130\u00c7\u0130N HAZIRLANMI\u015e ETK\u0130NL\u0130KL\u0130 POL\u0130S\u0130YE \u00c7\u0130ZG\u0130 ROMAN Teresa Hala\u2019ya ipu\u00e7lar\u0131n\u0131 toplamas\u0131nda yard\u0131m edelim ve neler oldu\u011funu \u00f6\u011frenelim! Ama bunun i\u00e7in \u00f6nce \u015fu merak uyand\u0131ran mant\u0131k oyunlar\u0131n\u0131<span class=\"excerpt-hellip\"> [\u2026]<\/span><\/p>\n","protected":false},"featured_media":0,"template":"","meta":{"_monsterinsights_skip_tracking":false,"_monsterinsights_sitenote_active":false,"_monsterinsights_sitenote_note":"","_monsterinsights_sitenote_category":0},"product_brand":[],"product_cat":[12275,12274],"product_tag":[],"class_list":{"0":"post-730830","1":"product","2":"type-product","3":"status-publish","5":"product_cat-6-12-yas-kitaplari","6":"product_cat-cocuk-ve-genclik-kitaplari","7":"pa_cilt-ciltsiz","8":"pa_tur-kitap","9":"pa_yayinevi-domingo-yayinevi","10":"pa_yazar-antonio-calvani-benedetto-zanaboni","12":"first","13":"instock","14":"sale","15":"shipping-taxable","16":"purchasable","17":"product-type-simple"},"_links":{"self":[{"href":"https:\/\/roveyayinevi.com.tr\/index.php\/wp-json\/wp\/v2\/product\/730830","targetHints":{"allow":["GET"]}}],"collection":[{"href":"https:\/\/roveyayinevi.com.tr\/index.php\/wp-json\/wp\/v2\/product"}],"about":[{"href":"https:\/\/roveyayinevi.com.tr\/index.php\/wp-json\/wp\/v2\/types\/product"}],"wp:attachment":[{"href":"https:\/\/roveyayinevi.com.tr\/index.php\/wp-json\/wp\/v2\/media?parent=730830"}],"wp:term":[{"taxonomy":"product_brand","embeddable":true,"href":"https:\/\/roveyayinevi.com.tr\/index.php\/wp-json\/wp\/v2\/product_brand?post=730830"},{"taxonomy":"product_cat","embeddable":true,"href":"https:\/\/roveyayinevi.com.tr\/index.php\/wp-json\/wp\/v2\/product_cat?post=730830"},{"taxonomy":"product_tag","embeddable":true,"href":"https:\/\/roveyayinevi.com.tr\/index.php\/wp-json\/wp\/v2\/product_tag?post=730830"}],"curies":[{"name":"wp","href":"https:\/\/api.w.org\/{rel}","templated":true}]}}