{"id":730829,"date":"2025-08-27T21:21:14","date_gmt":"2025-08-27T18:21:14","guid":{"rendered":"https:\/\/roveyayinevi.com.tr\/index.php\/urun\/bir-pizza-dilimini-nasil-olcersin-kucuk-matematikciler-icin-rehber\/"},"modified":"2026-04-16T02:38:38","modified_gmt":"2026-04-15T23:38:38","slug":"bir-pizza-dilimini-nasil-olcersin-kucuk-matematikciler-icin-rehber","status":"publish","type":"product","link":"https:\/\/roveyayinevi.com.tr\/index.php\/urun\/bir-pizza-dilimini-nasil-olcersin-kucuk-matematikciler-icin-rehber\/","title":{"rendered":"Bir Pizza Dilimini Nas\u0131l \u00d6l\u00e7ersin? &#8211; K\u00fc\u00e7\u00fck Matematik\u00e7iler \u0130\u00e7in Rehber"},"content":{"rendered":"<p>Abisinin s\u00fcrekli her \u015feyin daha fazlas\u0131n\u0131, daha b\u00fcy\u00fc\u011f\u00fcn\u00fc almas\u0131ndan \u015fikayet\u00e7i olan Ahmet, bir \u015feyin neye ve kime g\u00f6re b\u00fcy\u00fck oldu\u011funu merak ediyor. Arkada\u015flar\u0131yla bir araya gelerek bu sorunun cevab\u0131n\u0131 ar\u0131yorlar ve Ahmet matematik sayesinde abisini yenmeyi ba\u015far\u0131yor.STEAM yakla\u015f\u0131m\u0131 esas al\u0131narak haz\u0131rlanan bu seride \u00e7ocuklar, zihinlerini kurcalayan sorulara cevap ararken e\u011flenceli bir yolculu\u011fa \u00e7\u0131kacak ve m\u00fchendislikten yaz\u0131l\u0131ma, kimyadan matemati\u011fe bir\u00e7ok alanda bilgi sahibi olacaklar.<\/p>\n","protected":false},"excerpt":{"rendered":"<p>Abisinin s\u00fcrekli her \u015feyin daha fazlas\u0131n\u0131, daha b\u00fcy\u00fc\u011f\u00fcn\u00fc almas\u0131ndan \u015fikayet\u00e7i olan Ahmet, bir \u015feyin neye ve kime g\u00f6re b\u00fcy\u00fck oldu\u011funu merak ediyor. Arkada\u015flar\u0131yla bir araya gelerek<span class=\"excerpt-hellip\"> [\u2026]<\/span><\/p>\n","protected":false},"featured_media":0,"template":"","meta":{"_monsterinsights_skip_tracking":false,"_monsterinsights_sitenote_active":false,"_monsterinsights_sitenote_note":"","_monsterinsights_sitenote_category":0},"product_brand":[],"product_cat":[13829,12274],"product_tag":[],"class_list":{"0":"post-730829","1":"product","2":"type-product","3":"status-publish","5":"product_cat-bilimsel-kitaplar","6":"product_cat-cocuk-ve-genclik-kitaplari","7":"pa_cilt-ciltsiz","8":"pa_tur-kitap","9":"pa_yayinevi-erdem-cocuk","10":"pa_yazar-jennifer-shand","12":"first","13":"instock","14":"sale","15":"shipping-taxable","16":"purchasable","17":"product-type-simple"},"_links":{"self":[{"href":"https:\/\/roveyayinevi.com.tr\/index.php\/wp-json\/wp\/v2\/product\/730829","targetHints":{"allow":["GET"]}}],"collection":[{"href":"https:\/\/roveyayinevi.com.tr\/index.php\/wp-json\/wp\/v2\/product"}],"about":[{"href":"https:\/\/roveyayinevi.com.tr\/index.php\/wp-json\/wp\/v2\/types\/product"}],"wp:attachment":[{"href":"https:\/\/roveyayinevi.com.tr\/index.php\/wp-json\/wp\/v2\/media?parent=730829"}],"wp:term":[{"taxonomy":"product_brand","embeddable":true,"href":"https:\/\/roveyayinevi.com.tr\/index.php\/wp-json\/wp\/v2\/product_brand?post=730829"},{"taxonomy":"product_cat","embeddable":true,"href":"https:\/\/roveyayinevi.com.tr\/index.php\/wp-json\/wp\/v2\/product_cat?post=730829"},{"taxonomy":"product_tag","embeddable":true,"href":"https:\/\/roveyayinevi.com.tr\/index.php\/wp-json\/wp\/v2\/product_tag?post=730829"}],"curies":[{"name":"wp","href":"https:\/\/api.w.org\/{rel}","templated":true}]}}