{"id":730827,"date":"2025-08-27T21:21:12","date_gmt":"2025-08-27T18:21:12","guid":{"rendered":"https:\/\/roveyayinevi.com.tr\/index.php\/urun\/kar-sarkisi\/"},"modified":"2026-04-16T02:38:38","modified_gmt":"2026-04-15T23:38:38","slug":"kar-sarkisi","status":"publish","type":"product","link":"https:\/\/roveyayinevi.com.tr\/index.php\/urun\/kar-sarkisi\/","title":{"rendered":"Kar \u015eark\u0131s\u0131"},"content":{"rendered":"<p>Hayalperest bir \u00e7ocuk olan Filo, on ya\u015f\u0131nda ve en sevdi\u011fi mevsim k\u0131\u015f. Di\u011fer \u00e7ocuklar gibi kartopu oynamay\u0131 ve kardan adam yapmay\u0131 \u00e7ok seviyor. Fakat Filo\u2019yu di\u011fer \u00e7ocuklardan farkl\u0131 k\u0131lan ise kardan adam yerine, bir kardan kad\u0131n yapmaya \u00e7al\u0131\u015fmas\u0131. \u00dcstelik g\u00fczel ve hik\u00e2yeler anlatan bir kardan kad\u0131n&#8230; Ancak b\u00fcy\u00fck bir sorun var:  Filo, kardan kad\u0131n\u0131n erimesine engel olabilecek mi? \u0130talyan \u00e7ocuk edebiyat\u0131n\u0131n sevilen yazarlar\u0131n\u0131n bir araya geldi\u011fi bu e\u011flenceli serinin \u00fc\u00e7\u00fcnc\u00fc kitab\u0131 Kar \u015eark\u0131s\u0131 sizi heyecan dolu bir hik\u00e2yeye davet ediyor. <\/p>\n","protected":false},"excerpt":{"rendered":"<p>Hayalperest bir \u00e7ocuk olan Filo, on ya\u015f\u0131nda ve en sevdi\u011fi mevsim k\u0131\u015f. Di\u011fer \u00e7ocuklar gibi kartopu oynamay\u0131 ve kardan adam yapmay\u0131 \u00e7ok seviyor. Fakat Filo\u2019yu di\u011fer<span class=\"excerpt-hellip\"> [\u2026]<\/span><\/p>\n","protected":false},"featured_media":0,"template":"","meta":{"_monsterinsights_skip_tracking":false,"_monsterinsights_sitenote_active":false,"_monsterinsights_sitenote_note":"","_monsterinsights_sitenote_category":0},"product_brand":[],"product_cat":[12275,12274],"product_tag":[],"class_list":{"0":"post-730827","1":"product","2":"type-product","3":"status-publish","5":"product_cat-6-12-yas-kitaplari","6":"product_cat-cocuk-ve-genclik-kitaplari","7":"pa_cilt-ciltsiz","8":"pa_tur-kitap","9":"pa_yayinevi-epsilon-yayinlari","10":"pa_yazar-barbara-pumhosel","12":"first","13":"instock","14":"sale","15":"shipping-taxable","16":"purchasable","17":"product-type-simple"},"_links":{"self":[{"href":"https:\/\/roveyayinevi.com.tr\/index.php\/wp-json\/wp\/v2\/product\/730827","targetHints":{"allow":["GET"]}}],"collection":[{"href":"https:\/\/roveyayinevi.com.tr\/index.php\/wp-json\/wp\/v2\/product"}],"about":[{"href":"https:\/\/roveyayinevi.com.tr\/index.php\/wp-json\/wp\/v2\/types\/product"}],"wp:attachment":[{"href":"https:\/\/roveyayinevi.com.tr\/index.php\/wp-json\/wp\/v2\/media?parent=730827"}],"wp:term":[{"taxonomy":"product_brand","embeddable":true,"href":"https:\/\/roveyayinevi.com.tr\/index.php\/wp-json\/wp\/v2\/product_brand?post=730827"},{"taxonomy":"product_cat","embeddable":true,"href":"https:\/\/roveyayinevi.com.tr\/index.php\/wp-json\/wp\/v2\/product_cat?post=730827"},{"taxonomy":"product_tag","embeddable":true,"href":"https:\/\/roveyayinevi.com.tr\/index.php\/wp-json\/wp\/v2\/product_tag?post=730827"}],"curies":[{"name":"wp","href":"https:\/\/api.w.org\/{rel}","templated":true}]}}