{"id":730824,"date":"2025-08-27T21:21:09","date_gmt":"2025-08-27T18:21:09","guid":{"rendered":"https:\/\/roveyayinevi.com.tr\/index.php\/urun\/islami-yeniden-anlama\/"},"modified":"2026-04-16T02:38:38","modified_gmt":"2026-04-15T23:38:38","slug":"islami-yeniden-anlama","status":"publish","type":"product","link":"https:\/\/roveyayinevi.com.tr\/index.php\/urun\/islami-yeniden-anlama\/","title":{"rendered":"\u0130slam\u2019\u0131 Yeniden Anlama"},"content":{"rendered":"<p>\u201c\u015eimdi M\u00fcsl\u00fcmanlar\u0131n ilerlemesi i\u00e7in tekrar idealistlerin h\u00e2kim olmas\u0131, \u0130slam\u2019da yeni bir hareketin ba\u015flamas\u0131, \u0130slam\u2019\u0131 yeni zamana g\u00f6re yeniden anlama ve yoruma tabi tutma zorunlulu\u011fu do\u011fdu. \u0130slam\u2019\u0131 evrensel kabul eden, onun her zaman idealistlerin h\u00e2kimiyetinde olmas\u0131n\u0131 kabullenmek zorundad\u0131r. B\u00f6yle d\u00fc\u015f\u00fcnmeyen kimseler \u0130slam\u2019\u0131n her zaman ge\u00e7erlili\u011fini kabul etmemi\u015f olurlar. \u0130nan\u00e7, fiil\u00ee durum ve vak\u0131a ile uyum halinde olursa ger\u00e7ekle\u015fme imk\u00e2n\u0131 bulur.\u201d <\/p>\n","protected":false},"excerpt":{"rendered":"<p>\u201c\u015eimdi M\u00fcsl\u00fcmanlar\u0131n ilerlemesi i\u00e7in tekrar idealistlerin h\u00e2kim olmas\u0131, \u0130slam\u2019da yeni bir hareketin ba\u015flamas\u0131, \u0130slam\u2019\u0131 yeni zamana g\u00f6re yeniden anlama ve yoruma tabi tutma zorunlulu\u011fu do\u011fdu. \u0130slam\u2019\u0131<span class=\"excerpt-hellip\"> [\u2026]<\/span><\/p>\n","protected":false},"featured_media":0,"template":"","meta":{"_monsterinsights_skip_tracking":false,"_monsterinsights_sitenote_active":false,"_monsterinsights_sitenote_note":"","_monsterinsights_sitenote_category":0},"product_brand":[],"product_cat":[19998,12388],"product_tag":[],"class_list":{"0":"post-730824","1":"product","2":"type-product","3":"status-publish","5":"product_cat-din-felsefesi","6":"product_cat-felsefe","7":"pa_cilt-ciltsiz","8":"pa_tur-kitap","9":"pa_yayinevi-destek-yayinlari","10":"pa_yazar-huseyin-atay","12":"first","13":"instock","14":"sale","15":"shipping-taxable","16":"purchasable","17":"product-type-simple"},"_links":{"self":[{"href":"https:\/\/roveyayinevi.com.tr\/index.php\/wp-json\/wp\/v2\/product\/730824","targetHints":{"allow":["GET"]}}],"collection":[{"href":"https:\/\/roveyayinevi.com.tr\/index.php\/wp-json\/wp\/v2\/product"}],"about":[{"href":"https:\/\/roveyayinevi.com.tr\/index.php\/wp-json\/wp\/v2\/types\/product"}],"wp:attachment":[{"href":"https:\/\/roveyayinevi.com.tr\/index.php\/wp-json\/wp\/v2\/media?parent=730824"}],"wp:term":[{"taxonomy":"product_brand","embeddable":true,"href":"https:\/\/roveyayinevi.com.tr\/index.php\/wp-json\/wp\/v2\/product_brand?post=730824"},{"taxonomy":"product_cat","embeddable":true,"href":"https:\/\/roveyayinevi.com.tr\/index.php\/wp-json\/wp\/v2\/product_cat?post=730824"},{"taxonomy":"product_tag","embeddable":true,"href":"https:\/\/roveyayinevi.com.tr\/index.php\/wp-json\/wp\/v2\/product_tag?post=730824"}],"curies":[{"name":"wp","href":"https:\/\/api.w.org\/{rel}","templated":true}]}}