{"id":730823,"date":"2025-08-27T21:21:08","date_gmt":"2025-08-27T18:21:08","guid":{"rendered":"https:\/\/roveyayinevi.com.tr\/index.php\/urun\/onemsiz-gunler-ve-haftalar\/"},"modified":"2026-04-16T02:38:38","modified_gmt":"2026-04-15T23:38:38","slug":"onemsiz-gunler-ve-haftalar","status":"publish","type":"product","link":"https:\/\/roveyayinevi.com.tr\/index.php\/urun\/onemsiz-gunler-ve-haftalar\/","title":{"rendered":"\u00d6nemsiz G\u00fcnler ve Haftalar"},"content":{"rendered":"<p>\u201cAk\u0131p giden su gibi g\u00fczeldi i\u015fte ge\u00e7ip giden zaman da. Akmas\u0131, ge\u00e7mesiydi \u00f6nemli olan ve bizim de onlarla akmam\u0131z, ge\u00e7memiz, esmemiz, u\u00e7mam\u0131z, y\u00fczmemiz, y\u00fcr\u00fcmemiz, ko\u015fmam\u0131z, durmam\u0131z, bakmam\u0131z, susmam\u0131z ve yazmam\u0131z&#8230; Sonra g\u00fcnlerimiz vard\u0131, olup olaca\u011f\u0131 yedi g\u00fcnd\u00fc, iki avcumuza s\u0131\u011fard\u0131, \u2018hay\u0131rl\u0131 cumalar\u2019 kadar \u2018mavi cumartesiler\u2019, \u2018uykulu pazarlar\u2019, \u2018g\u00fcne\u015fli pazartesiler\u2019, \u2018sakin sal\u0131lar\u2019, \u2018iyimser \u00e7ar\u015fambalar\u2019, \u2018u\u011furlu per\u015fembeler\u2019 de demek iyiydi.\u201d -Haydar Erg\u00fclen *** Haydar Erg\u00fclen, \u00d6nemsiz G\u00fcnler ve Haftalar\u2019da zaman\u0131 pe\u015fi s\u0131ra akan ayn\u0131l\u0131klar b\u00fct\u00fcn\u00fc olmaktan kurtar\u0131yor, her bir haftaya \u201c\u00f6nemsiz\u201d bir anlam atfediyor ve bize o hep \u00f6zledi\u011fimiz ge\u00e7mi\u015fin tatl\u0131-ek\u015fi atmosferini yeniden canland\u0131rabilece\u011fimiz bir ruh atlas\u0131 sunuyor.<\/p>\n","protected":false},"excerpt":{"rendered":"<p>\u201cAk\u0131p giden su gibi g\u00fczeldi i\u015fte ge\u00e7ip giden zaman da. Akmas\u0131, ge\u00e7mesiydi \u00f6nemli olan ve bizim de onlarla akmam\u0131z, ge\u00e7memiz, esmemiz, u\u00e7mam\u0131z, y\u00fczmemiz, y\u00fcr\u00fcmemiz, ko\u015fmam\u0131z, durmam\u0131z,<span class=\"excerpt-hellip\"> [\u2026]<\/span><\/p>\n","protected":false},"featured_media":0,"template":"","meta":{"_monsterinsights_skip_tracking":false,"_monsterinsights_sitenote_active":false,"_monsterinsights_sitenote_note":"","_monsterinsights_sitenote_category":0},"product_brand":[],"product_cat":[12777,12291],"product_tag":[],"class_list":{"0":"post-730823","1":"product","2":"type-product","3":"status-publish","5":"product_cat-deneme","6":"product_cat-edebiyat","7":"pa_cilt-ciltsiz","8":"pa_tur-kitap","9":"pa_yayinevi-kara-karga-yayinlari","10":"pa_yazar-haydar-ergulen","12":"first","13":"instock","14":"sale","15":"shipping-taxable","16":"purchasable","17":"product-type-simple"},"_links":{"self":[{"href":"https:\/\/roveyayinevi.com.tr\/index.php\/wp-json\/wp\/v2\/product\/730823","targetHints":{"allow":["GET"]}}],"collection":[{"href":"https:\/\/roveyayinevi.com.tr\/index.php\/wp-json\/wp\/v2\/product"}],"about":[{"href":"https:\/\/roveyayinevi.com.tr\/index.php\/wp-json\/wp\/v2\/types\/product"}],"wp:attachment":[{"href":"https:\/\/roveyayinevi.com.tr\/index.php\/wp-json\/wp\/v2\/media?parent=730823"}],"wp:term":[{"taxonomy":"product_brand","embeddable":true,"href":"https:\/\/roveyayinevi.com.tr\/index.php\/wp-json\/wp\/v2\/product_brand?post=730823"},{"taxonomy":"product_cat","embeddable":true,"href":"https:\/\/roveyayinevi.com.tr\/index.php\/wp-json\/wp\/v2\/product_cat?post=730823"},{"taxonomy":"product_tag","embeddable":true,"href":"https:\/\/roveyayinevi.com.tr\/index.php\/wp-json\/wp\/v2\/product_tag?post=730823"}],"curies":[{"name":"wp","href":"https:\/\/api.w.org\/{rel}","templated":true}]}}