{"id":730822,"date":"2025-08-27T21:21:07","date_gmt":"2025-08-27T18:21:07","guid":{"rendered":"https:\/\/roveyayinevi.com.tr\/index.php\/urun\/one-punch-man-16\/"},"modified":"2025-12-30T10:39:47","modified_gmt":"2025-12-30T07:39:47","slug":"one-punch-man-16","status":"publish","type":"product","link":"https:\/\/roveyayinevi.com.tr\/index.php\/urun\/one-punch-man-16\/","title":{"rendered":"One Punch Man 16"},"content":{"rendered":"<p>Kar\u015f\u0131na \u00e7\u0131kan herkesin i\u015fini tek bir yumrukla bitiriyorsan hayat son derece s\u0131k\u0131c\u0131 bir \u015fey haline gelebilir. Bir dizi kahraman Garou\u2019nun etraf\u0131n\u0131 sar\u0131yor ve onu haklamak i\u00e7in hevesle kar\u015f\u0131s\u0131na dikiliyorlar. Say\u0131ca \u00e7ok \u00fcst\u00fcnler ancak Garou da \u00e7ok kuvvetli ve kahramanlar Garou\u2019yu tahmin ettikleri kadar kolayca alt edemeyecek olabilirler. Acaba aceleyle olay yerine giden Genos\u2019u nas\u0131l bir manzara bekliyor? B\u00fct\u00fcn bunlar olup biterken Saitama da kendi m\u00fccadelesini vermeye devam ediyor ve sinirleri feci halde bozulmu\u015f durumda. Kar\u015f\u0131s\u0131nda ise Kral var! <\/p>\n","protected":false},"excerpt":{"rendered":"<p>Kar\u015f\u0131na \u00e7\u0131kan herkesin i\u015fini tek bir yumrukla bitiriyorsan hayat son derece s\u0131k\u0131c\u0131 bir \u015fey haline gelebilir. Bir dizi kahraman Garou\u2019nun etraf\u0131n\u0131 sar\u0131yor ve onu haklamak i\u00e7in<span class=\"excerpt-hellip\"> [\u2026]<\/span><\/p>\n","protected":false},"featured_media":0,"template":"","meta":{"_monsterinsights_skip_tracking":false,"_monsterinsights_sitenote_active":false,"_monsterinsights_sitenote_note":"","_monsterinsights_sitenote_category":0},"product_brand":[],"product_cat":[12416,12291],"product_tag":[],"class_list":{"0":"post-730822","1":"product","2":"type-product","3":"status-publish","5":"product_cat-cizgi-roman","6":"product_cat-edebiyat","7":"pa_cilt-ciltsiz","8":"pa_tur-kitap","9":"pa_yayinevi-akil-celen-kitaplar","10":"pa_yazar-yusuke-murata","12":"first","13":"instock","14":"sale","15":"shipping-taxable","16":"purchasable","17":"product-type-simple"},"_links":{"self":[{"href":"https:\/\/roveyayinevi.com.tr\/index.php\/wp-json\/wp\/v2\/product\/730822","targetHints":{"allow":["GET"]}}],"collection":[{"href":"https:\/\/roveyayinevi.com.tr\/index.php\/wp-json\/wp\/v2\/product"}],"about":[{"href":"https:\/\/roveyayinevi.com.tr\/index.php\/wp-json\/wp\/v2\/types\/product"}],"wp:attachment":[{"href":"https:\/\/roveyayinevi.com.tr\/index.php\/wp-json\/wp\/v2\/media?parent=730822"}],"wp:term":[{"taxonomy":"product_brand","embeddable":true,"href":"https:\/\/roveyayinevi.com.tr\/index.php\/wp-json\/wp\/v2\/product_brand?post=730822"},{"taxonomy":"product_cat","embeddable":true,"href":"https:\/\/roveyayinevi.com.tr\/index.php\/wp-json\/wp\/v2\/product_cat?post=730822"},{"taxonomy":"product_tag","embeddable":true,"href":"https:\/\/roveyayinevi.com.tr\/index.php\/wp-json\/wp\/v2\/product_tag?post=730822"}],"curies":[{"name":"wp","href":"https:\/\/api.w.org\/{rel}","templated":true}]}}