{"id":730818,"date":"2025-08-27T21:21:03","date_gmt":"2025-08-27T18:21:03","guid":{"rendered":"https:\/\/roveyayinevi.com.tr\/index.php\/urun\/melek\/"},"modified":"2026-04-16T02:38:37","modified_gmt":"2026-04-15T23:38:37","slug":"melek","status":"publish","type":"product","link":"https:\/\/roveyayinevi.com.tr\/index.php\/urun\/melek\/","title":{"rendered":"Melek"},"content":{"rendered":"<p>Kaybetti\u011fi e\u015finin ac\u0131s\u0131nda bo\u011fulan gen\u00e7 bir baba&#8230; Her \u015feyden habersiz s\u0131radan bir hayat s\u00fcren masum bir kad\u0131n&#8230; Ve destans\u0131 bir kalp meselesi&#8230; Kader, Biricik ve Deniz&#8217;i talihsiz bir kaza sonucu bir araya getirmi\u015fti. \u0130kisinin de birbirlerine kar\u015f\u0131 garip bir ba\u011f\u0131 vard\u0131; birlikte de olam\u0131yorlard\u0131, birbirileri olmadan da&#8230; Peki aralar\u0131ndaki bu karma\u015fan\u0131n sebebi neydi? G\u00fcnler sonra ikisi de bunu, \u00e7ok \u00e7arp\u0131c\u0131 bir \u015fekilde \u00f6\u011freneceklerdi. Peki ya bu ger\u00e7eklerin cehenneminde yanan kim olacakt\u0131? <\/p>\n","protected":false},"excerpt":{"rendered":"<p>Kaybetti\u011fi e\u015finin ac\u0131s\u0131nda bo\u011fulan gen\u00e7 bir baba&#8230; Her \u015feyden habersiz s\u0131radan bir hayat s\u00fcren masum bir kad\u0131n&#8230; Ve destans\u0131 bir kalp meselesi&#8230; Kader, Biricik ve Deniz&#8217;i<span class=\"excerpt-hellip\"> [\u2026]<\/span><\/p>\n","protected":false},"featured_media":0,"template":"","meta":{"_monsterinsights_skip_tracking":false,"_monsterinsights_sitenote_active":false,"_monsterinsights_sitenote_note":"","_monsterinsights_sitenote_category":0},"product_brand":[],"product_cat":[12291,12711],"product_tag":[],"class_list":{"0":"post-730818","1":"product","2":"type-product","3":"status-publish","5":"product_cat-edebiyat","6":"product_cat-roman-oyku","7":"pa_cilt-ciltsiz","8":"pa_tur-kitap","9":"pa_yayinevi-luna-yayinlari","10":"pa_yazar-sema-bayramoglu","12":"first","13":"instock","14":"sale","15":"shipping-taxable","16":"purchasable","17":"product-type-simple"},"_links":{"self":[{"href":"https:\/\/roveyayinevi.com.tr\/index.php\/wp-json\/wp\/v2\/product\/730818","targetHints":{"allow":["GET"]}}],"collection":[{"href":"https:\/\/roveyayinevi.com.tr\/index.php\/wp-json\/wp\/v2\/product"}],"about":[{"href":"https:\/\/roveyayinevi.com.tr\/index.php\/wp-json\/wp\/v2\/types\/product"}],"wp:attachment":[{"href":"https:\/\/roveyayinevi.com.tr\/index.php\/wp-json\/wp\/v2\/media?parent=730818"}],"wp:term":[{"taxonomy":"product_brand","embeddable":true,"href":"https:\/\/roveyayinevi.com.tr\/index.php\/wp-json\/wp\/v2\/product_brand?post=730818"},{"taxonomy":"product_cat","embeddable":true,"href":"https:\/\/roveyayinevi.com.tr\/index.php\/wp-json\/wp\/v2\/product_cat?post=730818"},{"taxonomy":"product_tag","embeddable":true,"href":"https:\/\/roveyayinevi.com.tr\/index.php\/wp-json\/wp\/v2\/product_tag?post=730818"}],"curies":[{"name":"wp","href":"https:\/\/api.w.org\/{rel}","templated":true}]}}