{"id":730817,"date":"2025-08-27T21:21:02","date_gmt":"2025-08-27T18:21:02","guid":{"rendered":"https:\/\/roveyayinevi.com.tr\/index.php\/urun\/bulut-tarlasi\/"},"modified":"2026-04-08T02:47:20","modified_gmt":"2026-04-07T23:47:20","slug":"bulut-tarlasi","status":"publish","type":"product","link":"https:\/\/roveyayinevi.com.tr\/index.php\/urun\/bulut-tarlasi\/","title":{"rendered":"Bulut Tarlas\u0131"},"content":{"rendered":"<p>Bu masal neden \u00f6nemli? Hayaller ger\u00e7eklere kavu\u015fman\u0131n ilk ad\u0131m\u0131d\u0131r. \u00c7ocuklar bu kitaptaki kahramanlarla tan\u0131\u015farak; &#8211; Hayal etmenin, &#8211;  \u00d6zg\u00fcvenin, &#8211; Arkada\u015fl\u0131k ili\u015fkisinin, &#8211; Birlik ve beraberlik kavram\u0131n\u0131n, &#8211; Olumsuz ko\u015fullarda bile vazge\u00e7memenin, e\u011flenceli ve iyi bir \u00f6rne\u011fini g\u00f6recekler. Bulut ve arkada\u015flar\u0131 s\u0131cac\u0131k bir \u00f6yk\u00fcyle kalplerinizi \u0131s\u0131tacak. Sevde G\u00f6z\u00fckara <\/p>\n","protected":false},"excerpt":{"rendered":"<p>Bu masal neden \u00f6nemli? Hayaller ger\u00e7eklere kavu\u015fman\u0131n ilk ad\u0131m\u0131d\u0131r. \u00c7ocuklar bu kitaptaki kahramanlarla tan\u0131\u015farak; &#8211; Hayal etmenin, &#8211; \u00d6zg\u00fcvenin, &#8211; Arkada\u015fl\u0131k ili\u015fkisinin, &#8211; Birlik ve beraberlik<span class=\"excerpt-hellip\"> [\u2026]<\/span><\/p>\n","protected":false},"featured_media":0,"template":"","meta":{"_monsterinsights_skip_tracking":false,"_monsterinsights_sitenote_active":false,"_monsterinsights_sitenote_note":"","_monsterinsights_sitenote_category":0},"product_brand":[],"product_cat":[12274,12284],"product_tag":[],"class_list":{"0":"post-730817","1":"product","2":"type-product","3":"status-publish","5":"product_cat-cocuk-ve-genclik-kitaplari","6":"product_cat-hikayeler","7":"pa_cilt-ciltsiz","8":"pa_tur-kitap","9":"pa_yayinevi-luna-cocuk-yayinlari","10":"pa_yazar-sevde-gozukara","12":"first","13":"instock","14":"sale","15":"shipping-taxable","16":"purchasable","17":"product-type-simple"},"_links":{"self":[{"href":"https:\/\/roveyayinevi.com.tr\/index.php\/wp-json\/wp\/v2\/product\/730817","targetHints":{"allow":["GET"]}}],"collection":[{"href":"https:\/\/roveyayinevi.com.tr\/index.php\/wp-json\/wp\/v2\/product"}],"about":[{"href":"https:\/\/roveyayinevi.com.tr\/index.php\/wp-json\/wp\/v2\/types\/product"}],"wp:attachment":[{"href":"https:\/\/roveyayinevi.com.tr\/index.php\/wp-json\/wp\/v2\/media?parent=730817"}],"wp:term":[{"taxonomy":"product_brand","embeddable":true,"href":"https:\/\/roveyayinevi.com.tr\/index.php\/wp-json\/wp\/v2\/product_brand?post=730817"},{"taxonomy":"product_cat","embeddable":true,"href":"https:\/\/roveyayinevi.com.tr\/index.php\/wp-json\/wp\/v2\/product_cat?post=730817"},{"taxonomy":"product_tag","embeddable":true,"href":"https:\/\/roveyayinevi.com.tr\/index.php\/wp-json\/wp\/v2\/product_tag?post=730817"}],"curies":[{"name":"wp","href":"https:\/\/api.w.org\/{rel}","templated":true}]}}