{"id":730816,"date":"2025-08-27T21:21:01","date_gmt":"2025-08-27T18:21:01","guid":{"rendered":"https:\/\/roveyayinevi.com.tr\/index.php\/urun\/onder-s-a-v-ve-toleransa\/"},"modified":"2026-04-16T02:38:37","modified_gmt":"2026-04-15T23:38:37","slug":"onder-s-a-v-ve-toleransa","status":"publish","type":"product","link":"https:\/\/roveyayinevi.com.tr\/index.php\/urun\/onder-s-a-v-ve-toleransa\/","title":{"rendered":"\u00d6nder (S.A.V.) ve Toleransa"},"content":{"rendered":"<p>\u201cHayat\u0131n\u0131 inceledi\u011fimizde, yery\u00fcz\u00fcne rahmet yaymak i\u00e7in g\u00f6nderilen son el\u00e7i olan Hz. Muhammed\u2019in (s.a.v.), insanl\u0131\u011f\u0131n vicdan\u0131n\u0131 temsil etti\u011fini rahat\u00e7a g\u00f6rebiliriz.\u201d\u201cHz. Muhammed\u2019in (s.a.v.) engin affedicili\u011fi, ho\u015fg\u00f6r\u00fcs\u00fc ve anlay\u0131\u015f\u0131 \u00e7a\u011f\u0131m\u0131z M\u00fcsl\u00fcmanlar\u0131nca yeterince do\u011fru de\u011ferlendirilmi\u015f midir, bilemiyorum!E\u011fer Hz. Resul yeterince tan\u0131n\u0131yor, de\u011ferlendiriliyor ve okunuyor olsayd\u0131 M\u00fcsl\u00fcmanlar, aralar\u0131ndaki problemlerin bir\u00e7o\u011funu \u00e7\u00f6zm\u00fc\u015f olurlard\u0131. Dahas\u0131 radikal okumalar\u0131n \u00f6n\u00fc de kapanm\u0131\u015f olurdu.D\u00fcnya bug\u00fcn bir Hz. Muhammed (s.a.v.) tavr\u0131na muhta\u00e7t\u0131r. Kavgalar\u0131n, cinayetlerin, savrulmalar\u0131n, haz\u0131ms\u0131zl\u0131klar\u0131n tavan yapt\u0131\u011f\u0131, herkesin kendi mahallesini temize \u00e7\u0131karmaya \u00e7abalad\u0131\u011f\u0131 \u015fu y\u0131lg\u0131n d\u00fcnyam\u0131zda Hz. Muhammed (s.a.v.) kurtulu\u015f, sevgi, anlay\u0131\u015f ve merhamet ad\u0131na bir iksirdir.Bug\u00fcn art\u0131k hem M\u00fcsl\u00fcman toplumlara hem de gayrim\u00fcslimlere Hz. Muhammed\u2019i (s.a.v.) anlatmak, tan\u0131tmak zaman\u0131d\u0131r. A\u00e7\u0131k ve net \u00f6rneklerle.Elinizdeki kitap dilerim bu bak\u0131\u015f tarz\u0131n\u0131 yans\u0131tacak yeni \u00e7al\u0131\u015fmalara vesile olur, kap\u0131 a\u00e7ar.\u201d-Prof. Dr. Nihat Hatipo\u011flu<\/p>\n","protected":false},"excerpt":{"rendered":"<p>\u201cHayat\u0131n\u0131 inceledi\u011fimizde, yery\u00fcz\u00fcne rahmet yaymak i\u00e7in g\u00f6nderilen son el\u00e7i olan Hz. Muhammed\u2019in (s.a.v.), insanl\u0131\u011f\u0131n vicdan\u0131n\u0131 temsil etti\u011fini rahat\u00e7a g\u00f6rebiliriz.\u201d\u201cHz. Muhammed\u2019in (s.a.v.) engin affedicili\u011fi, ho\u015fg\u00f6r\u00fcs\u00fc ve anlay\u0131\u015f\u0131<span class=\"excerpt-hellip\"> [\u2026]<\/span><\/p>\n","protected":false},"featured_media":0,"template":"","meta":{"_monsterinsights_skip_tracking":false,"_monsterinsights_sitenote_active":false,"_monsterinsights_sitenote_note":"","_monsterinsights_sitenote_category":0},"product_brand":[],"product_cat":[13036,12718,12719],"product_tag":[],"class_list":{"0":"post-730816","1":"product","2":"type-product","3":"status-publish","5":"product_cat-arastirma-inceleme-islam","6":"product_cat-din","7":"product_cat-islam","8":"pa_cilt-ciltsiz","9":"pa_tur-kitap","10":"pa_yayinevi-turkuvaz-kitap","11":"pa_yazar-nihat-hatipoglu","13":"first","14":"instock","15":"sale","16":"shipping-taxable","17":"purchasable","18":"product-type-simple"},"_links":{"self":[{"href":"https:\/\/roveyayinevi.com.tr\/index.php\/wp-json\/wp\/v2\/product\/730816","targetHints":{"allow":["GET"]}}],"collection":[{"href":"https:\/\/roveyayinevi.com.tr\/index.php\/wp-json\/wp\/v2\/product"}],"about":[{"href":"https:\/\/roveyayinevi.com.tr\/index.php\/wp-json\/wp\/v2\/types\/product"}],"wp:attachment":[{"href":"https:\/\/roveyayinevi.com.tr\/index.php\/wp-json\/wp\/v2\/media?parent=730816"}],"wp:term":[{"taxonomy":"product_brand","embeddable":true,"href":"https:\/\/roveyayinevi.com.tr\/index.php\/wp-json\/wp\/v2\/product_brand?post=730816"},{"taxonomy":"product_cat","embeddable":true,"href":"https:\/\/roveyayinevi.com.tr\/index.php\/wp-json\/wp\/v2\/product_cat?post=730816"},{"taxonomy":"product_tag","embeddable":true,"href":"https:\/\/roveyayinevi.com.tr\/index.php\/wp-json\/wp\/v2\/product_tag?post=730816"}],"curies":[{"name":"wp","href":"https:\/\/api.w.org\/{rel}","templated":true}]}}