{"id":730812,"date":"2025-08-27T21:20:57","date_gmt":"2025-08-27T18:20:57","guid":{"rendered":"https:\/\/roveyayinevi.com.tr\/index.php\/urun\/anne-ben-balik-miyim\/"},"modified":"2026-04-16T02:38:37","modified_gmt":"2026-04-15T23:38:37","slug":"anne-ben-balik-miyim","status":"publish","type":"product","link":"https:\/\/roveyayinevi.com.tr\/index.php\/urun\/anne-ben-balik-miyim\/","title":{"rendered":"Anne Ben Bal\u0131k M\u0131y\u0131m?"},"content":{"rendered":"<p>Y\u0131llar \u00f6nce T\u00fcrk\u00e7e\u2019mizin en g\u00f6rkemli \u00e7ocuk \u015fairi Faz\u0131l H\u00fcsn\u00fc Da\u011flarca\u2019y\u0131 evinde ziyaret etmi\u015ftim. Sizler i\u00e7in yazd\u0131\u011f\u0131 \u015fiirlerinden okumam\u0131 isteyince ne kadar heyecanland\u0131\u011f\u0131m\u0131 anlatamam size!\u00d6nce b\u00fcy\u00fck \u015fairimizin birka\u00e7 \u015fiirini okudum. Hemen ard\u0131ndan kur\u015fun kalemle yazd\u0131\u011f\u0131m iki \u015fiirimi \u00e7antamdan \u00e7\u0131kar\u0131p okudum ve bekledim. Heyecanl\u0131 bekleyi\u015fimin sonunda, Da\u011flarca, g\u00f6zlerimin i\u00e7ine bakarak \u015funlar\u0131 s\u00f6yledi:\u201c\u00c7ocu\u011fun bakt\u0131\u011f\u0131 yerden bakmal\u0131s\u0131n hep. S\u00f6zc\u00fckler g\u00f6zleriniz olsun. Baz\u0131 \u015fiirler b\u00fcy\u00fcmemeyi se\u00e7erler. \u0130lk ya\u015flarda durarak var ederler kendilerini. \u015eiirlerini \u00e7ocuklar\u0131n okumas\u0131n\u0131 istiyorsan k\u00fc\u00e7\u00fck ya\u015flarda kalmak isteyen \u015fiirler yazmal\u0131s\u0131n\u2026\u201dAnne Ben Bal\u0131k m\u0131y\u0131m? \u015fiir se\u00e7kisi, \u00e7ocuk edebiyat\u0131m\u0131z\u0131n \u00f6nc\u00fc yazarlar\u0131ndan \u015fair Mustafa Ruhi \u015eirin\u2019in k\u0131rk be\u015f y\u0131l boyunca \u00e7ocuklar i\u00e7in yazd\u0131\u011f\u0131 \u015fiirlerden olu\u015fuyor. Kitaptaki \u015fiirlerin i\u00e7inizdeki \u015fairi uyand\u0131rmas\u0131 dile\u011fiyle\u2026<\/p>\n","protected":false},"excerpt":{"rendered":"<p>Y\u0131llar \u00f6nce T\u00fcrk\u00e7e\u2019mizin en g\u00f6rkemli \u00e7ocuk \u015fairi Faz\u0131l H\u00fcsn\u00fc Da\u011flarca\u2019y\u0131 evinde ziyaret etmi\u015ftim. Sizler i\u00e7in yazd\u0131\u011f\u0131 \u015fiirlerinden okumam\u0131 isteyince ne kadar heyecanland\u0131\u011f\u0131m\u0131 anlatamam size!\u00d6nce b\u00fcy\u00fck \u015fairimizin<span class=\"excerpt-hellip\"> [\u2026]<\/span><\/p>\n","protected":false},"featured_media":0,"template":"","meta":{"_monsterinsights_skip_tracking":false,"_monsterinsights_sitenote_active":false,"_monsterinsights_sitenote_note":"","_monsterinsights_sitenote_category":0},"product_brand":[],"product_cat":[12274,12631],"product_tag":[],"class_list":{"0":"post-730812","1":"product","2":"type-product","3":"status-publish","5":"product_cat-cocuk-ve-genclik-kitaplari","6":"product_cat-diger-cocuk-ve-genclik-kitaplari","7":"pa_cilt-ciltsiz","8":"pa_tur-kitap","9":"pa_yayinevi-turkuvaz-kitap","10":"pa_yazar-mustafa-ruhi-sirin","12":"first","13":"instock","14":"sale","15":"shipping-taxable","16":"purchasable","17":"product-type-simple"},"_links":{"self":[{"href":"https:\/\/roveyayinevi.com.tr\/index.php\/wp-json\/wp\/v2\/product\/730812","targetHints":{"allow":["GET"]}}],"collection":[{"href":"https:\/\/roveyayinevi.com.tr\/index.php\/wp-json\/wp\/v2\/product"}],"about":[{"href":"https:\/\/roveyayinevi.com.tr\/index.php\/wp-json\/wp\/v2\/types\/product"}],"wp:attachment":[{"href":"https:\/\/roveyayinevi.com.tr\/index.php\/wp-json\/wp\/v2\/media?parent=730812"}],"wp:term":[{"taxonomy":"product_brand","embeddable":true,"href":"https:\/\/roveyayinevi.com.tr\/index.php\/wp-json\/wp\/v2\/product_brand?post=730812"},{"taxonomy":"product_cat","embeddable":true,"href":"https:\/\/roveyayinevi.com.tr\/index.php\/wp-json\/wp\/v2\/product_cat?post=730812"},{"taxonomy":"product_tag","embeddable":true,"href":"https:\/\/roveyayinevi.com.tr\/index.php\/wp-json\/wp\/v2\/product_tag?post=730812"}],"curies":[{"name":"wp","href":"https:\/\/api.w.org\/{rel}","templated":true}]}}