{"id":730810,"date":"2025-08-27T21:20:55","date_gmt":"2025-08-27T18:20:55","guid":{"rendered":"https:\/\/roveyayinevi.com.tr\/index.php\/urun\/izotonik-iceceklerin-sporcularda-dayaniklilik-performansi-ve-toparlanma-seviyeleri-uzerine-etkileri\/"},"modified":"2026-04-16T02:38:37","modified_gmt":"2026-04-15T23:38:37","slug":"izotonik-iceceklerin-sporcularda-dayaniklilik-performansi-ve-toparlanma-seviyeleri-uzerine-etkileri","status":"publish","type":"product","link":"https:\/\/roveyayinevi.com.tr\/index.php\/urun\/izotonik-iceceklerin-sporcularda-dayaniklilik-performansi-ve-toparlanma-seviyeleri-uzerine-etkileri\/","title":{"rendered":"\u0130zotonik \u0130\u00e7eceklerin Sporcularda Dayan\u0131kl\u0131l\u0131k Performans\u0131 Ve Toparlanma Seviyeleri \u00dczerine Etkileri"},"content":{"rendered":"<p>\u0130\u00e7indekiler 1.G\u0130R\u0130\u015e 2. GENEL B\u0130LG\u0130LER 2.1.Dehidrasyon 2.2.Rehidrasyon 2.3.Spor \u0130\u00e7ecekleri 2.4.Egzersiz S\u0131ras\u0131nda Kullan\u0131lan Enerji Sistemleri 2.5.Maksimal Oksijen T\u00fcketim Kapasitesi (VO2max) 2.6.Laktat Metabolizmas\u0131 2.7.Laktat ve Egzersiz 2.8.Kalp At\u0131m Say\u0131s\u0131 ve Fiziksel Egzersiz 2.9.Anaerobik E\u015fik 2.10.Toparlanma 2.11.Toparlanma \u00d6nlemleri ve Y\u00f6ntemleri 2.12.Egzersiz Sonras\u0131 Toparlanma S\u00fcreci 3.Gere\u00e7 Ve Y\u00f6ntem 3.1.Ara\u015ft\u0131rma Grubu 3.2.Test Protokol\u00fc 3.3 Veri Toplama Ara\u00e7lar\u0131 3.4.\u0130statistiksel Analiz 4.Bulgular 5.Tart\u0131\u015fma 6.Sonu\u00e7 Ve \u00d6neriler <\/p>\n","protected":false},"excerpt":{"rendered":"<p>\u0130\u00e7indekiler 1.G\u0130R\u0130\u015e 2. GENEL B\u0130LG\u0130LER 2.1.Dehidrasyon 2.2.Rehidrasyon 2.3.Spor \u0130\u00e7ecekleri 2.4.Egzersiz S\u0131ras\u0131nda Kullan\u0131lan Enerji Sistemleri 2.5.Maksimal Oksijen T\u00fcketim Kapasitesi (VO2max) 2.6.Laktat Metabolizmas\u0131 2.7.Laktat ve Egzersiz 2.8.Kalp At\u0131m<span class=\"excerpt-hellip\"> [\u2026]<\/span><\/p>\n","protected":false},"featured_media":0,"template":"","meta":{"_monsterinsights_skip_tracking":false,"_monsterinsights_sitenote_active":false,"_monsterinsights_sitenote_note":"","_monsterinsights_sitenote_category":0},"product_brand":[],"product_cat":[12573,12566],"product_tag":[],"class_list":{"0":"post-730810","1":"product","2":"type-product","3":"status-publish","5":"product_cat-akademik-kitaplar","6":"product_cat-egitim","7":"pa_cilt-ciltsiz","8":"pa_tur-kitap","9":"pa_yayinevi-gazi-kitabevi","10":"pa_yazar-filiz-fatma-colakoglu","12":"first","13":"instock","14":"sale","15":"shipping-taxable","16":"purchasable","17":"product-type-simple"},"_links":{"self":[{"href":"https:\/\/roveyayinevi.com.tr\/index.php\/wp-json\/wp\/v2\/product\/730810","targetHints":{"allow":["GET"]}}],"collection":[{"href":"https:\/\/roveyayinevi.com.tr\/index.php\/wp-json\/wp\/v2\/product"}],"about":[{"href":"https:\/\/roveyayinevi.com.tr\/index.php\/wp-json\/wp\/v2\/types\/product"}],"wp:attachment":[{"href":"https:\/\/roveyayinevi.com.tr\/index.php\/wp-json\/wp\/v2\/media?parent=730810"}],"wp:term":[{"taxonomy":"product_brand","embeddable":true,"href":"https:\/\/roveyayinevi.com.tr\/index.php\/wp-json\/wp\/v2\/product_brand?post=730810"},{"taxonomy":"product_cat","embeddable":true,"href":"https:\/\/roveyayinevi.com.tr\/index.php\/wp-json\/wp\/v2\/product_cat?post=730810"},{"taxonomy":"product_tag","embeddable":true,"href":"https:\/\/roveyayinevi.com.tr\/index.php\/wp-json\/wp\/v2\/product_tag?post=730810"}],"curies":[{"name":"wp","href":"https:\/\/api.w.org\/{rel}","templated":true}]}}