{"id":730809,"date":"2025-08-27T21:20:55","date_gmt":"2025-08-27T18:20:55","guid":{"rendered":"https:\/\/roveyayinevi.com.tr\/index.php\/urun\/denetim-komitesinin-finansal-raporlama-kalitesi-uzerindeki-etkisi\/"},"modified":"2026-04-16T02:38:37","modified_gmt":"2026-04-15T23:38:37","slug":"denetim-komitesinin-finansal-raporlama-kalitesi-uzerindeki-etkisi","status":"publish","type":"product","link":"https:\/\/roveyayinevi.com.tr\/index.php\/urun\/denetim-komitesinin-finansal-raporlama-kalitesi-uzerindeki-etkisi\/","title":{"rendered":"Denetim Komitesinin Finansal Raporlama Kalitesi \u00dczerindeki Etkisi"},"content":{"rendered":"<p>\u0130\u00e7indekiler Birinci B\u00f6l\u00fcm \u00c7al\u0131\u015fma \u0130le \u0130lgili Teorik \u00c7er\u00e7eve \u0130kinci B\u00f6l\u00fcm Denetim Komitesi \u00dc\u00e7\u00fcnc\u00fc B\u00f6l\u00fcm Finansal Raporlama Kalitesi D\u00f6rd\u00fcnc\u00fc B\u00f6l\u00fcm Denetim Komitesinin Finansal Raporlama Kalitesi \u00dczerindeki Etkisinin \u0130ncelenmesi: B\u0130ST Uygulamas\u0131 <\/p>\n","protected":false},"excerpt":{"rendered":"<p>\u0130\u00e7indekiler Birinci B\u00f6l\u00fcm \u00c7al\u0131\u015fma \u0130le \u0130lgili Teorik \u00c7er\u00e7eve \u0130kinci B\u00f6l\u00fcm Denetim Komitesi \u00dc\u00e7\u00fcnc\u00fc B\u00f6l\u00fcm Finansal Raporlama Kalitesi D\u00f6rd\u00fcnc\u00fc B\u00f6l\u00fcm Denetim Komitesinin Finansal Raporlama Kalitesi \u00dczerindeki Etkisinin<span class=\"excerpt-hellip\"> [\u2026]<\/span><\/p>\n","protected":false},"featured_media":0,"template":"","meta":{"_monsterinsights_skip_tracking":false,"_monsterinsights_sitenote_active":false,"_monsterinsights_sitenote_note":"","_monsterinsights_sitenote_category":0},"product_brand":[],"product_cat":[14841,13043],"product_tag":[],"class_list":{"0":"post-730809","1":"product","2":"type-product","3":"status-publish","5":"product_cat-arastirma-inceleme-kuram","6":"product_cat-ekonomi","7":"pa_cilt-ciltsiz","8":"pa_tur-kitap","9":"pa_yayinevi-gazi-kitabevi","10":"pa_yazar-irem-dogan-semra-oncu","12":"first","13":"instock","14":"sale","15":"shipping-taxable","16":"purchasable","17":"product-type-simple"},"_links":{"self":[{"href":"https:\/\/roveyayinevi.com.tr\/index.php\/wp-json\/wp\/v2\/product\/730809","targetHints":{"allow":["GET"]}}],"collection":[{"href":"https:\/\/roveyayinevi.com.tr\/index.php\/wp-json\/wp\/v2\/product"}],"about":[{"href":"https:\/\/roveyayinevi.com.tr\/index.php\/wp-json\/wp\/v2\/types\/product"}],"wp:attachment":[{"href":"https:\/\/roveyayinevi.com.tr\/index.php\/wp-json\/wp\/v2\/media?parent=730809"}],"wp:term":[{"taxonomy":"product_brand","embeddable":true,"href":"https:\/\/roveyayinevi.com.tr\/index.php\/wp-json\/wp\/v2\/product_brand?post=730809"},{"taxonomy":"product_cat","embeddable":true,"href":"https:\/\/roveyayinevi.com.tr\/index.php\/wp-json\/wp\/v2\/product_cat?post=730809"},{"taxonomy":"product_tag","embeddable":true,"href":"https:\/\/roveyayinevi.com.tr\/index.php\/wp-json\/wp\/v2\/product_tag?post=730809"}],"curies":[{"name":"wp","href":"https:\/\/api.w.org\/{rel}","templated":true}]}}