{"id":730808,"date":"2025-08-27T21:20:54","date_gmt":"2025-08-27T18:20:54","guid":{"rendered":"https:\/\/roveyayinevi.com.tr\/index.php\/urun\/cok-kriterli-karar-verme-yontemleri-ile-illerin-yatirim-ortamlarinin-karsilastirilmasi\/"},"modified":"2026-04-16T02:38:37","modified_gmt":"2026-04-15T23:38:37","slug":"cok-kriterli-karar-verme-yontemleri-ile-illerin-yatirim-ortamlarinin-karsilastirilmasi","status":"publish","type":"product","link":"https:\/\/roveyayinevi.com.tr\/index.php\/urun\/cok-kriterli-karar-verme-yontemleri-ile-illerin-yatirim-ortamlarinin-karsilastirilmasi\/","title":{"rendered":"\u00c7ok Kriterli Karar Verme Y\u00f6ntemleri \u0130le \u0130llerin Yat\u0131r\u0131m Ortamlar\u0131n\u0131n Kar\u015f\u0131la\u015ft\u0131r\u0131lmas\u0131"},"content":{"rendered":"<p>\u0130\u00e7indekiler B\u00f6l\u00fcm I \u2013 Giri\u015f B\u00f6l\u00fcm II \u2013 Yat\u0131r\u0131m Ortam\u0131na Genel Bak\u0131\u015f B\u00f6l\u00fcm III \u2013 D\u00fcnya\u2019da Ve T\u00fcrkiye\u2019de Yat\u0131r\u0131m Ortam\u0131 B\u00f6l\u00fcm IV \u2013 \u00c7ok Kriterli Karar Verme Y\u00f6ntemleri B\u00f6l\u00fcm V \u2013 Y\u00f6ntem B\u00f6l\u00fcm VI \u2013 Bulgular B\u00f6l\u00fcm VII \u2013 Sonu\u00e7 Ve \u00d6neriler <\/p>\n","protected":false},"excerpt":{"rendered":"<p>\u0130\u00e7indekiler B\u00f6l\u00fcm I \u2013 Giri\u015f B\u00f6l\u00fcm II \u2013 Yat\u0131r\u0131m Ortam\u0131na Genel Bak\u0131\u015f B\u00f6l\u00fcm III \u2013 D\u00fcnya\u2019da Ve T\u00fcrkiye\u2019de Yat\u0131r\u0131m Ortam\u0131 B\u00f6l\u00fcm IV \u2013 \u00c7ok Kriterli Karar<span class=\"excerpt-hellip\"> [\u2026]<\/span><\/p>\n","protected":false},"featured_media":0,"template":"","meta":{"_monsterinsights_skip_tracking":false,"_monsterinsights_sitenote_active":false,"_monsterinsights_sitenote_note":"","_monsterinsights_sitenote_category":0},"product_brand":[],"product_cat":[13043,19008],"product_tag":[],"class_list":{"0":"post-730808","1":"product","2":"type-product","3":"status-publish","5":"product_cat-ekonomi","6":"product_cat-yonetim","7":"pa_cilt-ciltsiz","8":"pa_tur-kitap","9":"pa_yayinevi-gazi-kitabevi","10":"pa_yazar-muhammed-cubuk","12":"first","13":"instock","14":"sale","15":"shipping-taxable","16":"purchasable","17":"product-type-simple"},"_links":{"self":[{"href":"https:\/\/roveyayinevi.com.tr\/index.php\/wp-json\/wp\/v2\/product\/730808","targetHints":{"allow":["GET"]}}],"collection":[{"href":"https:\/\/roveyayinevi.com.tr\/index.php\/wp-json\/wp\/v2\/product"}],"about":[{"href":"https:\/\/roveyayinevi.com.tr\/index.php\/wp-json\/wp\/v2\/types\/product"}],"wp:attachment":[{"href":"https:\/\/roveyayinevi.com.tr\/index.php\/wp-json\/wp\/v2\/media?parent=730808"}],"wp:term":[{"taxonomy":"product_brand","embeddable":true,"href":"https:\/\/roveyayinevi.com.tr\/index.php\/wp-json\/wp\/v2\/product_brand?post=730808"},{"taxonomy":"product_cat","embeddable":true,"href":"https:\/\/roveyayinevi.com.tr\/index.php\/wp-json\/wp\/v2\/product_cat?post=730808"},{"taxonomy":"product_tag","embeddable":true,"href":"https:\/\/roveyayinevi.com.tr\/index.php\/wp-json\/wp\/v2\/product_tag?post=730808"}],"curies":[{"name":"wp","href":"https:\/\/api.w.org\/{rel}","templated":true}]}}