{"id":730807,"date":"2025-08-27T21:20:53","date_gmt":"2025-08-27T18:20:53","guid":{"rendered":"https:\/\/roveyayinevi.com.tr\/index.php\/urun\/aile-yazilari\/"},"modified":"2026-02-23T11:43:20","modified_gmt":"2026-02-23T08:43:20","slug":"aile-yazilari","status":"publish","type":"product","link":"https:\/\/roveyayinevi.com.tr\/index.php\/urun\/aile-yazilari\/","title":{"rendered":"Aile Yaz\u0131lar\u0131"},"content":{"rendered":"<p>\u0130\u00e7indekiler Aile Kurumunun Tarihsel Geli\u015fimi Aile Yap\u0131s\u0131 Ve Aile T\u00fcrleri Aileye \u0130li\u015fkin Kuramsal Yakla\u015f\u0131mlar Aile Ve Toplumsal Cinsiyet Aile \u0130\u00e7i \u015eiddet Aile \u0130\u00e7i \u015eiddetin K\u00fclt\u00fcrel Dinamikleri Ataerkil K\u00fclt\u00fcr Ve Aile Aileye Alternatif Ya\u015fam Bi\u00e7imleri D\u00fcnyada Ve T\u00fcrkiye\u2019de Aile Bo\u015fanma S\u00fcrecinde Ve Sonras\u0131nda Kad\u0131n \u00dcniversite Gen\u00e7li\u011fi Ve Aile Ge\u00e7mi\u015ften G\u00fcn\u00fcm\u00fcze T\u00fcrk Aile Yap\u0131s\u0131 \u00c7ocuk Su\u00e7lulu\u011fu Ve Aile D\u00fc\u015f\u00fck \u00dccret Ve Olumsuz \u00c7al\u0131\u015fma Ko\u015fullar\u0131n\u0131n Aile \u0130\u00e7i \u0130li\u015fkilere Etkisi \u00dccretli Bir \u0130\u015fte \u00c7al\u0131\u015fman\u0131n Kad\u0131n\u0131n Sosyal Konumuna Etkisi <\/p>\n","protected":false},"excerpt":{"rendered":"<p>\u0130\u00e7indekiler Aile Kurumunun Tarihsel Geli\u015fimi Aile Yap\u0131s\u0131 Ve Aile T\u00fcrleri Aileye \u0130li\u015fkin Kuramsal Yakla\u015f\u0131mlar Aile Ve Toplumsal Cinsiyet Aile \u0130\u00e7i \u015eiddet Aile \u0130\u00e7i \u015eiddetin K\u00fclt\u00fcrel Dinamikleri<span class=\"excerpt-hellip\"> [\u2026]<\/span><\/p>\n","protected":false},"featured_media":0,"template":"","meta":{"_monsterinsights_skip_tracking":false,"_monsterinsights_sitenote_active":false,"_monsterinsights_sitenote_note":"","_monsterinsights_sitenote_category":0},"product_brand":[],"product_cat":[12831,12324],"product_tag":[],"class_list":{"0":"post-730807","1":"product","2":"type-product","3":"status-publish","5":"product_cat-aile-ve-cocuk","6":"product_cat-sosyoloji","7":"pa_cilt-ciltsiz","8":"pa_tur-kitap","9":"pa_yayinevi-gazi-kitabevi","10":"pa_yazar-yucel-can","12":"first","13":"instock","14":"sale","15":"shipping-taxable","16":"purchasable","17":"product-type-simple"},"_links":{"self":[{"href":"https:\/\/roveyayinevi.com.tr\/index.php\/wp-json\/wp\/v2\/product\/730807","targetHints":{"allow":["GET"]}}],"collection":[{"href":"https:\/\/roveyayinevi.com.tr\/index.php\/wp-json\/wp\/v2\/product"}],"about":[{"href":"https:\/\/roveyayinevi.com.tr\/index.php\/wp-json\/wp\/v2\/types\/product"}],"wp:attachment":[{"href":"https:\/\/roveyayinevi.com.tr\/index.php\/wp-json\/wp\/v2\/media?parent=730807"}],"wp:term":[{"taxonomy":"product_brand","embeddable":true,"href":"https:\/\/roveyayinevi.com.tr\/index.php\/wp-json\/wp\/v2\/product_brand?post=730807"},{"taxonomy":"product_cat","embeddable":true,"href":"https:\/\/roveyayinevi.com.tr\/index.php\/wp-json\/wp\/v2\/product_cat?post=730807"},{"taxonomy":"product_tag","embeddable":true,"href":"https:\/\/roveyayinevi.com.tr\/index.php\/wp-json\/wp\/v2\/product_tag?post=730807"}],"curies":[{"name":"wp","href":"https:\/\/api.w.org\/{rel}","templated":true}]}}