{"id":730806,"date":"2025-08-27T21:20:52","date_gmt":"2025-08-27T18:20:52","guid":{"rendered":"https:\/\/roveyayinevi.com.tr\/index.php\/urun\/firatin-uzay-problemi\/"},"modified":"2026-04-16T02:38:37","modified_gmt":"2026-04-15T23:38:37","slug":"firatin-uzay-problemi","status":"publish","type":"product","link":"https:\/\/roveyayinevi.com.tr\/index.php\/urun\/firatin-uzay-problemi\/","title":{"rendered":"F\u0131rat\u2019\u0131n Uzay Problemi"},"content":{"rendered":"<p>F\u0131rat ile Irmak ikiz karde\u015fler, ikizler ama d\u0131\u015f g\u00f6r\u00fcn\u00fc\u015fleri tamam\u0131yla farkl\u0131. F\u0131rat teknoloji merakl\u0131s\u0131, \u00e7ok sevdi\u011fi bir de kuzeni var: Alp. Onunla bir araya geldiklerinde tabletlerinde oyun oynamaktan ba\u015fka bir \u015fey yapm\u0131yorlar. Saatlerce tablet ba\u015f\u0131nda kalmalar\u0131, g\u00f6zlerinin ba\u015fka bir \u015fey g\u00f6rmemesi elbette anne-babalar\u0131n\u0131n ho\u015funa gitmiyor. Onlar\u0131n biraz da d\u0131\u015f d\u00fcnyayla, insanlarla, do\u011fayla ilgilenmelerini, a\u00e7\u0131k havada farkl\u0131 \u015feylerle u\u011fra\u015fmalar\u0131n\u0131 sa\u011flamak i\u00e7in m\u00fcthi\u015f bir plan haz\u0131rl\u0131yorlar. \u00c7ocuklar\u0131 al\u0131p tatile \u00e7\u0131k\u0131yorlar ama daha deniz kenar\u0131ndaki k\u00f6ye var\u0131r varmaz i\u015fleri \u00e7\u0131kt\u0131\u011f\u0131 i\u00e7in \u00e7ocuklar\u0131 orada b\u0131rak\u0131p kente d\u00f6n\u00fcyorlar. K\u00f6yde kalan \u00fc\u00e7 kafadar ise nas\u0131l bir oyunun i\u00e7ine itildiklerini anlam\u0131yorlar. Elvin \u00d6ven\u2019in keyifli matematik sorular\u0131yla s\u00fcslenen bu ser\u00fcven gen\u00e7 okurlara tablet ve bilgisayar d\u0131\u015f\u0131nda da bir d\u00fcnya oldu\u011funu g\u00f6steriyor.<\/p>\n","protected":false},"excerpt":{"rendered":"<p>F\u0131rat ile Irmak ikiz karde\u015fler, ikizler ama d\u0131\u015f g\u00f6r\u00fcn\u00fc\u015fleri tamam\u0131yla farkl\u0131. F\u0131rat teknoloji merakl\u0131s\u0131, \u00e7ok sevdi\u011fi bir de kuzeni var: Alp. Onunla bir araya geldiklerinde tabletlerinde<span class=\"excerpt-hellip\"> [\u2026]<\/span><\/p>\n","protected":false},"featured_media":0,"template":"","meta":{"_monsterinsights_skip_tracking":false,"_monsterinsights_sitenote_active":false,"_monsterinsights_sitenote_note":"","_monsterinsights_sitenote_category":0},"product_brand":[],"product_cat":[12275,12274],"product_tag":[],"class_list":{"0":"post-730806","1":"product","2":"type-product","3":"status-publish","5":"product_cat-6-12-yas-kitaplari","6":"product_cat-cocuk-ve-genclik-kitaplari","7":"pa_cilt-ciltsiz","8":"pa_tur-kitap","9":"pa_yayinevi-sia-kitap","10":"pa_yazar-elvin-oven","12":"first","13":"instock","14":"sale","15":"shipping-taxable","16":"purchasable","17":"product-type-simple"},"_links":{"self":[{"href":"https:\/\/roveyayinevi.com.tr\/index.php\/wp-json\/wp\/v2\/product\/730806","targetHints":{"allow":["GET"]}}],"collection":[{"href":"https:\/\/roveyayinevi.com.tr\/index.php\/wp-json\/wp\/v2\/product"}],"about":[{"href":"https:\/\/roveyayinevi.com.tr\/index.php\/wp-json\/wp\/v2\/types\/product"}],"wp:attachment":[{"href":"https:\/\/roveyayinevi.com.tr\/index.php\/wp-json\/wp\/v2\/media?parent=730806"}],"wp:term":[{"taxonomy":"product_brand","embeddable":true,"href":"https:\/\/roveyayinevi.com.tr\/index.php\/wp-json\/wp\/v2\/product_brand?post=730806"},{"taxonomy":"product_cat","embeddable":true,"href":"https:\/\/roveyayinevi.com.tr\/index.php\/wp-json\/wp\/v2\/product_cat?post=730806"},{"taxonomy":"product_tag","embeddable":true,"href":"https:\/\/roveyayinevi.com.tr\/index.php\/wp-json\/wp\/v2\/product_tag?post=730806"}],"curies":[{"name":"wp","href":"https:\/\/api.w.org\/{rel}","templated":true}]}}