{"id":730803,"date":"2025-08-27T21:20:50","date_gmt":"2025-08-27T18:20:50","guid":{"rendered":"https:\/\/roveyayinevi.com.tr\/index.php\/urun\/dahiler-sinifi-arsimet-sayilarin-buyucusu\/"},"modified":"2026-04-16T02:38:37","modified_gmt":"2026-04-15T23:38:37","slug":"dahiler-sinifi-arsimet-sayilarin-buyucusu","status":"publish","type":"product","link":"https:\/\/roveyayinevi.com.tr\/index.php\/urun\/dahiler-sinifi-arsimet-sayilarin-buyucusu\/","title":{"rendered":"Dahiler S\u0131n\u0131f\u0131 &#8211; Ar\u015fimet Say\u0131lar\u0131n B\u00fcy\u00fcc\u00fcs\u00fc"},"content":{"rendered":"<p>Antik \u00c7a\u011f\u2019\u0131n en b\u00fcy\u00fck bilgininin inan\u0131lmaz hik\u00e2yesi. Yemek yemeyi ve y\u0131kanmay\u0131 unutan, ama elindeki pergelle d\u00fcnyay\u0131 sonsuza dek de\u011fi\u015ftiren s\u0131ra d\u0131\u015f\u0131 ve gizemli bir d\u00e2hi.   B\u00fcy\u00fck ilgi g\u00f6ren D\u00e2hiler S\u0131n\u0131f\u0131 serisi AR\u015e\u0130MET: SAYILARIN B\u00dcY\u00dcC\u00dcS\u00dc ile devam ediyor.   D\u00e2hiler S\u0131n\u0131f\u0131 Serisi Hakk\u0131nda: Bunlar, her biri kendi y\u00f6ntemiyle; kelimeleriyle, icatlar\u0131yla, se\u00e7imleriyle ve hatta kaderleriyle d\u00fcnyay\u0131 de\u011fi\u015ftirmi\u015f kad\u0131nlar\u0131n ve erkeklerin hayat hik\u00e2yeleri; \u015fa\u015fk\u0131nl\u0131k ve hayranl\u0131k duyman\u0131z\u0131 sa\u011flayacak, hayal g\u00fcc\u00fc ve merak duygunuzu harekete ge\u00e7irecek b\u00fcy\u00fcleyici hik\u00e2yeler. D\u00e2hiler S\u0131n\u0131f\u0131 serisi bu \u00f6zel insanlar\u0131 \u00e7ocuklarla (9 ya\u015f ve \u00fcst\u00fc) tan\u0131\u015ft\u0131rmak \u00fczere tasarland\u0131. \u0130lk olarak yay\u0131mland\u0131\u011f\u0131 \u0130talya\u2019da b\u00fcy\u00fck \u00f6vg\u00fc toplayan ve ard\u0131ndan pek \u00e7ok dile \u00e7evrilen D\u00e2hiler S\u0131n\u0131f\u0131, minik ebad\u0131, renkli ill\u00fcstrasyonlar\u0131, bilgiyi heyecan ve macerayla birle\u015ftiren anlat\u0131m\u0131yla \u00e7ocuklar\u0131n kolay okuyaca\u011f\u0131, zor unutaca\u011f\u0131, onlara \u00f6\u011frendiklerinden daha da fazlas\u0131n\u0131 merak ettirecek bir seri. <\/p>\n","protected":false},"excerpt":{"rendered":"<p>Antik \u00c7a\u011f\u2019\u0131n en b\u00fcy\u00fck bilgininin inan\u0131lmaz hik\u00e2yesi. Yemek yemeyi ve y\u0131kanmay\u0131 unutan, ama elindeki pergelle d\u00fcnyay\u0131 sonsuza dek de\u011fi\u015ftiren s\u0131ra d\u0131\u015f\u0131 ve gizemli bir d\u00e2hi. B\u00fcy\u00fck<span class=\"excerpt-hellip\"> [\u2026]<\/span><\/p>\n","protected":false},"featured_media":0,"template":"","meta":{"_monsterinsights_skip_tracking":false,"_monsterinsights_sitenote_active":false,"_monsterinsights_sitenote_note":"","_monsterinsights_sitenote_category":0},"product_brand":[],"product_cat":[12275,12274],"product_tag":[],"class_list":{"0":"post-730803","1":"product","2":"type-product","3":"status-publish","5":"product_cat-6-12-yas-kitaplari","6":"product_cat-cocuk-ve-genclik-kitaplari","7":"pa_cilt-ciltsiz","8":"pa_tur-kitap","9":"pa_yayinevi-domingo-yayinevi","10":"pa_yazar-tommaso-percivale","12":"first","13":"instock","14":"sale","15":"shipping-taxable","16":"purchasable","17":"product-type-simple"},"_links":{"self":[{"href":"https:\/\/roveyayinevi.com.tr\/index.php\/wp-json\/wp\/v2\/product\/730803","targetHints":{"allow":["GET"]}}],"collection":[{"href":"https:\/\/roveyayinevi.com.tr\/index.php\/wp-json\/wp\/v2\/product"}],"about":[{"href":"https:\/\/roveyayinevi.com.tr\/index.php\/wp-json\/wp\/v2\/types\/product"}],"wp:attachment":[{"href":"https:\/\/roveyayinevi.com.tr\/index.php\/wp-json\/wp\/v2\/media?parent=730803"}],"wp:term":[{"taxonomy":"product_brand","embeddable":true,"href":"https:\/\/roveyayinevi.com.tr\/index.php\/wp-json\/wp\/v2\/product_brand?post=730803"},{"taxonomy":"product_cat","embeddable":true,"href":"https:\/\/roveyayinevi.com.tr\/index.php\/wp-json\/wp\/v2\/product_cat?post=730803"},{"taxonomy":"product_tag","embeddable":true,"href":"https:\/\/roveyayinevi.com.tr\/index.php\/wp-json\/wp\/v2\/product_tag?post=730803"}],"curies":[{"name":"wp","href":"https:\/\/api.w.org\/{rel}","templated":true}]}}