{"id":730800,"date":"2025-08-27T21:20:47","date_gmt":"2025-08-27T18:20:47","guid":{"rendered":"https:\/\/roveyayinevi.com.tr\/index.php\/urun\/afili-mahalle-1-tarla-arena\/"},"modified":"2026-04-16T02:38:37","modified_gmt":"2026-04-15T23:38:37","slug":"afili-mahalle-1-tarla-arena","status":"publish","type":"product","link":"https:\/\/roveyayinevi.com.tr\/index.php\/urun\/afili-mahalle-1-tarla-arena\/","title":{"rendered":"Afili Mahalle 1- Tarla Arena"},"content":{"rendered":"<p>Merhaba!\u00c7ok heyecanl\u0131y\u0131m. Nereden ba\u015flayaca\u011f\u0131m\u0131 bilmiyorum. Ben, Hamdi S\u00f6ylemez.Bizim mahallede dola\u015fmaya haz\u0131r m\u0131s\u0131n?Maceradan maceraya ko\u015ftu\u011fumuz mahallemizde seni yeni arkada\u015flarla tan\u0131\u015ft\u0131raca\u011f\u0131m.Bu ser\u00fcvende, birlikte hem \u00e7ok e\u011flenece\u011fiz hem de \u00e7\u00f6z\u00fcmler \u00fcretece\u011fiz.Bazen haylazl\u0131klar\u0131m\u0131z da olacak tabii.Hadi o zaman seni de bizim Fanki ve Kankilere d\u00e2hil edeyim.Mahalle afili&#8230; Mahalle\u2019nin \u00e7ocuklar\u0131 afili&#8230; Maceralar afili&#8230;Bize Bir De Afili Okurlar Laz\u0131m!\u0130\u015fte o sensin biliyorum?Haydi, kat\u0131l bize.Ama \u00e7abuk ol. Yoksa k\u00f6stebekler, kelebekler ve ben beklemem&#8230;<\/p>\n","protected":false},"excerpt":{"rendered":"<p>Merhaba!\u00c7ok heyecanl\u0131y\u0131m. Nereden ba\u015flayaca\u011f\u0131m\u0131 bilmiyorum. Ben, Hamdi S\u00f6ylemez.Bizim mahallede dola\u015fmaya haz\u0131r m\u0131s\u0131n?Maceradan maceraya ko\u015ftu\u011fumuz mahallemizde seni yeni arkada\u015flarla tan\u0131\u015ft\u0131raca\u011f\u0131m.Bu ser\u00fcvende, birlikte hem \u00e7ok e\u011flenece\u011fiz hem de<span class=\"excerpt-hellip\"> [\u2026]<\/span><\/p>\n","protected":false},"featured_media":0,"template":"","meta":{"_monsterinsights_skip_tracking":false,"_monsterinsights_sitenote_active":false,"_monsterinsights_sitenote_note":"","_monsterinsights_sitenote_category":0},"product_brand":[],"product_cat":[12274,12284],"product_tag":[],"class_list":{"0":"post-730800","1":"product","2":"type-product","3":"status-publish","5":"product_cat-cocuk-ve-genclik-kitaplari","6":"product_cat-hikayeler","7":"pa_cilt-ciltsiz","8":"pa_tur-kitap","9":"pa_yayinevi-nesil-cocuk-yayinlari","10":"pa_yazar-abdil-mert","12":"first","13":"instock","14":"sale","15":"shipping-taxable","16":"purchasable","17":"product-type-simple"},"_links":{"self":[{"href":"https:\/\/roveyayinevi.com.tr\/index.php\/wp-json\/wp\/v2\/product\/730800","targetHints":{"allow":["GET"]}}],"collection":[{"href":"https:\/\/roveyayinevi.com.tr\/index.php\/wp-json\/wp\/v2\/product"}],"about":[{"href":"https:\/\/roveyayinevi.com.tr\/index.php\/wp-json\/wp\/v2\/types\/product"}],"wp:attachment":[{"href":"https:\/\/roveyayinevi.com.tr\/index.php\/wp-json\/wp\/v2\/media?parent=730800"}],"wp:term":[{"taxonomy":"product_brand","embeddable":true,"href":"https:\/\/roveyayinevi.com.tr\/index.php\/wp-json\/wp\/v2\/product_brand?post=730800"},{"taxonomy":"product_cat","embeddable":true,"href":"https:\/\/roveyayinevi.com.tr\/index.php\/wp-json\/wp\/v2\/product_cat?post=730800"},{"taxonomy":"product_tag","embeddable":true,"href":"https:\/\/roveyayinevi.com.tr\/index.php\/wp-json\/wp\/v2\/product_tag?post=730800"}],"curies":[{"name":"wp","href":"https:\/\/api.w.org\/{rel}","templated":true}]}}