{"id":730798,"date":"2025-08-27T21:20:44","date_gmt":"2025-08-27T18:20:44","guid":{"rendered":"https:\/\/roveyayinevi.com.tr\/index.php\/urun\/buyusunu-bozma\/"},"modified":"2026-04-16T02:38:37","modified_gmt":"2026-04-15T23:38:37","slug":"buyusunu-bozma","status":"publish","type":"product","link":"https:\/\/roveyayinevi.com.tr\/index.php\/urun\/buyusunu-bozma\/","title":{"rendered":"B\u00fcy\u00fcs\u00fcn\u00fc Bozma"},"content":{"rendered":"<p>Bazen korkuya kap\u0131lm\u0131yor de\u011fildim. E\u015fime \u201cYa her \u015fey ters giderse,\u201d diye sordum. E\u015fim de art\u0131k bu i\u015fe girmeye karar vermi\u015fti. \u201cBak Erol\u201d dedi, \u201cE\u011fer i\u015fler k\u00f6t\u00fc gider, her \u015feyimizi kaybedersek, bir deniz kenar\u0131na gider, sokak simidi ve \u00e7ay al\u0131r, s\u0131f\u0131rdan ba\u015flar, hayallerimizi yeniden kurar\u0131z.\u201d Sustum ve dinledim. B\u00fcy\u00fcs\u00fcn\u00fc bozmadan izledim.   Sen de d\u00fc\u015f\u00fcn, Bir \u015feye emek verdi\u011fimizi, gere\u011fini yerine getirip lay\u0131\u011f\u0131nca tamamlad\u0131\u011f\u0131m\u0131z\u0131\u2026 Kendimizi konfor alanlar\u0131m\u0131za hapsetmedi\u011fimizi, ak\u0131\u015fkan oldu\u011fumuzu\u2026 \u015e\u00fckrederek tembellik etmenin ataletindense \u015f\u00fckrederek \u00e7al\u0131\u015fmay\u0131 benimsedi\u011fimizi\u2026 Her \u015feyi s\u00f6ze d\u00f6kmek zorunda kalmadan kar\u015f\u0131m\u0131zdakine sessizce hissettirebildi\u011fimizi\u2026 \u00dcz\u00fclsek bile \u00fczmedi\u011fimizi, ba\u015fkalar\u0131n\u0131n sorumlulu\u011funu almaktan ka\u00e7mad\u0131\u011f\u0131m\u0131z\u0131\u2026 Ya\u015famlar\u0131m\u0131zdan \u00e7\u0131karaca\u011f\u0131m\u0131z sonucun ahenk ve denge oldu\u011funu\u2026 Kendimizi evrenin, tabiat\u0131n bir par\u00e7as\u0131 olarak g\u00f6rebildi\u011fimizi, t\u00fcm varl\u0131klara sayg\u0131 duyabildi\u011fimizi, m\u00fctevaz\u0131 olabildi\u011fimizi\u2026   \u015e\u015f\u015f\u015f\u015f\u015f, sessiz ol, b\u00fcy\u00fcs\u00fcn\u00fc bozma! <\/p>\n","protected":false},"excerpt":{"rendered":"<p>Bazen korkuya kap\u0131lm\u0131yor de\u011fildim. E\u015fime \u201cYa her \u015fey ters giderse,\u201d diye sordum. E\u015fim de art\u0131k bu i\u015fe girmeye karar vermi\u015fti. \u201cBak Erol\u201d dedi, \u201cE\u011fer i\u015fler k\u00f6t\u00fc<span class=\"excerpt-hellip\"> [\u2026]<\/span><\/p>\n","protected":false},"featured_media":0,"template":"","meta":{"_monsterinsights_skip_tracking":false,"_monsterinsights_sitenote_active":false,"_monsterinsights_sitenote_note":"","_monsterinsights_sitenote_category":0},"product_brand":[],"product_cat":[12777,12291],"product_tag":[],"class_list":{"0":"post-730798","1":"product","2":"type-product","3":"status-publish","5":"product_cat-deneme","6":"product_cat-edebiyat","7":"pa_cilt-ciltsiz","8":"pa_tur-kitap","9":"pa_yayinevi-hayykitap","10":"pa_yazar-erol-egeli","12":"first","13":"instock","14":"sale","15":"shipping-taxable","16":"purchasable","17":"product-type-simple"},"_links":{"self":[{"href":"https:\/\/roveyayinevi.com.tr\/index.php\/wp-json\/wp\/v2\/product\/730798","targetHints":{"allow":["GET"]}}],"collection":[{"href":"https:\/\/roveyayinevi.com.tr\/index.php\/wp-json\/wp\/v2\/product"}],"about":[{"href":"https:\/\/roveyayinevi.com.tr\/index.php\/wp-json\/wp\/v2\/types\/product"}],"wp:attachment":[{"href":"https:\/\/roveyayinevi.com.tr\/index.php\/wp-json\/wp\/v2\/media?parent=730798"}],"wp:term":[{"taxonomy":"product_brand","embeddable":true,"href":"https:\/\/roveyayinevi.com.tr\/index.php\/wp-json\/wp\/v2\/product_brand?post=730798"},{"taxonomy":"product_cat","embeddable":true,"href":"https:\/\/roveyayinevi.com.tr\/index.php\/wp-json\/wp\/v2\/product_cat?post=730798"},{"taxonomy":"product_tag","embeddable":true,"href":"https:\/\/roveyayinevi.com.tr\/index.php\/wp-json\/wp\/v2\/product_tag?post=730798"}],"curies":[{"name":"wp","href":"https:\/\/api.w.org\/{rel}","templated":true}]}}