{"id":730797,"date":"2025-08-27T21:20:44","date_gmt":"2025-08-27T18:20:44","guid":{"rendered":"https:\/\/roveyayinevi.com.tr\/index.php\/urun\/milli-mecmua-sayi-19-mart-nisan-2021\/"},"modified":"2026-04-16T02:38:37","modified_gmt":"2026-04-15T23:38:37","slug":"milli-mecmua-sayi-19-mart-nisan-2021","status":"publish","type":"product","link":"https:\/\/roveyayinevi.com.tr\/index.php\/urun\/milli-mecmua-sayi-19-mart-nisan-2021\/","title":{"rendered":"Milli Mecmua Say\u0131 19 \/ Mart &#8211; Nisan 2021"},"content":{"rendered":"<p>Rahmetli Amcam Osman Turan \/ Fuat Turan Osman Turan (Haziran 1914 &#8211; 17 Ocak 1978) \/ Erkan G\u00f6ksu Bir Tarih Sarraf\u0131: Osman Turan \/ Mustafa Alican T\u00fcrk Cihan H\u00e2kimiyeti Mefk\u00fbresi\u2019nin K\u00f6keni: T\u00fcrklerin Tanr\u0131-\u00c2lem-Insan Tasavvuru ve Cihana Kut Ku\u015fa\u011f\u0131 Ba\u011flamak \/ Hasan Atik Bir Orta \u00c7a\u011f T\u00fcrk- \u0130sl\u00e2m Tarih\u00e7isi: Prof. Dr. Osman Turan \/ Yunus Emre Kaleli T\u00fcrk Siyasetinde S\u0131ra D\u0131\u015f\u0131 Bir Portre: Prof. Dr. Osman Turan \/ Nasrullah Uzman Prof. Dr. Osman Turan\u2019\u0131n Vefat\u0131ndan \u00d6nce Yazmay\u0131 D\u00fc\u015f\u00fcnd\u00fc\u011f\u00fc Eserler \/ \u0130brahim G\u00fcne\u015f Osman Turan, Sel\u00e7uklular ve \u0130slamiyet \/ Kemal Ramazan Hayk\u0131ran Tarihin And\u0131\u011f\u0131 Tarih\u00e7i: Osman Turan \/ Do\u00e7. Dr. Ba\u015fak Burcu Eke Prof. Dr. Osman Turan Bibliyografyas\u0131 \/ Yunus Emre Kaleli Tarih\u00e7i ve Tarih Ili\u015fkileri \u00c7er\u00e7evesinde Osman Turan\u2019\u0131n Tarih Anlay\u0131\u015f\u0131 \/ Ayhan B\u0131\u00e7ak Osman Turan\u2019\u0131n Tarih Metodolojisi \/ Mehmet \u00d6z Osman Turan\u2019\u0131n K\u00fclt\u00fcr ve Medeniyet Anlay\u0131\u015f\u0131 ve Isl\u00e2m Medeniyetini \u0130hya Davas\u0131 \/ Y\u0131lmaz \u00d6zakp\u0131nar Hz. Peygamber ve Ra\u015fit Halifeler D\u00f6neminde T\u00fcrklerle \u0130li\u015fkiler ve \u0130lk \u0130slamla\u015fma \/ Ali Hatalm\u0131\u015f Lubbu\u2019t-Tev\u00e2r\u00eeh Adl\u0131 Eserin Gazneliler Bahsinin De\u011ferlendirmesi \/ Vural \u00d6nt\u00fcrk \u201cCengiz Han ve Mo\u011follar T\u00fcrk m\u00fcd\u00fcr?\u201d Sorusu \u00dczerine \/ Mustafa Uyar Sel\u00e7uklu \u00dclkesine \u0130ltica Eden M\u00fcstakbel Bizans Imparatoru: VIII. Mihail Paleologos \/ Prof. Dr. Mustafa Da\u015f \u0130sfahan\u2019da H.512\u2019de Bas\u0131lan Dinarlar ve Sancar ve Mahmud Aras\u0131ndaki Askeri M\u00fccadele \/ Muhammed Yunus Sultan Melik\u015f\u00e2h ve Liderlik \u00d6zellikleri \/ Erkan G\u00f6ksu Orta \u00c7a\u011f Tarihi \u00dczerine Prof. Dr. Osman Gazi \u00d6zg\u00fcdenli \u00d6zg\u00fcdenli ile M\u00fclakat \/ Mustafa Can Tiryaki<\/p>\n","protected":false},"excerpt":{"rendered":"<p>Rahmetli Amcam Osman Turan \/ Fuat Turan Osman Turan (Haziran 1914 &#8211; 17 Ocak 1978) \/ Erkan G\u00f6ksu Bir Tarih Sarraf\u0131: Osman Turan \/ Mustafa Alican<span class=\"excerpt-hellip\"> [\u2026]<\/span><\/p>\n","protected":false},"featured_media":0,"template":"","meta":{"_monsterinsights_skip_tracking":false,"_monsterinsights_sitenote_active":false,"_monsterinsights_sitenote_note":"","_monsterinsights_sitenote_category":0},"product_brand":[],"product_cat":[13527],"product_tag":[],"class_list":{"0":"post-730797","1":"product","2":"type-product","3":"status-publish","5":"product_cat-sureli-yayinlar","6":"pa_cilt-ciltsiz","7":"pa_tur-dergi","8":"pa_yayinevi-otuken-nesriyat","9":"pa_yazar-osman-turan","11":"first","12":"instock","13":"sale","14":"shipping-taxable","15":"purchasable","16":"product-type-simple"},"_links":{"self":[{"href":"https:\/\/roveyayinevi.com.tr\/index.php\/wp-json\/wp\/v2\/product\/730797","targetHints":{"allow":["GET"]}}],"collection":[{"href":"https:\/\/roveyayinevi.com.tr\/index.php\/wp-json\/wp\/v2\/product"}],"about":[{"href":"https:\/\/roveyayinevi.com.tr\/index.php\/wp-json\/wp\/v2\/types\/product"}],"wp:attachment":[{"href":"https:\/\/roveyayinevi.com.tr\/index.php\/wp-json\/wp\/v2\/media?parent=730797"}],"wp:term":[{"taxonomy":"product_brand","embeddable":true,"href":"https:\/\/roveyayinevi.com.tr\/index.php\/wp-json\/wp\/v2\/product_brand?post=730797"},{"taxonomy":"product_cat","embeddable":true,"href":"https:\/\/roveyayinevi.com.tr\/index.php\/wp-json\/wp\/v2\/product_cat?post=730797"},{"taxonomy":"product_tag","embeddable":true,"href":"https:\/\/roveyayinevi.com.tr\/index.php\/wp-json\/wp\/v2\/product_tag?post=730797"}],"curies":[{"name":"wp","href":"https:\/\/api.w.org\/{rel}","templated":true}]}}