{"id":730795,"date":"2025-08-27T21:20:42","date_gmt":"2025-08-27T18:20:42","guid":{"rendered":"https:\/\/roveyayinevi.com.tr\/index.php\/urun\/biricik-sevgili\/"},"modified":"2026-04-16T02:38:37","modified_gmt":"2026-04-15T23:38:37","slug":"biricik-sevgili","status":"publish","type":"product","link":"https:\/\/roveyayinevi.com.tr\/index.php\/urun\/biricik-sevgili\/","title":{"rendered":"Biricik Sevgili"},"content":{"rendered":"<p>Ey g\u00fczelli\u011fi, sevgisi, muhabbeti cennetteki nimetleri bile unutturan Biricik Rabbimiz, Yery\u00fcz\u00fcnde yaratt\u0131\u011f\u0131n a\u011fa\u00e7lar, ku\u015flar, \u00e7i\u00e7ekler,  kelebekler, meyveler, tohumlar say\u0131s\u0131nca\u2026 Ya\u011fd\u0131rd\u0131\u011f\u0131n t\u00fcm ya\u011fmur damlalar\u0131 ve kar kristalleri say\u0131s\u0131nca\u2026 G\u00f6ky\u00fcz\u00fcnde yaratt\u0131\u011f\u0131n y\u0131ld\u0131zlar, gezegenler, galaksiler say\u0131s\u0131nca\u2026 Evrendeki atomlar, molek\u00fcller, elektronlar,  protonlar n\u00f6tronlar say\u0131s\u0131nca Sana te\u015fekk\u00fcr ederiz. T\u00fcm bunlar\u0131n say\u0131s\u0131nca Senin birli\u011fini ve benzersizli\u011fini, her t\u00fcrl\u00fc kusurdan uzak oldu\u011funu,  kudretinin ve ilminin sonsuzlu\u011funu, sanat\u0131n\u0131n e\u015fsiz g\u00fczelli\u011fini ilan eder, t\u00fcm bu ger\u00e7eklere g\u00f6n\u00fclden \u015fahitlik eder, Hepsinin say\u0131s\u0131nca Senden hata ve kusurlar\u0131m\u0131z\u0131n aff\u0131n\u0131 dileriz Ey G\u00fczeller G\u00fczeli Biricik Rabbimiz\u2026 Merhametine, aff\u0131na, l\u00fctuf ve ikramlar\u0131na her zamankinden \u00e7ok fazla muhtac\u0131z hepimiz\u2026 <\/p>\n","protected":false},"excerpt":{"rendered":"<p>Ey g\u00fczelli\u011fi, sevgisi, muhabbeti cennetteki nimetleri bile unutturan Biricik Rabbimiz, Yery\u00fcz\u00fcnde yaratt\u0131\u011f\u0131n a\u011fa\u00e7lar, ku\u015flar, \u00e7i\u00e7ekler, kelebekler, meyveler, tohumlar say\u0131s\u0131nca\u2026 Ya\u011fd\u0131rd\u0131\u011f\u0131n t\u00fcm ya\u011fmur damlalar\u0131 ve kar kristalleri<span class=\"excerpt-hellip\"> [\u2026]<\/span><\/p>\n","protected":false},"featured_media":0,"template":"","meta":{"_monsterinsights_skip_tracking":false,"_monsterinsights_sitenote_active":false,"_monsterinsights_sitenote_note":"","_monsterinsights_sitenote_category":0},"product_brand":[],"product_cat":[12274,18802],"product_tag":[],"class_list":{"0":"post-730795","1":"product","2":"type-product","3":"status-publish","5":"product_cat-cocuk-ve-genclik-kitaplari","6":"product_cat-din-egitimi","7":"pa_cilt-ciltsiz","8":"pa_tur-kitap","9":"pa_yayinevi-gulnar-yayinlari","10":"pa_yazar-abdurrahman-neseli","12":"first","13":"instock","14":"sale","15":"shipping-taxable","16":"purchasable","17":"product-type-simple"},"_links":{"self":[{"href":"https:\/\/roveyayinevi.com.tr\/index.php\/wp-json\/wp\/v2\/product\/730795","targetHints":{"allow":["GET"]}}],"collection":[{"href":"https:\/\/roveyayinevi.com.tr\/index.php\/wp-json\/wp\/v2\/product"}],"about":[{"href":"https:\/\/roveyayinevi.com.tr\/index.php\/wp-json\/wp\/v2\/types\/product"}],"wp:attachment":[{"href":"https:\/\/roveyayinevi.com.tr\/index.php\/wp-json\/wp\/v2\/media?parent=730795"}],"wp:term":[{"taxonomy":"product_brand","embeddable":true,"href":"https:\/\/roveyayinevi.com.tr\/index.php\/wp-json\/wp\/v2\/product_brand?post=730795"},{"taxonomy":"product_cat","embeddable":true,"href":"https:\/\/roveyayinevi.com.tr\/index.php\/wp-json\/wp\/v2\/product_cat?post=730795"},{"taxonomy":"product_tag","embeddable":true,"href":"https:\/\/roveyayinevi.com.tr\/index.php\/wp-json\/wp\/v2\/product_tag?post=730795"}],"curies":[{"name":"wp","href":"https:\/\/api.w.org\/{rel}","templated":true}]}}