{"id":730794,"date":"2025-08-27T21:20:41","date_gmt":"2025-08-27T18:20:41","guid":{"rendered":"https:\/\/roveyayinevi.com.tr\/index.php\/urun\/19-mayisi-anlamak\/"},"modified":"2026-04-16T02:38:37","modified_gmt":"2026-04-15T23:38:37","slug":"19-mayisi-anlamak","status":"publish","type":"product","link":"https:\/\/roveyayinevi.com.tr\/index.php\/urun\/19-mayisi-anlamak\/","title":{"rendered":"19 May\u0131s&#8217;\u0131 Anlamak"},"content":{"rendered":"<p>19 May\u0131s, \u00e7ok \u00f6nemli, bir o kadar tart\u0131\u015f\u0131lan bir tarihtir. Kimileri Vahdettin\u2019in Mustafa Kemal\u2019i vatan\u0131 kurtarmas\u0131 i\u00e7in hem de 40 bin alt\u0131n vererek Samsun\u2019a g\u00f6nderdi\u011fini iddia eder. Oysa tarih, 24 May\u0131s 1920\u2019de Padi\u015fah Vahdettin\u2019in, Atat\u00fcrk ve arkada\u015flar\u0131n\u0131n idam karar\u0131n\u0131 onaylad\u0131\u011f\u0131n\u0131 yaz\u0131yor! 19 May\u0131s ile ilgili yaz\u0131lan t\u00fcm kitap ve makalelerde, birbiriyle \u00e7eli\u015fen onca ifadelerine ra\u011fmen, Bennett\u2019in Mustafa Kemal ve arkada\u015flar\u0131na vize verdi\u011fi yaz\u0131lmaktad\u0131r. Bennett, bu konuya kaynakl\u0131k eden, biri kendisine ait iki kitapta da vize olay\u0131n\u0131; &#8220;8 Haziran\u2019da, ilgin\u00e7 bir tesad\u00fcf eseri yirmi ikinci do\u011fum g\u00fcn\u00fcmde bir T\u00fcrk subay\u0131 odama gelip, Mustafa Kemal ve Heyeti i\u00e7in vize istedi. Listeyi okudu\u011fumda, T\u00fcrk Ordusu\u2019nun en etkin otuz be\u015f generalinin ve kurmay albay\u0131n\u0131n ad\u0131n\u0131 tan\u0131d\u0131m. Ancak yetkimin bunu a\u015faca\u011f\u0131 d\u00fc\u015f\u00fcncesiyle \u00fcstlerime sordum. \u2018Haberimiz var sen vizeyi ver\u2019 dediler bende verdim\u201d \u015feklinde anlat\u0131yor. Oysa vize verilen listede tek general Atat\u00fcrk\u2019t\u00fcr. Vize verilen subaylar\u0131n say\u0131s\u0131 kimi kaynaklarda 18, kiminde 22 olarak ge\u00e7mektedir. Ancak 35 general ve albaydan olu\u015fan bir kadro hi\u00e7bir kaynakta yazmamaktad\u0131r. Peki, 35 ki\u015filik liste nedir?  Onu da belgeleriyle bu kitapta okuyacaks\u0131n\u0131z. Y\u00fczba\u015f\u0131 Bennett\u2019in Atat\u00fcrk d\u00fc\u015fmanlar\u0131na malzeme vermek i\u00e7in uydurdu\u011fu vize yalanlar\u0131n\u0131 da!<\/p>\n","protected":false},"excerpt":{"rendered":"<p>19 May\u0131s, \u00e7ok \u00f6nemli, bir o kadar tart\u0131\u015f\u0131lan bir tarihtir. Kimileri Vahdettin\u2019in Mustafa Kemal\u2019i vatan\u0131 kurtarmas\u0131 i\u00e7in hem de 40 bin alt\u0131n vererek Samsun\u2019a g\u00f6nderdi\u011fini iddia<span class=\"excerpt-hellip\"> [\u2026]<\/span><\/p>\n","protected":false},"featured_media":0,"template":"","meta":{"_monsterinsights_skip_tracking":false,"_monsterinsights_sitenote_active":false,"_monsterinsights_sitenote_note":"","_monsterinsights_sitenote_category":0},"product_brand":[],"product_cat":[12304,14128],"product_tag":[],"class_list":{"0":"post-730794","1":"product","2":"type-product","3":"status-publish","5":"product_cat-tarih","6":"product_cat-yakin-tarih","7":"pa_cilt-ciltsiz","8":"pa_tur-kitap","9":"pa_yayinevi-ayata-kitap","10":"pa_yazar-bekir-ozturk","12":"first","13":"instock","14":"sale","15":"shipping-taxable","16":"purchasable","17":"product-type-simple"},"_links":{"self":[{"href":"https:\/\/roveyayinevi.com.tr\/index.php\/wp-json\/wp\/v2\/product\/730794","targetHints":{"allow":["GET"]}}],"collection":[{"href":"https:\/\/roveyayinevi.com.tr\/index.php\/wp-json\/wp\/v2\/product"}],"about":[{"href":"https:\/\/roveyayinevi.com.tr\/index.php\/wp-json\/wp\/v2\/types\/product"}],"wp:attachment":[{"href":"https:\/\/roveyayinevi.com.tr\/index.php\/wp-json\/wp\/v2\/media?parent=730794"}],"wp:term":[{"taxonomy":"product_brand","embeddable":true,"href":"https:\/\/roveyayinevi.com.tr\/index.php\/wp-json\/wp\/v2\/product_brand?post=730794"},{"taxonomy":"product_cat","embeddable":true,"href":"https:\/\/roveyayinevi.com.tr\/index.php\/wp-json\/wp\/v2\/product_cat?post=730794"},{"taxonomy":"product_tag","embeddable":true,"href":"https:\/\/roveyayinevi.com.tr\/index.php\/wp-json\/wp\/v2\/product_tag?post=730794"}],"curies":[{"name":"wp","href":"https:\/\/api.w.org\/{rel}","templated":true}]}}