{"id":730793,"date":"2025-08-27T21:20:40","date_gmt":"2025-08-27T18:20:40","guid":{"rendered":"https:\/\/roveyayinevi.com.tr\/index.php\/urun\/bir-film-nasil-okunur\/"},"modified":"2026-04-16T02:38:37","modified_gmt":"2026-04-15T23:38:37","slug":"bir-film-nasil-okunur","status":"publish","type":"product","link":"https:\/\/roveyayinevi.com.tr\/index.php\/urun\/bir-film-nasil-okunur\/","title":{"rendered":"Bir Film Nas\u0131l Okunur?"},"content":{"rendered":"<p>Monaco, filme bir\u00e7ok farkl\u0131 noktadan bak\u0131yor; sanat ve zanaat, duyarl\u0131l\u0131k ve bilim, gelenek ve teknoloji. Filmin roman, resim, foto\u011fraf, televizyon, hatta m\u00fczik gibi di\u011fer anlat\u0131 ortamlar\u0131yla olan yak\u0131n ili\u015fkisini inceledikten sonra filmlerin nas\u0131l anlam ifade etti\u011fini ve daha da \u00f6nemlisi bir filmin ne oldu\u011funu en iyi nas\u0131l ay\u0131rt edebilece\u011fimizi anlamak i\u00e7in gerekli unsurlar\u0131 tart\u0131\u015f\u0131yor. Film merakl\u0131lar\u0131 bu bask\u0131da; yeni bir giri\u015f, geni\u015fletilmi\u015f bir kaynak\u00e7a ve y\u00fczlerce a\u00e7\u0131klay\u0131c\u0131 siyah beyaz foto\u011fraf ve diyagram bulacaklar.   \u201cJames Monaco\u2019nun inan\u0131lmaz miktarda faydal\u0131 bilgiyi bu kadar basit ve sistematik bir \u015fekilde bir araya getirme yetene\u011fi hayranl\u0131k uyand\u0131r\u0131c\u0131.\u201d \u2013Janet Maslin, The New York Times Book Review   \u201cFilm hakk\u0131nda yaz\u0131 yazan ya da filmlerle ger\u00e7ekten ilgilenen herkes bu kitab\u0131 almal\u0131 ve mutlaka okumal\u0131.\u201d \u2013Richard Roud, New York Film Festivali Direkt\u00f6r\u00fc <\/p>\n","protected":false},"excerpt":{"rendered":"<p>Monaco, filme bir\u00e7ok farkl\u0131 noktadan bak\u0131yor; sanat ve zanaat, duyarl\u0131l\u0131k ve bilim, gelenek ve teknoloji. Filmin roman, resim, foto\u011fraf, televizyon, hatta m\u00fczik gibi di\u011fer anlat\u0131 ortamlar\u0131yla<span class=\"excerpt-hellip\"> [\u2026]<\/span><\/p>\n","protected":false},"featured_media":0,"template":"","meta":{"_monsterinsights_skip_tracking":false,"_monsterinsights_sitenote_active":false,"_monsterinsights_sitenote_note":"","_monsterinsights_sitenote_category":0},"product_brand":[],"product_cat":[12409,12408],"product_tag":[],"class_list":{"0":"post-730793","1":"product","2":"type-product","3":"status-publish","5":"product_cat-fotograf-sinema-tiyatro","6":"product_cat-sanat","7":"pa_cilt-ciltsiz","8":"pa_tur-kitap","9":"pa_yayinevi-alfa-yayinlari","10":"pa_yazar-james-monaco","12":"first","13":"instock","14":"sale","15":"shipping-taxable","16":"purchasable","17":"product-type-simple"},"_links":{"self":[{"href":"https:\/\/roveyayinevi.com.tr\/index.php\/wp-json\/wp\/v2\/product\/730793","targetHints":{"allow":["GET"]}}],"collection":[{"href":"https:\/\/roveyayinevi.com.tr\/index.php\/wp-json\/wp\/v2\/product"}],"about":[{"href":"https:\/\/roveyayinevi.com.tr\/index.php\/wp-json\/wp\/v2\/types\/product"}],"wp:attachment":[{"href":"https:\/\/roveyayinevi.com.tr\/index.php\/wp-json\/wp\/v2\/media?parent=730793"}],"wp:term":[{"taxonomy":"product_brand","embeddable":true,"href":"https:\/\/roveyayinevi.com.tr\/index.php\/wp-json\/wp\/v2\/product_brand?post=730793"},{"taxonomy":"product_cat","embeddable":true,"href":"https:\/\/roveyayinevi.com.tr\/index.php\/wp-json\/wp\/v2\/product_cat?post=730793"},{"taxonomy":"product_tag","embeddable":true,"href":"https:\/\/roveyayinevi.com.tr\/index.php\/wp-json\/wp\/v2\/product_tag?post=730793"}],"curies":[{"name":"wp","href":"https:\/\/api.w.org\/{rel}","templated":true}]}}