{"id":730791,"date":"2025-08-27T21:20:38","date_gmt":"2025-08-27T18:20:38","guid":{"rendered":"https:\/\/roveyayinevi.com.tr\/index.php\/urun\/haydi-okula\/"},"modified":"2026-04-16T02:38:37","modified_gmt":"2026-04-15T23:38:37","slug":"haydi-okula","status":"publish","type":"product","link":"https:\/\/roveyayinevi.com.tr\/index.php\/urun\/haydi-okula\/","title":{"rendered":"Haydi Okula"},"content":{"rendered":"<p>Pom bir sonraki sene anaokuluna ba\u015flayacakt\u0131. \u00d6yle hevesliydi ki \u015fimdiden arkada\u015flar\u0131n\u0131n okullar\u0131n\u0131 ziyaret etmeye karar verdi.Minik Z\u0131pla Okulu\u2019nda tav\u015fanc\u0131klar harfleri ve say\u0131lar\u0131 \u00f6\u011freniyordu.Ye\u015fil Sazl\u0131k Okulu\u2019nda kurba\u011falar birbirinden g\u00fczel resimler yap\u0131yordu.Evvel Zaman Okulu\u2019nda kurtlar k\u00fct\u00fcphanede toplanm\u0131\u015f kitap okuyordu.Acaba Pom\u2019un hayalindeki okul da b\u00fct\u00fcn bunlar\u0131n bir kar\u0131\u015f\u0131m\u0131 olabilir miydi?Anaokuluna gitmek ne b\u00fcy\u00fck maceraydi!\u00d6d\u00fcll\u00fc \u00e7izer Marianne Dubuc \u00e7ocuklar\u0131 ne\u015feli, ayr\u0131nt\u0131larla bezeli bir ke\u015ffe \u00e7\u0131kar\u0131yor. Yuvalar\u0131n, anas\u0131n\u0131flar\u0131n\u0131n s\u0131cac\u0131k rutinlerinin anlat\u0131ld\u0131\u011f\u0131 sayfalar k\u00fc\u00e7\u00fck okurlar\u0131 okula haz\u0131rlayacak, okula gidenlere ise tan\u0131d\u0131k detaylar \u00fczerinden kendi deneyimlerine bakma f\u0131rsat\u0131 sunacak.Haydi Okula, k\u0131sa s\u00fcre i\u00e7inde \u00e7ok sevilen, Dubuc\u2019un yaz\u0131p resimledi\u011fi Postac\u0131 Fare\u2019nin Bir G\u00fcn\u00fc ve Postac\u0131 Fare Tatilde kitaplar\u0131n\u0131n yan\u0131nda raflarda yerini al\u0131yor.<\/p>\n","protected":false},"excerpt":{"rendered":"<p>Pom bir sonraki sene anaokuluna ba\u015flayacakt\u0131. \u00d6yle hevesliydi ki \u015fimdiden arkada\u015flar\u0131n\u0131n okullar\u0131n\u0131 ziyaret etmeye karar verdi.Minik Z\u0131pla Okulu\u2019nda tav\u015fanc\u0131klar harfleri ve say\u0131lar\u0131 \u00f6\u011freniyordu.Ye\u015fil Sazl\u0131k Okulu\u2019nda kurba\u011falar<span class=\"excerpt-hellip\"> [\u2026]<\/span><\/p>\n","protected":false},"featured_media":0,"template":"","meta":{"_monsterinsights_skip_tracking":false,"_monsterinsights_sitenote_active":false,"_monsterinsights_sitenote_note":"","_monsterinsights_sitenote_category":0},"product_brand":[],"product_cat":[12275,12274],"product_tag":[],"class_list":{"0":"post-730791","1":"product","2":"type-product","3":"status-publish","5":"product_cat-6-12-yas-kitaplari","6":"product_cat-cocuk-ve-genclik-kitaplari","7":"pa_cilt-ciltsiz","8":"pa_tur-kitap","9":"pa_yayinevi-redhouse-kidz-yayinlari","10":"pa_yazar-marianne-dubuc","12":"first","13":"instock","14":"sale","15":"shipping-taxable","16":"purchasable","17":"product-type-simple"},"_links":{"self":[{"href":"https:\/\/roveyayinevi.com.tr\/index.php\/wp-json\/wp\/v2\/product\/730791","targetHints":{"allow":["GET"]}}],"collection":[{"href":"https:\/\/roveyayinevi.com.tr\/index.php\/wp-json\/wp\/v2\/product"}],"about":[{"href":"https:\/\/roveyayinevi.com.tr\/index.php\/wp-json\/wp\/v2\/types\/product"}],"wp:attachment":[{"href":"https:\/\/roveyayinevi.com.tr\/index.php\/wp-json\/wp\/v2\/media?parent=730791"}],"wp:term":[{"taxonomy":"product_brand","embeddable":true,"href":"https:\/\/roveyayinevi.com.tr\/index.php\/wp-json\/wp\/v2\/product_brand?post=730791"},{"taxonomy":"product_cat","embeddable":true,"href":"https:\/\/roveyayinevi.com.tr\/index.php\/wp-json\/wp\/v2\/product_cat?post=730791"},{"taxonomy":"product_tag","embeddable":true,"href":"https:\/\/roveyayinevi.com.tr\/index.php\/wp-json\/wp\/v2\/product_tag?post=730791"}],"curies":[{"name":"wp","href":"https:\/\/api.w.org\/{rel}","templated":true}]}}