{"id":730790,"date":"2025-08-27T21:20:38","date_gmt":"2025-08-27T18:20:38","guid":{"rendered":"https:\/\/roveyayinevi.com.tr\/index.php\/urun\/ayirici-marka-varliklari-insa-etmek\/"},"modified":"2026-04-16T02:38:37","modified_gmt":"2026-04-15T23:38:37","slug":"ayirici-marka-varliklari-insa-etmek","status":"publish","type":"product","link":"https:\/\/roveyayinevi.com.tr\/index.php\/urun\/ayirici-marka-varliklari-insa-etmek\/","title":{"rendered":"Ay\u0131r\u0131c\u0131 Marka Varl\u0131klar\u0131 \u0130n\u015fa Etmek"},"content":{"rendered":"<p>Bir markan\u0131z varsa bu kitab\u0131n size s\u00f6yleyecekleri var! Pazarlama d\u00fcnyas\u0131nda her \u015fey \u00e7ok h\u0131zl\u0131 de\u011fi\u015fiyor. Ancak markan\u0131z\u0131n kimli\u011fini gelecekteki de\u011fi\u015fimlere diren\u00e7li k\u0131lmak istiyorsan\u0131z bu kitapta g\u00f6z atabilece\u011finiz \u00e7ok say\u0131da ipucu var. Bu kitap, markan\u0131z\u0131n ay\u0131r\u0131c\u0131 varl\u0131klar\u0131n\u0131 in\u015fa etmede ve devaml\u0131l\u0131\u011f\u0131n\u0131 sa\u011flamada uzun d\u00f6nemli bir strateji olu\u015fturman\u0131za yard\u0131mc\u0131 olarak size bir yol haritas\u0131 sunacak. Markan\u0131z\u0131 iyile\u015ftirin! Hangi stratejileri benimseyerek eyleme ge\u00e7menin sizi bir ad\u0131m daha \u00f6ne \u00e7\u0131karaca\u011f\u0131n\u0131 ke\u015ffedin. Elbette hangi stratejilerin i\u015fe yaramayaca\u011f\u0131n\u0131 da! Markan\u0131z i\u00e7in f\u0131rsatlar\u0131 yakalamaya \u00e7al\u0131\u015f\u0131rken sizi may\u0131n tarlalar\u0131na \u00e7\u0131karan yollardan nas\u0131l kurtulabilece\u011finizi fark edin. <\/p>\n","protected":false},"excerpt":{"rendered":"<p>Bir markan\u0131z varsa bu kitab\u0131n size s\u00f6yleyecekleri var! Pazarlama d\u00fcnyas\u0131nda her \u015fey \u00e7ok h\u0131zl\u0131 de\u011fi\u015fiyor. Ancak markan\u0131z\u0131n kimli\u011fini gelecekteki de\u011fi\u015fimlere diren\u00e7li k\u0131lmak istiyorsan\u0131z bu kitapta g\u00f6z<span class=\"excerpt-hellip\"> [\u2026]<\/span><\/p>\n","protected":false},"featured_media":0,"template":"","meta":{"_monsterinsights_skip_tracking":false,"_monsterinsights_sitenote_active":false,"_monsterinsights_sitenote_note":"","_monsterinsights_sitenote_category":0},"product_brand":[],"product_cat":[13043,17492],"product_tag":[],"class_list":{"0":"post-730790","1":"product","2":"type-product","3":"status-publish","5":"product_cat-ekonomi","6":"product_cat-pazarlama-satis-reklam","7":"pa_cilt-ciltsiz","8":"pa_tur-kitap","9":"pa_yayinevi-the-kitap","10":"pa_yazar-jenni-romaniuk-byron-sharp","12":"first","13":"instock","14":"sale","15":"shipping-taxable","16":"purchasable","17":"product-type-simple"},"_links":{"self":[{"href":"https:\/\/roveyayinevi.com.tr\/index.php\/wp-json\/wp\/v2\/product\/730790","targetHints":{"allow":["GET"]}}],"collection":[{"href":"https:\/\/roveyayinevi.com.tr\/index.php\/wp-json\/wp\/v2\/product"}],"about":[{"href":"https:\/\/roveyayinevi.com.tr\/index.php\/wp-json\/wp\/v2\/types\/product"}],"wp:attachment":[{"href":"https:\/\/roveyayinevi.com.tr\/index.php\/wp-json\/wp\/v2\/media?parent=730790"}],"wp:term":[{"taxonomy":"product_brand","embeddable":true,"href":"https:\/\/roveyayinevi.com.tr\/index.php\/wp-json\/wp\/v2\/product_brand?post=730790"},{"taxonomy":"product_cat","embeddable":true,"href":"https:\/\/roveyayinevi.com.tr\/index.php\/wp-json\/wp\/v2\/product_cat?post=730790"},{"taxonomy":"product_tag","embeddable":true,"href":"https:\/\/roveyayinevi.com.tr\/index.php\/wp-json\/wp\/v2\/product_tag?post=730790"}],"curies":[{"name":"wp","href":"https:\/\/api.w.org\/{rel}","templated":true}]}}