{"id":730789,"date":"2025-08-27T21:20:37","date_gmt":"2025-08-27T18:20:37","guid":{"rendered":"https:\/\/roveyayinevi.com.tr\/index.php\/urun\/dedemin-oyuncaklari\/"},"modified":"2026-04-16T02:38:37","modified_gmt":"2026-04-15T23:38:37","slug":"dedemin-oyuncaklari","status":"publish","type":"product","link":"https:\/\/roveyayinevi.com.tr\/index.php\/urun\/dedemin-oyuncaklari\/","title":{"rendered":"Dedemin Oyuncaklar\u0131"},"content":{"rendered":"<p>Kar\u015f\u0131n\u0131zda Ece! Heyecanl\u0131, inat\u00e7\u0131 ve merakl\u0131\u2026 Ece\u2019nin \u00f6yle bir dedesi var ki bildi\u011finiz yeti\u015fkinlere hi\u00e7 benzemez. B\u00fcy\u00fcm\u00fc\u015f, b\u00fcy\u00fcm\u00fc\u015f ama oyun oynamaktan vazge\u00e7memi\u015f. Ece\u2019yi \u015fa\u015f\u0131rtmaya ve ona \u00e7\u0131lg\u0131n s\u00fcrprizler yapmaya bay\u0131l\u0131r. Dedesinin Ece\u2019ye yine bir s\u00fcrprizi var. Bu sefer de \u201cSeni \u00e7ocuklu\u011fuma g\u00f6t\u00fcrece\u011fim,\u201d dedi. Ece \u00e7ok heyecanland\u0131. Bu, zamanda yolculuk demekti! Peki ama nas\u0131l? \u0130\u015fte bu sorunun cevab\u0131 kitapta gizli. \u0130stanbul Oyuncak M\u00fczesi\u2019nin koridorlar\u0131nda macera dolu bir yolculu\u011fa haz\u0131r m\u0131s\u0131n\u0131z? <\/p>\n","protected":false},"excerpt":{"rendered":"<p>Kar\u015f\u0131n\u0131zda Ece! Heyecanl\u0131, inat\u00e7\u0131 ve merakl\u0131\u2026 Ece\u2019nin \u00f6yle bir dedesi var ki bildi\u011finiz yeti\u015fkinlere hi\u00e7 benzemez. B\u00fcy\u00fcm\u00fc\u015f, b\u00fcy\u00fcm\u00fc\u015f ama oyun oynamaktan vazge\u00e7memi\u015f. Ece\u2019yi \u015fa\u015f\u0131rtmaya ve ona<span class=\"excerpt-hellip\"> [\u2026]<\/span><\/p>\n","protected":false},"featured_media":0,"template":"","meta":{"_monsterinsights_skip_tracking":false,"_monsterinsights_sitenote_active":false,"_monsterinsights_sitenote_note":"","_monsterinsights_sitenote_category":0},"product_brand":[],"product_cat":[12274,12518],"product_tag":[],"class_list":{"0":"post-730789","1":"product","2":"type-product","3":"status-publish","5":"product_cat-cocuk-ve-genclik-kitaplari","6":"product_cat-okul-oncesi-kitaplar","7":"pa_cilt-ciltsiz","8":"pa_tur-kitap","9":"pa_yayinevi-is-bankasi-kultur-yayinlari","10":"pa_yazar-basak-ellibes","12":"first","13":"instock","14":"sale","15":"shipping-taxable","16":"purchasable","17":"product-type-simple"},"_links":{"self":[{"href":"https:\/\/roveyayinevi.com.tr\/index.php\/wp-json\/wp\/v2\/product\/730789","targetHints":{"allow":["GET"]}}],"collection":[{"href":"https:\/\/roveyayinevi.com.tr\/index.php\/wp-json\/wp\/v2\/product"}],"about":[{"href":"https:\/\/roveyayinevi.com.tr\/index.php\/wp-json\/wp\/v2\/types\/product"}],"wp:attachment":[{"href":"https:\/\/roveyayinevi.com.tr\/index.php\/wp-json\/wp\/v2\/media?parent=730789"}],"wp:term":[{"taxonomy":"product_brand","embeddable":true,"href":"https:\/\/roveyayinevi.com.tr\/index.php\/wp-json\/wp\/v2\/product_brand?post=730789"},{"taxonomy":"product_cat","embeddable":true,"href":"https:\/\/roveyayinevi.com.tr\/index.php\/wp-json\/wp\/v2\/product_cat?post=730789"},{"taxonomy":"product_tag","embeddable":true,"href":"https:\/\/roveyayinevi.com.tr\/index.php\/wp-json\/wp\/v2\/product_tag?post=730789"}],"curies":[{"name":"wp","href":"https:\/\/api.w.org\/{rel}","templated":true}]}}