{"id":730788,"date":"2025-08-27T21:20:36","date_gmt":"2025-08-27T18:20:36","guid":{"rendered":"https:\/\/roveyayinevi.com.tr\/index.php\/urun\/merhaba-arkadasim\/"},"modified":"2026-04-16T02:38:37","modified_gmt":"2026-04-15T23:38:37","slug":"merhaba-arkadasim","status":"publish","type":"product","link":"https:\/\/roveyayinevi.com.tr\/index.php\/urun\/merhaba-arkadasim\/","title":{"rendered":"Merhaba, Arkada\u015f\u0131m!"},"content":{"rendered":"<p>Arkada\u015f\u0131mla birlikte oynamay\u0131 \u00e7ok seviyorum. Oyuncaklar\u0131m\u0131 onunla payla\u015fmay\u0131 ve birlikte bisiklete binmeyi seviyorum. Eve gidince arkada\u015f\u0131m\u0131 \u00e7ok \u00f6zl\u00fcyorum. Acaba o da beni \u00f6zl\u00fcyor mudur? Heves, empati ve ilk arkada\u015fl\u0131k hakk\u0131nda kalbinizi \u0131s\u0131tacak bir \u00f6yk\u00fc. \u201cCobb\u2019un \u00e7izimleri, \u00e7ocuklu\u011fun ne\u015fesini yakal\u0131yor\u201d The Sunday Times                                                                     <\/p>\n","protected":false},"excerpt":{"rendered":"<p>Arkada\u015f\u0131mla birlikte oynamay\u0131 \u00e7ok seviyorum. Oyuncaklar\u0131m\u0131 onunla payla\u015fmay\u0131 ve birlikte bisiklete binmeyi seviyorum. Eve gidince arkada\u015f\u0131m\u0131 \u00e7ok \u00f6zl\u00fcyorum. Acaba o da beni \u00f6zl\u00fcyor mudur? Heves, empati<span class=\"excerpt-hellip\"> [\u2026]<\/span><\/p>\n","protected":false},"featured_media":0,"template":"","meta":{"_monsterinsights_skip_tracking":false,"_monsterinsights_sitenote_active":false,"_monsterinsights_sitenote_note":"","_monsterinsights_sitenote_category":0},"product_brand":[],"product_cat":[12274,12518],"product_tag":[],"class_list":{"0":"post-730788","1":"product","2":"type-product","3":"status-publish","5":"product_cat-cocuk-ve-genclik-kitaplari","6":"product_cat-okul-oncesi-kitaplar","7":"pa_cilt-ciltsiz","8":"pa_tur-kitap","9":"pa_yayinevi-is-bankasi-kultur-yayinlari","10":"pa_yazar-rebecca-cobb","12":"first","13":"instock","14":"sale","15":"shipping-taxable","16":"purchasable","17":"product-type-simple"},"_links":{"self":[{"href":"https:\/\/roveyayinevi.com.tr\/index.php\/wp-json\/wp\/v2\/product\/730788","targetHints":{"allow":["GET"]}}],"collection":[{"href":"https:\/\/roveyayinevi.com.tr\/index.php\/wp-json\/wp\/v2\/product"}],"about":[{"href":"https:\/\/roveyayinevi.com.tr\/index.php\/wp-json\/wp\/v2\/types\/product"}],"wp:attachment":[{"href":"https:\/\/roveyayinevi.com.tr\/index.php\/wp-json\/wp\/v2\/media?parent=730788"}],"wp:term":[{"taxonomy":"product_brand","embeddable":true,"href":"https:\/\/roveyayinevi.com.tr\/index.php\/wp-json\/wp\/v2\/product_brand?post=730788"},{"taxonomy":"product_cat","embeddable":true,"href":"https:\/\/roveyayinevi.com.tr\/index.php\/wp-json\/wp\/v2\/product_cat?post=730788"},{"taxonomy":"product_tag","embeddable":true,"href":"https:\/\/roveyayinevi.com.tr\/index.php\/wp-json\/wp\/v2\/product_tag?post=730788"}],"curies":[{"name":"wp","href":"https:\/\/api.w.org\/{rel}","templated":true}]}}