{"id":730787,"date":"2025-08-27T21:20:35","date_gmt":"2025-08-27T18:20:35","guid":{"rendered":"https:\/\/roveyayinevi.com.tr\/index.php\/urun\/surpriz-konuk\/"},"modified":"2026-04-16T02:38:37","modified_gmt":"2026-04-15T23:38:37","slug":"surpriz-konuk","status":"publish","type":"product","link":"https:\/\/roveyayinevi.com.tr\/index.php\/urun\/surpriz-konuk\/","title":{"rendered":"S\u00fcrpriz Konuk"},"content":{"rendered":"<p>Bir zamanlar k\u00fc\u00e7\u00fck bir bal\u0131k\u00e7\u0131 vard\u0131. B\u00fcy\u00fck, masmavi denizin ortas\u0131nda Kayal\u0131k k\u00fc\u00e7\u00fck bir adada ya\u015fard\u0131. Kovalar\u0131 bal\u0131kla dolup ta\u015f\u0131yordu Ama onlar\u0131 payla\u015facak kimsesi yoktu. G\u00fcnlerden bir g\u00fcn, \u00e7ok ama \u00e7ok B\u00dcY\u00dcK bir S\u00dcRPRIZ konuk dayand\u0131 kap\u0131s\u0131na&#8230; Bu harika resimli kitap, arkada\u015fl\u0131k, payla\u015f\u0131m ve denizlerimizdeki canl\u0131lara \u00f6zen g\u00f6stermek hakk\u0131nda s\u0131cac\u0131k bir \u00f6yk\u00fc anlat\u0131yor. <\/p>\n","protected":false},"excerpt":{"rendered":"<p>Bir zamanlar k\u00fc\u00e7\u00fck bir bal\u0131k\u00e7\u0131 vard\u0131. B\u00fcy\u00fck, masmavi denizin ortas\u0131nda Kayal\u0131k k\u00fc\u00e7\u00fck bir adada ya\u015fard\u0131. Kovalar\u0131 bal\u0131kla dolup ta\u015f\u0131yordu Ama onlar\u0131 payla\u015facak kimsesi yoktu. G\u00fcnlerden bir<span class=\"excerpt-hellip\"> [\u2026]<\/span><\/p>\n","protected":false},"featured_media":0,"template":"","meta":{"_monsterinsights_skip_tracking":false,"_monsterinsights_sitenote_active":false,"_monsterinsights_sitenote_note":"","_monsterinsights_sitenote_category":0},"product_brand":[],"product_cat":[12274,12518],"product_tag":[],"class_list":{"0":"post-730787","1":"product","2":"type-product","3":"status-publish","5":"product_cat-cocuk-ve-genclik-kitaplari","6":"product_cat-okul-oncesi-kitaplar","7":"pa_cilt-ciltsiz","8":"pa_tur-kitap","9":"pa_yayinevi-is-bankasi-kultur-yayinlari","10":"pa_yazar-jessica-courtney-tickle","12":"first","13":"instock","14":"sale","15":"shipping-taxable","16":"purchasable","17":"product-type-simple"},"_links":{"self":[{"href":"https:\/\/roveyayinevi.com.tr\/index.php\/wp-json\/wp\/v2\/product\/730787","targetHints":{"allow":["GET"]}}],"collection":[{"href":"https:\/\/roveyayinevi.com.tr\/index.php\/wp-json\/wp\/v2\/product"}],"about":[{"href":"https:\/\/roveyayinevi.com.tr\/index.php\/wp-json\/wp\/v2\/types\/product"}],"wp:attachment":[{"href":"https:\/\/roveyayinevi.com.tr\/index.php\/wp-json\/wp\/v2\/media?parent=730787"}],"wp:term":[{"taxonomy":"product_brand","embeddable":true,"href":"https:\/\/roveyayinevi.com.tr\/index.php\/wp-json\/wp\/v2\/product_brand?post=730787"},{"taxonomy":"product_cat","embeddable":true,"href":"https:\/\/roveyayinevi.com.tr\/index.php\/wp-json\/wp\/v2\/product_cat?post=730787"},{"taxonomy":"product_tag","embeddable":true,"href":"https:\/\/roveyayinevi.com.tr\/index.php\/wp-json\/wp\/v2\/product_tag?post=730787"}],"curies":[{"name":"wp","href":"https:\/\/api.w.org\/{rel}","templated":true}]}}