{"id":730786,"date":"2025-08-27T21:20:34","date_gmt":"2025-08-27T18:20:34","guid":{"rendered":"https:\/\/roveyayinevi.com.tr\/index.php\/urun\/sahil-gezisi\/"},"modified":"2026-04-16T02:38:37","modified_gmt":"2026-04-15T23:38:37","slug":"sahil-gezisi","status":"publish","type":"product","link":"https:\/\/roveyayinevi.com.tr\/index.php\/urun\/sahil-gezisi\/","title":{"rendered":"Sahil Gezisi"},"content":{"rendered":"<p>Bug\u00fcn b\u00fcy\u00fck g\u00fcn &#8211; Pamuk yard\u0131m almadan s\u00f6rf yapacak!  En az\u0131ndan sahibi b\u00f6yle d\u00fc\u015f\u00fcn\u00fcyor. Pamuk pek emin de\u011fil. Bu unutulmaz sahil maceras\u0131nda kocaman bir kumdan kale, \u00f6\u011fle yeme\u011finde k\u0131zarm\u0131\u015f bal\u0131k ve patates, bir s\u00fcr\u00fc tekne ve harika dalgalar sizi bekliyor. AVUSTRALYA SAH\u0130LLER\u0130N\u0130N E\u015eS\u0130Z G\u00dcZELL\u0130\u011e\u0130, OKYANUSUN G\u00d6Z ALICILI\u011eI VE KEND\u0130 YOLUNU BULMAK HAKKINDA B\u0130R \u00d6YK\u00dc. <\/p>\n","protected":false},"excerpt":{"rendered":"<p>Bug\u00fcn b\u00fcy\u00fck g\u00fcn &#8211; Pamuk yard\u0131m almadan s\u00f6rf yapacak! En az\u0131ndan sahibi b\u00f6yle d\u00fc\u015f\u00fcn\u00fcyor. Pamuk pek emin de\u011fil. Bu unutulmaz sahil maceras\u0131nda kocaman bir kumdan kale,<span class=\"excerpt-hellip\"> [\u2026]<\/span><\/p>\n","protected":false},"featured_media":0,"template":"","meta":{"_monsterinsights_skip_tracking":false,"_monsterinsights_sitenote_active":false,"_monsterinsights_sitenote_note":"","_monsterinsights_sitenote_category":0},"product_brand":[],"product_cat":[12274,12518],"product_tag":[],"class_list":{"0":"post-730786","1":"product","2":"type-product","3":"status-publish","5":"product_cat-cocuk-ve-genclik-kitaplari","6":"product_cat-okul-oncesi-kitaplar","7":"pa_cilt-ciltsiz","8":"pa_tur-kitap","9":"pa_yayinevi-is-bankasi-kultur-yayinlari","10":"pa_yazar-gwyn-perkins","12":"first","13":"instock","14":"sale","15":"shipping-taxable","16":"purchasable","17":"product-type-simple"},"_links":{"self":[{"href":"https:\/\/roveyayinevi.com.tr\/index.php\/wp-json\/wp\/v2\/product\/730786","targetHints":{"allow":["GET"]}}],"collection":[{"href":"https:\/\/roveyayinevi.com.tr\/index.php\/wp-json\/wp\/v2\/product"}],"about":[{"href":"https:\/\/roveyayinevi.com.tr\/index.php\/wp-json\/wp\/v2\/types\/product"}],"wp:attachment":[{"href":"https:\/\/roveyayinevi.com.tr\/index.php\/wp-json\/wp\/v2\/media?parent=730786"}],"wp:term":[{"taxonomy":"product_brand","embeddable":true,"href":"https:\/\/roveyayinevi.com.tr\/index.php\/wp-json\/wp\/v2\/product_brand?post=730786"},{"taxonomy":"product_cat","embeddable":true,"href":"https:\/\/roveyayinevi.com.tr\/index.php\/wp-json\/wp\/v2\/product_cat?post=730786"},{"taxonomy":"product_tag","embeddable":true,"href":"https:\/\/roveyayinevi.com.tr\/index.php\/wp-json\/wp\/v2\/product_tag?post=730786"}],"curies":[{"name":"wp","href":"https:\/\/api.w.org\/{rel}","templated":true}]}}