{"id":730783,"date":"2025-08-27T21:20:31","date_gmt":"2025-08-27T18:20:31","guid":{"rendered":"https:\/\/roveyayinevi.com.tr\/index.php\/urun\/kadinin-hic-sucu-yok\/"},"modified":"2026-04-16T02:38:37","modified_gmt":"2026-04-15T23:38:37","slug":"kadinin-hic-sucu-yok","status":"publish","type":"product","link":"https:\/\/roveyayinevi.com.tr\/index.php\/urun\/kadinin-hic-sucu-yok\/","title":{"rendered":"Kad\u0131n\u0131n Hi\u00e7 Su\u00e7u Yok"},"content":{"rendered":"<p>\u201cOrtal\u0131k fark\u0131ndal\u0131ktan ge\u00e7ilmiyor. Laf \u00e7ok, icraat yok. \u0130\u015f kurdeleyle, renkle, etiketle bitmiyor. Bir d\u00fc\u015f\u00fcn: Bu y\u0131l ka\u00e7 kad\u0131n ve \u00e7ocuk hayat\u0131n\u0131n son an\u0131yla y\u00fczle\u015fmek zorunda kald\u0131? O deh\u015feti d\u00fc\u015f\u00fcn.\u201dEv i\u00e7i istismar, kad\u0131nlar\u0131n ve \u00e7ocuklar\u0131n ya\u015famlar\u0131nda b\u00fcy\u00fck trajedilere ve travmalara yol a\u00e7\u0131yor ancak \u00e7o\u011fu adalet sistemi bu konuda yapt\u0131klar\u0131 ve yapmad\u0131klar\u0131yla yetersiz kal\u0131yor.Bireysel olarak ise yanl\u0131\u015f sorular ve yorumlarla sorun daha da \u00e7\u00f6z\u00fclmez k\u0131l\u0131n\u0131yor: \u201cKad\u0131n neden onu terk etmedi? Nas\u0131l olur da ayr\u0131lmaz? Ben olsam kesin ayr\u0131l\u0131rd\u0131m!\u201d Oysa sorulmas\u0131 gereken soru, erkeklerin bunu neden yapt\u0131\u011f\u0131\u2026 Erkekler neden ayr\u0131lm\u0131yor? Partnerlerinden bu kadar nefret ediyormu\u015f gibi g\u00f6r\u00fcnen bu erkekler neden hem kal\u0131p hem de partnerlerinin ya\u015famas\u0131na engel olmak i\u00e7in ellerinden geleni yap\u0131yorlar? Her \u015feyden \u00f6nce, partnerlerinin ya\u015famas\u0131na neden engel olmaya \u00e7al\u0131\u015f\u0131yorlar? Erkekler istismar ediyorlar \u00e7\u00fcnk\u00fc g\u00fc\u00e7 ve kontrol istiyorlar demek yetmez. Bunu neden istiyorlar?Stella \u00d6d\u00fcll\u00fc \u00e7arp\u0131c\u0131 eseri Kad\u0131n\u0131n Hi\u00e7 Su\u00e7u Yok: G\u00f6rmezden Geldi\u011fimiz Ev \u0130\u00e7i \u015eiddetin Tehlikeleri ile Jess Hill, erkeklerin \u015fiddet uygulamaya devam etme motivasyonlar\u0131n\u0131 sorgularken, hem \u015fiddetin iki y\u00fcz\u00fcn\u00fc okuyucusuna g\u00f6steriyor hem de istismarzede ile istismarc\u0131n\u0131n d\u00fcnyas\u0131nda neler olup bitti\u011fini anlat\u0131yor.\u201cOlga \u00fc\u00e7 ya\u015f\u0131ndayken, bir g\u00fcn anne babas\u0131n\u0131n yatak odas\u0131na dalm\u0131\u015f. O s\u0131rada annesine tecav\u00fcz etmeye \u00e7al\u0131\u015fan babas\u0131n\u0131 kolundan tutup uzakla\u015ft\u0131rmaya \u00e7al\u0131\u015f\u0131nca, babas\u0131 Olga\u2019ya tokat atm\u0131\u015f ve ona babalar\u0131na sayg\u0131s\u0131zl\u0131k eden k\u00fc\u00e7\u00fck k\u0131zlara ne oldu\u011funu \u00f6\u011fretece\u011fini s\u00f6ylemi\u015f. Hemen orada, annesinin g\u00f6zleri \u00f6n\u00fcnde, hen\u00fcz \u00fc\u00e7 ya\u015f\u0131ndaki Olga\u2019ya tecav\u00fcz etmi\u015f. Annesi, yar\u0131m a\u011f\u0131zla \u2018Yapma\u2019 demi\u015f ve sonra beyni durmu\u015f.\u201d\u015eiddetin yaln\u0131zca tek bir t\u00fcr\u00fc yok. Psikolojik ve ekonomik \u015fiddetin yan\u0131 s\u0131ra aile \u00fcyelerinin hayatlar\u0131yla tehdit edilmek kad\u0131nlar\u0131n ve \u00e7ocuklar\u0131n hayatlar\u0131n\u0131 i\u00e7inden \u00e7\u0131k\u0131lmas\u0131 zor bir d\u00f6ng\u00fcye hapsedebiliyor. Peki \u015fiddeti nas\u0131l tan\u0131r\u0131z? Manip\u00fclatif bir erkek kad\u0131n\u0131 nas\u0131l kendine ba\u011flar ve sonra hayat\u0131n\u0131 nas\u0131l kabusa \u00e7evirir?Jess Hill, d\u00fcnyada art\u0131k bir salg\u0131n halini alan erkek \u015fiddeti ve istismarzedelerle ilgili bildiklerimize meydan okuyor. Ma\u011fdurlar\u0131n partnerlerinin uygulad\u0131klar\u0131 \u015fiddete mazeret bulmalar\u0131na ve istismarc\u0131lar\u0131na geri d\u00f6nmelerine ya da onlarla ili\u015fkilerine devam etmelerine neden olan k\u00fclt\u00fcrel, psikolojik, ekonomik nedenleri bir bir s\u0131ral\u0131yor.\u201c\u0130stismarc\u0131n\u0131n en iyi numaras\u0131, istismar\u0131 g\u00f6r\u00fcnmez k\u0131lmakt\u0131r.\u201dPartneriniz, e\u015finiz telefonunuzun kablolar\u0131n\u0131 kesebilir, \u00f6zg\u00fcveninizin d\u00fc\u015fmesine neden olabilir ya da intihar etmekle sizi tehdit edip duygular\u0131n\u0131z\u0131 s\u00f6m\u00fcrebilir. Stat\u00fcn\u00fcz\u00fcn, dini inanc\u0131n\u0131z\u0131n, mesle\u011finizin, e\u011fitim seviyenizin ne oldu\u011funun hi\u00e7bir \u00f6nemi yok. Ev i\u00e7i istismar herkesin ba\u015f\u0131na gelebilir ve istismarc\u0131 tipleri di\u011ferlerinden ay\u0131rt edecek pek bir ipucu bulunmayabilir ba\u015flang\u0131\u00e7ta. \u00dcstelik fiziksel \u015fiddet kadar hatta daha da tehlikeli olan psikolojik \u015fiddet ma\u011fdurun hayat\u0131nda derin izler b\u0131rakabilir. \u00c7a\u011f\u0131m\u0131z\u0131n en b\u00fcy\u00fck dertlerinden biri olan aile i\u00e7i \u015fiddete, istismar\u0131n bile\u015fenlerine, erkeklerin kontrol kurma konusundaki \u0131srarlar\u0131na ve \u015fiddeti k\u00f6r\u00fckleyen sebeplere \u0131\u015f\u0131k tutan Kad\u0131n\u0131n Hi\u00e7 Su\u00e7u Yok: G\u00f6rmezden Geldi\u011fimiz Ev \u0130\u00e7i \u015eiddetin Tehlikeleri\u2019ni elinizden b\u0131rakamayacaks\u0131n\u0131z.<\/p>\n","protected":false},"excerpt":{"rendered":"<p>\u201cOrtal\u0131k fark\u0131ndal\u0131ktan ge\u00e7ilmiyor. Laf \u00e7ok, icraat yok. \u0130\u015f kurdeleyle, renkle, etiketle bitmiyor. Bir d\u00fc\u015f\u00fcn: Bu y\u0131l ka\u00e7 kad\u0131n ve \u00e7ocuk hayat\u0131n\u0131n son an\u0131yla y\u00fczle\u015fmek zorunda kald\u0131?<span class=\"excerpt-hellip\"> [\u2026]<\/span><\/p>\n","protected":false},"featured_media":0,"template":"","meta":{"_monsterinsights_skip_tracking":false,"_monsterinsights_sitenote_active":false,"_monsterinsights_sitenote_note":"","_monsterinsights_sitenote_category":0},"product_brand":[],"product_cat":[12358,12357],"product_tag":[],"class_list":{"0":"post-730783","1":"product","2":"type-product","3":"status-publish","5":"product_cat-genel-psikoloji","6":"product_cat-psikoloji","7":"pa_cilt-ciltsiz","8":"pa_tur-kitap","9":"pa_yayinevi-okuyan-us-yayin","10":"pa_yazar-jessica-hill","12":"first","13":"instock","14":"sale","15":"shipping-taxable","16":"purchasable","17":"product-type-simple"},"_links":{"self":[{"href":"https:\/\/roveyayinevi.com.tr\/index.php\/wp-json\/wp\/v2\/product\/730783","targetHints":{"allow":["GET"]}}],"collection":[{"href":"https:\/\/roveyayinevi.com.tr\/index.php\/wp-json\/wp\/v2\/product"}],"about":[{"href":"https:\/\/roveyayinevi.com.tr\/index.php\/wp-json\/wp\/v2\/types\/product"}],"wp:attachment":[{"href":"https:\/\/roveyayinevi.com.tr\/index.php\/wp-json\/wp\/v2\/media?parent=730783"}],"wp:term":[{"taxonomy":"product_brand","embeddable":true,"href":"https:\/\/roveyayinevi.com.tr\/index.php\/wp-json\/wp\/v2\/product_brand?post=730783"},{"taxonomy":"product_cat","embeddable":true,"href":"https:\/\/roveyayinevi.com.tr\/index.php\/wp-json\/wp\/v2\/product_cat?post=730783"},{"taxonomy":"product_tag","embeddable":true,"href":"https:\/\/roveyayinevi.com.tr\/index.php\/wp-json\/wp\/v2\/product_tag?post=730783"}],"curies":[{"name":"wp","href":"https:\/\/api.w.org\/{rel}","templated":true}]}}