{"id":730782,"date":"2025-08-27T21:20:30","date_gmt":"2025-08-27T18:20:30","guid":{"rendered":"https:\/\/roveyayinevi.com.tr\/index.php\/urun\/pek-urkutucu-olmayan-ayi\/"},"modified":"2026-04-16T02:38:37","modified_gmt":"2026-04-15T23:38:37","slug":"pek-urkutucu-olmayan-ayi","status":"publish","type":"product","link":"https:\/\/roveyayinevi.com.tr\/index.php\/urun\/pek-urkutucu-olmayan-ayi\/","title":{"rendered":"Pek \u00dcrk\u00fct\u00fcc\u00fc Olmayan Ay\u0131"},"content":{"rendered":"<p>\u00dcrk\u00fct\u00fcc\u00fc Ay\u0131 her g\u00fcn ormanda dolan\u0131r durur Korkutacak hayvan arar bulur. Her gece \u00f6yle bir g\u00fcrler ki Zavall\u0131 a\u011fa\u00e7lar\u0131n yapraklar\u0131 zang\u0131r zang\u0131r titrer Sanki deprem olmu\u015f gibi. Ama unutma, her \u015fey g\u00f6r\u00fcnd\u00fc\u011f\u00fc gibi de\u011fildir. \u00dcrk\u00fct\u00fcc\u00fc Ay\u0131\u2019n\u0131n bir s\u0131rr\u0131 var, acaba nedir? Pek \u00dcrk\u00fct\u00fcc\u00fc Olmayan Ay\u0131, hayal k\u0131r\u0131kl\u0131klar\u0131, arkada\u015fl\u0131k ve \u00fcrk\u00fct\u00fcc\u00fc veya de\u011fil kendin olmakla ilgili \u00e7ok sevimli bir masal. <\/p>\n","protected":false},"excerpt":{"rendered":"<p>\u00dcrk\u00fct\u00fcc\u00fc Ay\u0131 her g\u00fcn ormanda dolan\u0131r durur Korkutacak hayvan arar bulur. Her gece \u00f6yle bir g\u00fcrler ki Zavall\u0131 a\u011fa\u00e7lar\u0131n yapraklar\u0131 zang\u0131r zang\u0131r titrer Sanki deprem olmu\u015f<span class=\"excerpt-hellip\"> [\u2026]<\/span><\/p>\n","protected":false},"featured_media":0,"template":"","meta":{"_monsterinsights_skip_tracking":false,"_monsterinsights_sitenote_active":false,"_monsterinsights_sitenote_note":"","_monsterinsights_sitenote_category":0},"product_brand":[],"product_cat":[12274,12518],"product_tag":[],"class_list":{"0":"post-730782","1":"product","2":"type-product","3":"status-publish","5":"product_cat-cocuk-ve-genclik-kitaplari","6":"product_cat-okul-oncesi-kitaplar","7":"pa_cilt-ciltsiz","8":"pa_tur-kitap","9":"pa_yayinevi-is-bankasi-kultur-yayinlari","10":"pa_yazar-ruth-waters","12":"first","13":"instock","14":"sale","15":"shipping-taxable","16":"purchasable","17":"product-type-simple"},"_links":{"self":[{"href":"https:\/\/roveyayinevi.com.tr\/index.php\/wp-json\/wp\/v2\/product\/730782","targetHints":{"allow":["GET"]}}],"collection":[{"href":"https:\/\/roveyayinevi.com.tr\/index.php\/wp-json\/wp\/v2\/product"}],"about":[{"href":"https:\/\/roveyayinevi.com.tr\/index.php\/wp-json\/wp\/v2\/types\/product"}],"wp:attachment":[{"href":"https:\/\/roveyayinevi.com.tr\/index.php\/wp-json\/wp\/v2\/media?parent=730782"}],"wp:term":[{"taxonomy":"product_brand","embeddable":true,"href":"https:\/\/roveyayinevi.com.tr\/index.php\/wp-json\/wp\/v2\/product_brand?post=730782"},{"taxonomy":"product_cat","embeddable":true,"href":"https:\/\/roveyayinevi.com.tr\/index.php\/wp-json\/wp\/v2\/product_cat?post=730782"},{"taxonomy":"product_tag","embeddable":true,"href":"https:\/\/roveyayinevi.com.tr\/index.php\/wp-json\/wp\/v2\/product_tag?post=730782"}],"curies":[{"name":"wp","href":"https:\/\/api.w.org\/{rel}","templated":true}]}}