{"id":730781,"date":"2025-08-27T21:20:29","date_gmt":"2025-08-27T18:20:29","guid":{"rendered":"https:\/\/roveyayinevi.com.tr\/index.php\/urun\/annem-de-cocukmus\/"},"modified":"2026-04-16T02:38:37","modified_gmt":"2026-04-15T23:38:37","slug":"annem-de-cocukmus","status":"publish","type":"product","link":"https:\/\/roveyayinevi.com.tr\/index.php\/urun\/annem-de-cocukmus\/","title":{"rendered":"Annem de \u00c7ocukmu\u015f"},"content":{"rendered":"<p>Sen hi\u00e7 be\u015fta\u015f oynad\u0131n m\u0131? Ya da k\u00f6rebe? Veya istop? Evde \u00e7ok s\u0131k\u0131lan Leyla, tam tabletini a\u00e7\u0131p \u00e7izgi film izleyece\u011fi s\u0131rada, annesi eski sand\u0131\u011f\u0131n\u0131 a\u00e7ar ve i\u00e7inden siyah beyaz foto\u011fraflar \u00e7\u0131kar\u0131r. Foto\u011fraflarda Leyla\u2019n\u0131n daha \u00f6nce hi\u00e7 duymad\u0131\u011f\u0131, oynamad\u0131\u011f\u0131 oyunlar vard\u0131r. Annesi de anlat\u0131r bu oyunlar\u0131 bir bir\u2026 Ama Leyla sadece yeni oyunlar \u00f6\u011frenmekle kalmaz, ba\u015fka bir s\u0131rr\u0131 daha \u00e7\u00f6zer! <\/p>\n","protected":false},"excerpt":{"rendered":"<p>Sen hi\u00e7 be\u015fta\u015f oynad\u0131n m\u0131? Ya da k\u00f6rebe? Veya istop? Evde \u00e7ok s\u0131k\u0131lan Leyla, tam tabletini a\u00e7\u0131p \u00e7izgi film izleyece\u011fi s\u0131rada, annesi eski sand\u0131\u011f\u0131n\u0131 a\u00e7ar ve<span class=\"excerpt-hellip\"> [\u2026]<\/span><\/p>\n","protected":false},"featured_media":0,"template":"","meta":{"_monsterinsights_skip_tracking":false,"_monsterinsights_sitenote_active":false,"_monsterinsights_sitenote_note":"","_monsterinsights_sitenote_category":0},"product_brand":[],"product_cat":[12274,12284],"product_tag":[],"class_list":{"0":"post-730781","1":"product","2":"type-product","3":"status-publish","5":"product_cat-cocuk-ve-genclik-kitaplari","6":"product_cat-hikayeler","7":"pa_cilt-ciltsiz","8":"pa_tur-kitap","9":"pa_yayinevi-masalperest","10":"pa_yazar-seda-aksoy-evren","12":"first","13":"instock","14":"sale","15":"shipping-taxable","16":"purchasable","17":"product-type-simple"},"_links":{"self":[{"href":"https:\/\/roveyayinevi.com.tr\/index.php\/wp-json\/wp\/v2\/product\/730781","targetHints":{"allow":["GET"]}}],"collection":[{"href":"https:\/\/roveyayinevi.com.tr\/index.php\/wp-json\/wp\/v2\/product"}],"about":[{"href":"https:\/\/roveyayinevi.com.tr\/index.php\/wp-json\/wp\/v2\/types\/product"}],"wp:attachment":[{"href":"https:\/\/roveyayinevi.com.tr\/index.php\/wp-json\/wp\/v2\/media?parent=730781"}],"wp:term":[{"taxonomy":"product_brand","embeddable":true,"href":"https:\/\/roveyayinevi.com.tr\/index.php\/wp-json\/wp\/v2\/product_brand?post=730781"},{"taxonomy":"product_cat","embeddable":true,"href":"https:\/\/roveyayinevi.com.tr\/index.php\/wp-json\/wp\/v2\/product_cat?post=730781"},{"taxonomy":"product_tag","embeddable":true,"href":"https:\/\/roveyayinevi.com.tr\/index.php\/wp-json\/wp\/v2\/product_tag?post=730781"}],"curies":[{"name":"wp","href":"https:\/\/api.w.org\/{rel}","templated":true}]}}