{"id":730780,"date":"2025-08-27T21:20:28","date_gmt":"2025-08-27T18:20:28","guid":{"rendered":"https:\/\/roveyayinevi.com.tr\/index.php\/urun\/her-yere-lazim-kucuk-ayi-zimzim\/"},"modified":"2026-04-16T02:38:37","modified_gmt":"2026-04-15T23:38:37","slug":"her-yere-lazim-kucuk-ayi-zimzim","status":"publish","type":"product","link":"https:\/\/roveyayinevi.com.tr\/index.php\/urun\/her-yere-lazim-kucuk-ayi-zimzim\/","title":{"rendered":"Her Yere Laz\u0131m K\u00fc\u00e7\u00fck Ay\u0131 Z\u0131mz\u0131m"},"content":{"rendered":"<p>Her Yere Laz\u0131m K\u00fc\u00e7\u00fck Ay\u0131 Z\u0131mz\u0131m, Birinci S\u0131n\u0131f\u2019taki k\u0131z erkek b\u00fct\u00fcn \u00f6\u011frencilerin arkada\u015f\u0131d\u0131r. Her hafta sonu \u00e7ocuklardan biri onu evine al\u0131r. Ama bir g\u00fcn K\u00fc\u00e7\u00fck Z\u0131mz\u0131m d\u00fc\u015ft\u00fc s\u0131rt \u00e7antas\u0131ndan sulara Ve \u00e7ok b\u00fcy\u00fck bir maceraya at\u0131ld\u0131 tek ba\u015f\u0131na. <\/p>\n","protected":false},"excerpt":{"rendered":"<p>Her Yere Laz\u0131m K\u00fc\u00e7\u00fck Ay\u0131 Z\u0131mz\u0131m, Birinci S\u0131n\u0131f\u2019taki k\u0131z erkek b\u00fct\u00fcn \u00f6\u011frencilerin arkada\u015f\u0131d\u0131r. Her hafta sonu \u00e7ocuklardan biri onu evine al\u0131r. Ama bir g\u00fcn K\u00fc\u00e7\u00fck Z\u0131mz\u0131m<span class=\"excerpt-hellip\"> [\u2026]<\/span><\/p>\n","protected":false},"featured_media":0,"template":"","meta":{"_monsterinsights_skip_tracking":false,"_monsterinsights_sitenote_active":false,"_monsterinsights_sitenote_note":"","_monsterinsights_sitenote_category":0},"product_brand":[],"product_cat":[12274,12518],"product_tag":[],"class_list":{"0":"post-730780","1":"product","2":"type-product","3":"status-publish","5":"product_cat-cocuk-ve-genclik-kitaplari","6":"product_cat-okul-oncesi-kitaplar","7":"pa_cilt-ciltsiz","8":"pa_tur-kitap","9":"pa_yayinevi-is-bankasi-kultur-yayinlari","10":"pa_yazar-julia-donaldson","12":"first","13":"instock","14":"sale","15":"shipping-taxable","16":"purchasable","17":"product-type-simple"},"_links":{"self":[{"href":"https:\/\/roveyayinevi.com.tr\/index.php\/wp-json\/wp\/v2\/product\/730780","targetHints":{"allow":["GET"]}}],"collection":[{"href":"https:\/\/roveyayinevi.com.tr\/index.php\/wp-json\/wp\/v2\/product"}],"about":[{"href":"https:\/\/roveyayinevi.com.tr\/index.php\/wp-json\/wp\/v2\/types\/product"}],"wp:attachment":[{"href":"https:\/\/roveyayinevi.com.tr\/index.php\/wp-json\/wp\/v2\/media?parent=730780"}],"wp:term":[{"taxonomy":"product_brand","embeddable":true,"href":"https:\/\/roveyayinevi.com.tr\/index.php\/wp-json\/wp\/v2\/product_brand?post=730780"},{"taxonomy":"product_cat","embeddable":true,"href":"https:\/\/roveyayinevi.com.tr\/index.php\/wp-json\/wp\/v2\/product_cat?post=730780"},{"taxonomy":"product_tag","embeddable":true,"href":"https:\/\/roveyayinevi.com.tr\/index.php\/wp-json\/wp\/v2\/product_tag?post=730780"}],"curies":[{"name":"wp","href":"https:\/\/api.w.org\/{rel}","templated":true}]}}