{"id":730779,"date":"2025-08-27T21:20:27","date_gmt":"2025-08-27T18:20:27","guid":{"rendered":"https:\/\/roveyayinevi.com.tr\/index.php\/urun\/cadi-savaslari\/"},"modified":"2026-04-12T02:45:44","modified_gmt":"2026-04-11T23:45:44","slug":"cadi-savaslari","status":"publish","type":"product","link":"https:\/\/roveyayinevi.com.tr\/index.php\/urun\/cadi-savaslari\/","title":{"rendered":"Cad\u0131 Sava\u015flar\u0131"},"content":{"rendered":"<p>B\u00fcy\u00fcler, yar\u0131\u015fmalar ve moda \u00e7eki\u015fmeleri&#8230; Cad\u0131lar aras\u0131nda KIYASIYA B\u0130R REKABET!Cad\u0131lar\u0131n lavabo borular\u0131n\u0131n derinlerinde ya\u015fad\u0131klar\u0131 gizli bir \u015fehir var. Mira B\u0131c\u0131ybend, bu \u015fehri ve onun tuhaf kurallar\u0131n\u0131 bilmiyordu ta ki efsanevi bir peri, ona bir cad\u0131 oldu\u011funu s\u00f6yleyene ve onu bilmecelerle dolu bir yar\u0131\u015fma olan Cad\u0131 Sava\u015flar\u0131\u2019na kat\u0131lmas\u0131 i\u00e7in \u015ea\u015faa \u015eehir\u2019e g\u00f6t\u00fcr\u00fcnceye kadar! Sizleri ola\u011fan\u00fcst\u00fc bir evrene davet eden bu hik\u00e2yede garip cad\u0131lar ve devasa bir ayakkab\u0131 var. Acaba Mira bu yar\u0131\u015fmay\u0131 kazanabilecek mi? \u0130\u015fte bu, pek m\u00fcmk\u00fcn g\u00f6r\u00fcnm\u00fcyor.<\/p>\n","protected":false},"excerpt":{"rendered":"<p>B\u00fcy\u00fcler, yar\u0131\u015fmalar ve moda \u00e7eki\u015fmeleri&#8230; Cad\u0131lar aras\u0131nda KIYASIYA B\u0130R REKABET!Cad\u0131lar\u0131n lavabo borular\u0131n\u0131n derinlerinde ya\u015fad\u0131klar\u0131 gizli bir \u015fehir var. Mira B\u0131c\u0131ybend, bu \u015fehri ve onun tuhaf kurallar\u0131n\u0131<span class=\"excerpt-hellip\"> [\u2026]<\/span><\/p>\n","protected":false},"featured_media":0,"template":"","meta":{"_monsterinsights_skip_tracking":false,"_monsterinsights_sitenote_active":false,"_monsterinsights_sitenote_note":"","_monsterinsights_sitenote_category":0},"product_brand":[],"product_cat":[12275,12274],"product_tag":[],"class_list":{"0":"post-730779","1":"product","2":"type-product","3":"status-publish","5":"product_cat-6-12-yas-kitaplari","6":"product_cat-cocuk-ve-genclik-kitaplari","7":"pa_cilt-ciltli","8":"pa_tur-kitap","9":"pa_yayinevi-epsilon-yayinlari","10":"pa_yazar-sibeal-pounder","12":"first","13":"instock","14":"sale","15":"shipping-taxable","16":"purchasable","17":"product-type-simple"},"_links":{"self":[{"href":"https:\/\/roveyayinevi.com.tr\/index.php\/wp-json\/wp\/v2\/product\/730779","targetHints":{"allow":["GET"]}}],"collection":[{"href":"https:\/\/roveyayinevi.com.tr\/index.php\/wp-json\/wp\/v2\/product"}],"about":[{"href":"https:\/\/roveyayinevi.com.tr\/index.php\/wp-json\/wp\/v2\/types\/product"}],"wp:attachment":[{"href":"https:\/\/roveyayinevi.com.tr\/index.php\/wp-json\/wp\/v2\/media?parent=730779"}],"wp:term":[{"taxonomy":"product_brand","embeddable":true,"href":"https:\/\/roveyayinevi.com.tr\/index.php\/wp-json\/wp\/v2\/product_brand?post=730779"},{"taxonomy":"product_cat","embeddable":true,"href":"https:\/\/roveyayinevi.com.tr\/index.php\/wp-json\/wp\/v2\/product_cat?post=730779"},{"taxonomy":"product_tag","embeddable":true,"href":"https:\/\/roveyayinevi.com.tr\/index.php\/wp-json\/wp\/v2\/product_tag?post=730779"}],"curies":[{"name":"wp","href":"https:\/\/api.w.org\/{rel}","templated":true}]}}