{"id":730777,"date":"2025-08-27T21:20:25","date_gmt":"2025-08-27T18:20:25","guid":{"rendered":"https:\/\/roveyayinevi.com.tr\/index.php\/urun\/antik-donemden-gunumuze-gayrinizami-harp\/"},"modified":"2026-04-16T02:38:37","modified_gmt":"2026-04-15T23:38:37","slug":"antik-donemden-gunumuze-gayrinizami-harp","status":"publish","type":"product","link":"https:\/\/roveyayinevi.com.tr\/index.php\/urun\/antik-donemden-gunumuze-gayrinizami-harp\/","title":{"rendered":"Antik D\u00f6nemden G\u00fcn\u00fcm\u00fcze Gayrinizami Harp"},"content":{"rendered":"<p>GAYR\u0130N\u0130ZAM\u0130 HARB\u0130N K\u00d6KENLER\u0130,TAKT\u0130KLER\u0130 VE GER\u0130LLALAR\u2026K\u00fcresel silahl\u0131 \u00e7at\u0131\u015fmalara bak\u0131ld\u0131\u011f\u0131nda en fazla \u00f6ne \u00e7\u0131kan muharebe t\u00fcr\u00fcn\u00fcn, yeni nesil tezah\u00fcrleriyle gayrinizami harp ve gayrinizami kuvvetlere kar\u015f\u0131 harekat oldu\u011fu s\u00f6ylenebilir. Bu \u00f6nemine kar\u015f\u0131n, T\u00fcrk\u00e7e literat\u00fcrde gayrinizami harp hak etti\u011fi de\u011feri g\u00f6rmemi\u015ftir. Gizli Te\u015fkilatlar Serisi\u2019nin elinizdeki yeni kitab\u0131 \u00fclkemizde hen\u00fcz emekleme a\u015famas\u0131nda olan gayrinizami harp \u00e7al\u0131\u015fmalar\u0131n\u0131 marjinal bir konu ba\u015fl\u0131\u011f\u0131 olman\u0131n \u00f6tesine ta\u015f\u0131maya katk\u0131 sa\u011flamay\u0131 ama\u00e7lamaktad\u0131r.Brian Hughes ve Fergus Robson\u2019\u0131n edit\u00f6rl\u00fc\u011f\u00fcn\u00fc \u00fcstlendi\u011fi kitap okuyuculara zaman ve mekanda olduk\u00e7a geni\u015f bir yelpazede, dikkat \u00e7ekici bir\u00e7ok konu ba\u015fl\u0131\u011f\u0131 sunuyor. Ayaklanma ve ayaklanmaya kar\u015f\u0131 koyma \u00e7er\u00e7evesinde kitapta, Afganistan, Cezayir, Filistin, \u0130rlanda ve Amerika\u2019daki modern \u00f6rnekler i\u015fleniyor. Dahas\u0131 kitap kronolojik olarak M.\u00d6. 7. y\u00fczy\u0131la kadar geri giderek gayrinizami harp uygulamalar\u0131ndaki kesinti, kopukluk ve de\u011fi\u015fimin yan\u0131 s\u0131ra s\u00fcreklilikleri de g\u00f6rmemizi sa\u011fl\u0131yor. Frans\u0131z Ordusu\u2019nun Vend\u00e9e, \u0130talya, M\u0131s\u0131r ve Suriye\u2019de ayaklanmalar ve \u015fiddetli mukavemet kar\u015f\u0131s\u0131ndaki tutumu, freebooter\u2019lar\u0131n Hollanda\u2019da y\u00fcr\u00fctt\u00fc\u011f\u00fc k\u00fc\u00e7\u00fck sava\u015f, ge\u00e7 d\u00f6nem Orta\u00e7a\u011f \u0130sko\u00e7ya\u2019s\u0131nda  gerilla harbi, M.\u00d6. 2. y\u00fczy\u0131l  M\u0131s\u0131r\u2019\u0131nda gerilla harbi ve eski Yunan sava\u015f tarz\u0131ndaki \u00e7e\u015fitlilik kitapta i\u015flenen di\u011fer konu ba\u015fl\u0131klar\u0131. &#8220;Antik D\u00f6nemden G\u00fcn\u00fcm\u00fcze Gayrinizami Harp&#8221;, yery\u00fcz\u00fcnde en \u00e7ok g\u00f6r\u00fclen bu muharebe t\u00fcr\u00fcn\u00fcn k\u00f6kenlerini, taktiklerini, \u00e7e\u015fitli zaman ve co\u011frafyadaki uygulamalar\u0131n\u0131 merak eden herkesin ilgi duyaca\u011f\u0131 bir \u00e7al\u0131\u015fma.<\/p>\n","protected":false},"excerpt":{"rendered":"<p>GAYR\u0130N\u0130ZAM\u0130 HARB\u0130N K\u00d6KENLER\u0130,TAKT\u0130KLER\u0130 VE GER\u0130LLALAR\u2026K\u00fcresel silahl\u0131 \u00e7at\u0131\u015fmalara bak\u0131ld\u0131\u011f\u0131nda en fazla \u00f6ne \u00e7\u0131kan muharebe t\u00fcr\u00fcn\u00fcn, yeni nesil tezah\u00fcrleriyle gayrinizami harp ve gayrinizami kuvvetlere kar\u015f\u0131 harekat oldu\u011fu s\u00f6ylenebilir.<span class=\"excerpt-hellip\"> [\u2026]<\/span><\/p>\n","protected":false},"featured_media":0,"template":"","meta":{"_monsterinsights_skip_tracking":false,"_monsterinsights_sitenote_active":false,"_monsterinsights_sitenote_note":"","_monsterinsights_sitenote_category":0},"product_brand":[],"product_cat":[12370,12304],"product_tag":[],"class_list":{"0":"post-730777","1":"product","2":"type-product","3":"status-publish","5":"product_cat-arastirma-inceleme","6":"product_cat-tarih","7":"pa_cilt-ciltsiz","8":"pa_tur-kitap","9":"pa_yayinevi-kronik-kitap","10":"pa_yazar-brian-hughes-fergus-robson","12":"first","13":"instock","14":"sale","15":"shipping-taxable","16":"purchasable","17":"product-type-simple"},"_links":{"self":[{"href":"https:\/\/roveyayinevi.com.tr\/index.php\/wp-json\/wp\/v2\/product\/730777","targetHints":{"allow":["GET"]}}],"collection":[{"href":"https:\/\/roveyayinevi.com.tr\/index.php\/wp-json\/wp\/v2\/product"}],"about":[{"href":"https:\/\/roveyayinevi.com.tr\/index.php\/wp-json\/wp\/v2\/types\/product"}],"wp:attachment":[{"href":"https:\/\/roveyayinevi.com.tr\/index.php\/wp-json\/wp\/v2\/media?parent=730777"}],"wp:term":[{"taxonomy":"product_brand","embeddable":true,"href":"https:\/\/roveyayinevi.com.tr\/index.php\/wp-json\/wp\/v2\/product_brand?post=730777"},{"taxonomy":"product_cat","embeddable":true,"href":"https:\/\/roveyayinevi.com.tr\/index.php\/wp-json\/wp\/v2\/product_cat?post=730777"},{"taxonomy":"product_tag","embeddable":true,"href":"https:\/\/roveyayinevi.com.tr\/index.php\/wp-json\/wp\/v2\/product_tag?post=730777"}],"curies":[{"name":"wp","href":"https:\/\/api.w.org\/{rel}","templated":true}]}}