{"id":730773,"date":"2025-08-27T21:20:21","date_gmt":"2025-08-27T18:20:21","guid":{"rendered":"https:\/\/roveyayinevi.com.tr\/index.php\/urun\/cagri-bey\/"},"modified":"2026-04-16T02:38:36","modified_gmt":"2026-04-15T23:38:36","slug":"cagri-bey","status":"publish","type":"product","link":"https:\/\/roveyayinevi.com.tr\/index.php\/urun\/cagri-bey\/","title":{"rendered":"\u00c7a\u011fr\u0131 Bey"},"content":{"rendered":"<p>AT \u00dcST\u00dcNDEK\u0130 SAVA\u015e\u00c7I: \u00c7A\u011eRI BEY\u2026T\u00fcrkler, tarihleri boyunca pek \u00e7ok devlet kurmu\u015ftur. Hi\u00e7 \u015f\u00fcphesiz kurulan bu devletler her defas\u0131nda m\u00fcmtaz bir \u015fahsiyeti de tarihin sayfalar\u0131na kaz\u0131m\u0131\u015ft\u0131r. Bu m\u00fcmtaz \u015fahsiyetlerden biri de \u00c7a\u011fr\u0131 Bey\u2019dir. Genellikle Tu\u011frul Bey\u2019in g\u00f6lgesinde kalan \u00c7a\u011fr\u0131 Bey, asl\u0131na bak\u0131ld\u0131\u011f\u0131nda B\u00fcy\u00fck Sel\u00e7uklular\u2019\u0131n kurucusu ve bir nevi \u201cG\u00f6lge Sultan\u0131\u201dd\u0131r. \u00c7a\u011fr\u0131 Bey\u2019in devletin kurulmas\u0131na olan katk\u0131s\u0131 sadece asker\u00ee anlamda olmam\u0131\u015f, fikr\u00ee anlamda da kendisini hissettirmi\u015ftir. Sel\u00e7uklular, \u00c7a\u011fr\u0131 Bey\u2019in cesareti ve asker\u00ee taktikleri sayesinde d\u00f6nemin \u00f6nemli ordular\u0131ndan birine kar\u015f\u0131 durabilmi\u015f, ard\u0131ndan da \u00fcst\u00fcn gelmeyi ba\u015farm\u0131\u015ft\u0131r.Dandanakan\u2019dan \u00f6nce yap\u0131lan m\u00fccadele ve hemen ard\u0131ndan sava\u015f\u0131n kazan\u0131lmas\u0131 \u00c7a\u011fr\u0131 Bey\u2019in \u00f6ng\u00f6r\u00fcleri sayesinde m\u00fcmk\u00fcn olabilmi\u015ftir. \u00c7a\u011fr\u0131 Bey, ayaklar\u0131n\u0131n Horasan\u2019dan kesilmesi halinde bir daha bu co\u011frafyada tutunmalar\u0131n\u0131n da m\u00fcmk\u00fcn olamayaca\u011f\u0131n\u0131 tahmin etti\u011finden Gazneliler\u2019in kar\u015f\u0131s\u0131na \u00e7\u0131karak sava\u015fma konusunda \u0131srarc\u0131 olmu\u015f, kazan\u0131lan zafer sayesinde de B\u00fcy\u00fck Sel\u00e7uklular Devleti kurulabilmi\u015ftir.&#8221;Sultan Alp Arslan&#8221; ve &#8220;B\u00fcy\u00fck Sel\u00e7uklular&#8221; adl\u0131 eserleriyle, T\u00fcrk tarihinde \u00e7o\u011fu zaman g\u00f6z ard\u0131 edilen kritik bir d\u00f6nemi yeniden g\u00fcndeme ta\u015f\u0131yan Cihan Piyadeo\u011flu\u2019nun elinizdeki eseri, \u00c7a\u011fr\u0131 Bey\u2019i \u00fc\u00e7 b\u00f6l\u00fcmde inceliyor. \u0130lk b\u00f6l\u00fcmde devletin kurulu\u015funa kadar ge\u00e7en s\u00fcre\u00e7teki faaliyetleri ele al\u0131n\u0131yor. \u0130kinci b\u00f6l\u00fcmde Dandanakan Zaferi sonras\u0131ndaki h\u00e2kimiyet b\u00f6lgesi, \u00fc\u00e7\u00fcnc\u00fc b\u00f6l\u00fcmde ise sava\u015f\u00e7\u0131 ki\u015fili\u011fi ortaya konuyor.&#8221;\u00c7a\u011fr\u0131 Bey: Sel\u00e7uklular\u0131n Kurulu\u015f Hik\u00e2yesi&#8221;, alan\u0131nda yaz\u0131lm\u0131\u015f en derinlikli \u00e7al\u0131\u015fma olarak bir kaynak niteli\u011fi ta\u015f\u0131yor\u2026<\/p>\n","protected":false},"excerpt":{"rendered":"<p>AT \u00dcST\u00dcNDEK\u0130 SAVA\u015e\u00c7I: \u00c7A\u011eRI BEY\u2026T\u00fcrkler, tarihleri boyunca pek \u00e7ok devlet kurmu\u015ftur. Hi\u00e7 \u015f\u00fcphesiz kurulan bu devletler her defas\u0131nda m\u00fcmtaz bir \u015fahsiyeti de tarihin sayfalar\u0131na kaz\u0131m\u0131\u015ft\u0131r. Bu<span class=\"excerpt-hellip\"> [\u2026]<\/span><\/p>\n","protected":false},"featured_media":0,"template":"","meta":{"_monsterinsights_skip_tracking":false,"_monsterinsights_sitenote_active":false,"_monsterinsights_sitenote_note":"","_monsterinsights_sitenote_category":0},"product_brand":[],"product_cat":[12370,12304],"product_tag":[],"class_list":{"0":"post-730773","1":"product","2":"type-product","3":"status-publish","5":"product_cat-arastirma-inceleme","6":"product_cat-tarih","7":"pa_cilt-ciltsiz","8":"pa_tur-kitap","9":"pa_yayinevi-kronik-kitap","10":"pa_yazar-cihan-piyadeoglu","12":"first","13":"instock","14":"sale","15":"shipping-taxable","16":"purchasable","17":"product-type-simple"},"_links":{"self":[{"href":"https:\/\/roveyayinevi.com.tr\/index.php\/wp-json\/wp\/v2\/product\/730773","targetHints":{"allow":["GET"]}}],"collection":[{"href":"https:\/\/roveyayinevi.com.tr\/index.php\/wp-json\/wp\/v2\/product"}],"about":[{"href":"https:\/\/roveyayinevi.com.tr\/index.php\/wp-json\/wp\/v2\/types\/product"}],"wp:attachment":[{"href":"https:\/\/roveyayinevi.com.tr\/index.php\/wp-json\/wp\/v2\/media?parent=730773"}],"wp:term":[{"taxonomy":"product_brand","embeddable":true,"href":"https:\/\/roveyayinevi.com.tr\/index.php\/wp-json\/wp\/v2\/product_brand?post=730773"},{"taxonomy":"product_cat","embeddable":true,"href":"https:\/\/roveyayinevi.com.tr\/index.php\/wp-json\/wp\/v2\/product_cat?post=730773"},{"taxonomy":"product_tag","embeddable":true,"href":"https:\/\/roveyayinevi.com.tr\/index.php\/wp-json\/wp\/v2\/product_tag?post=730773"}],"curies":[{"name":"wp","href":"https:\/\/api.w.org\/{rel}","templated":true}]}}