{"id":730769,"date":"2025-08-27T21:20:17","date_gmt":"2025-08-27T18:20:17","guid":{"rendered":"https:\/\/roveyayinevi.com.tr\/index.php\/urun\/bildircin-kari-dag-gunlukleri\/"},"modified":"2026-03-01T03:00:13","modified_gmt":"2026-03-01T00:00:13","slug":"bildircin-kari-dag-gunlukleri","status":"publish","type":"product","link":"https:\/\/roveyayinevi.com.tr\/index.php\/urun\/bildircin-kari-dag-gunlukleri\/","title":{"rendered":"B\u0131ld\u0131rc\u0131n Kar\u0131 \u2013 Da\u011f G\u00fcnl\u00fckleri"},"content":{"rendered":"<p>Kesintiye u\u011frayan ilkbahar\u0131n \u00e7i\u00e7ekler, b\u00f6cekler ve etrafta g\u00f6rd\u00fc\u011f\u00fcm ku\u015flar i\u00e7in bir haks\u0131zl\u0131k oldu\u011funu d\u00fc\u015f\u00fcnerek kendi kendime onlara ne olaca\u011f\u0131n\u0131 sorarken Rigoni Stern\u2019in ge\u00e7 gelen karlar\u0131n s\u0131n\u0131fland\u0131rmas\u0131n\u0131 yapt\u0131\u011f\u0131 bir \u00f6yk\u00fcs\u00fcn\u00fc buldum. Martta ya\u011fan \u201ck\u0131rlang\u0131\u00e7 kar\u0131\u201d, nisandaki \u201cgugukku\u015fu kar\u0131\u201d ve sonuncusu da \u201cb\u0131ld\u0131rc\u0131n kar\u0131\u201d idi. \u201cKuzeyden gelen bir bulut k\u00fcmesi, bir esinti, aniden d\u00fc\u015fen hava s\u0131cakl\u0131\u011f\u0131 ve i\u015fte, may\u0131s kar\u0131. Sadece birka\u00e7 saat s\u00fcrer, ama bu s\u00fcre yuvalar\u0131ndaki ku\u015flar\u0131 \u00fcrk\u00fctmeye, kovanlar\u0131n\u0131n d\u0131\u015f\u0131ndayken bask\u0131na u\u011frayan ar\u0131lara \u00f6l\u00fcm sa\u00e7maya ve do\u011furmay\u0131 bekleyen di\u015fi karacalar\u0131 endi\u015felendirmeye yeter.\u201d   2018 y\u0131l\u0131nda Kafka Kitap\u2019\u0131n okurla bulu\u015fturdu\u011fu otobiyografik roman\u0131 Sekiz Da\u011f ile uluslararas\u0131 \u00e7apta bilinirlik kazan\u0131p pek \u00e7ok \u00f6d\u00fcl\u00fc kucaklayan Cognetti, B\u0131ld\u0131rc\u0131n Kar\u0131\u2019nda \u00f6yk\u00fcs\u00fcn\u00fc anlatmaya devam ediyor. \u015eehirdeki ya\u015fam iyiden iyiye bunalt\u0131c\u0131 gelince \u0130talyan Alpleri\u2019ne ka\u00e7maya karar veren Paolo, on y\u0131ll\u0131k bir aran\u0131n ard\u0131ndan d\u00f6nd\u00fc\u011f\u00fc da\u011f evi sayesinde ya\u015fam\u0131 yeniden ke\u015ffetmeye koyulur. Hi\u00e7li\u011fin ortas\u0131nda edinilen dostlar, yabani ya\u015fam, durmaks\u0131z\u0131n ya\u011fan kar ve yaln\u0131zl\u0131\u011f\u0131n kesif sessizli\u011fi&#8230; B\u0131ld\u0131rc\u0131n Kar\u0131, Cognetti\u2019nin lirik anlat\u0131m\u0131yla do\u011fan\u0131n g\u00fcc\u00fcn\u00fc, s\u00fcrekli sorgulayan bir akl\u0131n gereklili\u011fini ve insan ruhunun direncini k\u0131sac\u0131k bir kitapta an\u0131tla\u015ft\u0131r\u0131yor. T\u0131pk\u0131 ona ismini veren kar t\u00fcr\u00fc gibi, yaln\u0131zca birka\u00e7 saat s\u00fcrse de olanca g\u00fcc\u00fcyle bast\u0131r\u0131p mevsimi de\u011fi\u015ftirmeye yetiyor. <\/p>\n","protected":false},"excerpt":{"rendered":"<p>Kesintiye u\u011frayan ilkbahar\u0131n \u00e7i\u00e7ekler, b\u00f6cekler ve etrafta g\u00f6rd\u00fc\u011f\u00fcm ku\u015flar i\u00e7in bir haks\u0131zl\u0131k oldu\u011funu d\u00fc\u015f\u00fcnerek kendi kendime onlara ne olaca\u011f\u0131n\u0131 sorarken Rigoni Stern\u2019in ge\u00e7 gelen karlar\u0131n s\u0131n\u0131fland\u0131rmas\u0131n\u0131<span class=\"excerpt-hellip\"> [\u2026]<\/span><\/p>\n","protected":false},"featured_media":0,"template":"","meta":{"_monsterinsights_skip_tracking":false,"_monsterinsights_sitenote_active":false,"_monsterinsights_sitenote_note":"","_monsterinsights_sitenote_category":0},"product_brand":[],"product_cat":[12291,50487],"product_tag":[],"class_list":{"0":"post-730769","1":"product","2":"type-product","3":"status-publish","5":"product_cat-edebiyat","6":"product_cat-kurgu","7":"pa_cilt-ciltsiz","8":"pa_tur-kitap","9":"pa_yayinevi-kafka-yayinevi","10":"pa_yazar-paolo-cognetti","12":"first","13":"instock","14":"sale","15":"shipping-taxable","16":"purchasable","17":"product-type-simple"},"_links":{"self":[{"href":"https:\/\/roveyayinevi.com.tr\/index.php\/wp-json\/wp\/v2\/product\/730769","targetHints":{"allow":["GET"]}}],"collection":[{"href":"https:\/\/roveyayinevi.com.tr\/index.php\/wp-json\/wp\/v2\/product"}],"about":[{"href":"https:\/\/roveyayinevi.com.tr\/index.php\/wp-json\/wp\/v2\/types\/product"}],"wp:attachment":[{"href":"https:\/\/roveyayinevi.com.tr\/index.php\/wp-json\/wp\/v2\/media?parent=730769"}],"wp:term":[{"taxonomy":"product_brand","embeddable":true,"href":"https:\/\/roveyayinevi.com.tr\/index.php\/wp-json\/wp\/v2\/product_brand?post=730769"},{"taxonomy":"product_cat","embeddable":true,"href":"https:\/\/roveyayinevi.com.tr\/index.php\/wp-json\/wp\/v2\/product_cat?post=730769"},{"taxonomy":"product_tag","embeddable":true,"href":"https:\/\/roveyayinevi.com.tr\/index.php\/wp-json\/wp\/v2\/product_tag?post=730769"}],"curies":[{"name":"wp","href":"https:\/\/api.w.org\/{rel}","templated":true}]}}