{"id":730766,"date":"2025-08-27T21:20:14","date_gmt":"2025-08-27T18:20:14","guid":{"rendered":"https:\/\/roveyayinevi.com.tr\/index.php\/urun\/georgeun-annesi\/"},"modified":"2026-04-05T02:46:02","modified_gmt":"2026-04-04T23:46:02","slug":"georgeun-annesi","status":"publish","type":"product","link":"https:\/\/roveyayinevi.com.tr\/index.php\/urun\/georgeun-annesi\/","title":{"rendered":"George\u2019un Annesi"},"content":{"rendered":"<p>Stephen Crane, New York\u2019ta ikamet etti\u011fi 1892-1894 y\u0131llar\u0131 aras\u0131nda en \u00e7arp\u0131c\u0131 hik\u00e2yelerini yazm\u0131\u015f, \u015fehrin g\u00f6r\u00fcnmeyen y\u00fcz\u00fcn\u00fc anlatm\u0131\u015ft\u0131r. 1896 y\u0131l\u0131nda yay\u0131mlanan George\u2019un Annesi de o d\u00f6nemde su\u00e7 ve yozla\u015fma ile an\u0131lan Bowery b\u00f6lgesinde ge\u00e7er. O\u011flu i\u00e7in endi\u015felenen bir anne ile umursamaz bir tav\u0131r sergilese de asl\u0131nda annesine k\u0131ymet veren George Kelcey\u2019nin g\u00fcndelik hayatlar\u0131n\u0131n hik\u00e2yesini anlat\u0131r. Bir tarafta annesinin George\u2019un alkole meyliyle m\u00fccadelesi, di\u011fer tarafta da George\u2019un i\u00e7indeki gece hayat\u0131 ve kilise ikilemi metnin temelini olu\u015fturur. Ya\u015fl\u0131 kad\u0131n ile o\u011flu, Sokak K\u0131z\u0131 Maggie\u2019deki Johnson\u2019larla ayn\u0131 binada ikamet eder ve hatta tan\u0131d\u0131k karakterlerle de yollar\u0131m\u0131z kesi\u015fir. Ancak George ile annesinin kom\u015fular\u0131na nazaran daha sevgi dolu bir ili\u015fkileri vard\u0131r. Anne s\u00fcrekli o\u011flunu merak edip korumakta, o\u011fluysa nispeten ba\u011f\u0131ms\u0131z ve \u00f6zg\u00fcr bir hayat\u0131n d\u00fc\u015f\u00fcn\u00fc kurmaktad\u0131r. Stephen Crane, s\u0131radan kimseleri ve kenar mahallelerdeki hayat\u0131 konu edindi\u011fi eserleriyle ger\u00e7ek\u00e7ilik ak\u0131m\u0131n\u0131n \u00f6nemli temsilcilerinden biri olmu\u015ftur. K\u00f6t\u00fc ve elveri\u015fsiz toplumsal ko\u015fullar kar\u015f\u0131s\u0131nda bireyin \u00e7aresizli\u011fini anlat\u0131rken sembolik ve ziyadesiyle ironik bir \u00fcslup kullan\u0131r. <\/p>\n","protected":false},"excerpt":{"rendered":"<p>Stephen Crane, New York\u2019ta ikamet etti\u011fi 1892-1894 y\u0131llar\u0131 aras\u0131nda en \u00e7arp\u0131c\u0131 hik\u00e2yelerini yazm\u0131\u015f, \u015fehrin g\u00f6r\u00fcnmeyen y\u00fcz\u00fcn\u00fc anlatm\u0131\u015ft\u0131r. 1896 y\u0131l\u0131nda yay\u0131mlanan George\u2019un Annesi de o d\u00f6nemde su\u00e7<span class=\"excerpt-hellip\"> [\u2026]<\/span><\/p>\n","protected":false},"featured_media":0,"template":"","meta":{"_monsterinsights_skip_tracking":false,"_monsterinsights_sitenote_active":false,"_monsterinsights_sitenote_note":"","_monsterinsights_sitenote_category":0},"product_brand":[],"product_cat":[12291,26797],"product_tag":[],"class_list":{"0":"post-730766","1":"product","2":"type-product","3":"status-publish","5":"product_cat-edebiyat","6":"product_cat-modern-klasikler","7":"pa_cilt-ciltsiz","8":"pa_tur-kitap","9":"pa_yayinevi-is-bankasi-kultur-yayinlari","10":"pa_yazar-stephen-crane","12":"first","13":"instock","14":"sale","15":"shipping-taxable","16":"purchasable","17":"product-type-simple"},"_links":{"self":[{"href":"https:\/\/roveyayinevi.com.tr\/index.php\/wp-json\/wp\/v2\/product\/730766","targetHints":{"allow":["GET"]}}],"collection":[{"href":"https:\/\/roveyayinevi.com.tr\/index.php\/wp-json\/wp\/v2\/product"}],"about":[{"href":"https:\/\/roveyayinevi.com.tr\/index.php\/wp-json\/wp\/v2\/types\/product"}],"wp:attachment":[{"href":"https:\/\/roveyayinevi.com.tr\/index.php\/wp-json\/wp\/v2\/media?parent=730766"}],"wp:term":[{"taxonomy":"product_brand","embeddable":true,"href":"https:\/\/roveyayinevi.com.tr\/index.php\/wp-json\/wp\/v2\/product_brand?post=730766"},{"taxonomy":"product_cat","embeddable":true,"href":"https:\/\/roveyayinevi.com.tr\/index.php\/wp-json\/wp\/v2\/product_cat?post=730766"},{"taxonomy":"product_tag","embeddable":true,"href":"https:\/\/roveyayinevi.com.tr\/index.php\/wp-json\/wp\/v2\/product_tag?post=730766"}],"curies":[{"name":"wp","href":"https:\/\/api.w.org\/{rel}","templated":true}]}}