{"id":730762,"date":"2025-08-27T21:20:10","date_gmt":"2025-08-27T18:20:10","guid":{"rendered":"https:\/\/roveyayinevi.com.tr\/index.php\/urun\/onkolojide-cocuk-beslenmesi-ve-yemek-tarifleri\/"},"modified":"2026-04-16T02:38:36","modified_gmt":"2026-04-15T23:38:36","slug":"onkolojide-cocuk-beslenmesi-ve-yemek-tarifleri","status":"publish","type":"product","link":"https:\/\/roveyayinevi.com.tr\/index.php\/urun\/onkolojide-cocuk-beslenmesi-ve-yemek-tarifleri\/","title":{"rendered":"Onkolojide \u00c7ocuk Beslenmesi Ve Yemek Tarifleri"},"content":{"rendered":"<p>Do\u011fru ve yeterli beslenme, kanser tedavisi s\u00fcrecinin \u00f6nemli bir unsurudur. Beslenmenin iyi yap\u0131labildi\u011fi hastalarda, yan etkilerin daha az g\u00f6r\u00fcld\u00fc\u011f\u00fc, tedavi ba\u015far\u0131s\u0131n\u0131n daha y\u00fcksek oldu\u011fu bilinmektedir. Geli\u015fmi\u015f t\u0131bbi tekniklerle birlikte beslenmenin de ayn\u0131 ciddiyet ve titizlikle s\u00fcrd\u00fcr\u00fclmesi sonu\u00e7lar\u0131 daha \u00fcst\u00fcn k\u0131lmaktad\u0131r.   \u00c7ocuklar ayn\u0131 zamanda b\u00fcy\u00fcyen ve geli\u015fen varl\u0131klar olduklar\u0131 i\u00e7in, yeterli ve do\u011fru beslenme \u00f6zellikle pediatrik onkoloji tedavilerinin ayr\u0131lmaz bir par\u00e7as\u0131 olmal\u0131d\u0131r.   Bu kitapta onkoloji servisinde tedavi g\u00f6ren \u00e7ocuklar\u0131m\u0131z i\u00e7in ebeveynlere yol g\u00f6stermeyi ve destek olmay\u0131 ama\u00e7layan bilgilerle birlikte tedavilere ve yan etkilerine g\u00f6re uygulanabilir yemek tariflerini bir arada bulacaks\u0131n\u0131z. <\/p>\n","protected":false},"excerpt":{"rendered":"<p>Do\u011fru ve yeterli beslenme, kanser tedavisi s\u00fcrecinin \u00f6nemli bir unsurudur. Beslenmenin iyi yap\u0131labildi\u011fi hastalarda, yan etkilerin daha az g\u00f6r\u00fcld\u00fc\u011f\u00fc, tedavi ba\u015far\u0131s\u0131n\u0131n daha y\u00fcksek oldu\u011fu bilinmektedir. Geli\u015fmi\u015f<span class=\"excerpt-hellip\"> [\u2026]<\/span><\/p>\n","protected":false},"featured_media":0,"template":"","meta":{"_monsterinsights_skip_tracking":false,"_monsterinsights_sitenote_active":false,"_monsterinsights_sitenote_note":"","_monsterinsights_sitenote_category":0},"product_brand":[],"product_cat":[13397,13365],"product_tag":[],"class_list":{"0":"post-730762","1":"product","2":"type-product","3":"status-publish","5":"product_cat-alternatif-tip-sifali-bitkiler","6":"product_cat-saglik","7":"pa_cilt-ciltsiz","8":"pa_tur-kitap","9":"pa_yayinevi-remzi-kitabevi","10":"pa_yazar-remzi-kitabevi-kolektif","12":"first","13":"instock","14":"sale","15":"shipping-taxable","16":"purchasable","17":"product-type-simple"},"_links":{"self":[{"href":"https:\/\/roveyayinevi.com.tr\/index.php\/wp-json\/wp\/v2\/product\/730762","targetHints":{"allow":["GET"]}}],"collection":[{"href":"https:\/\/roveyayinevi.com.tr\/index.php\/wp-json\/wp\/v2\/product"}],"about":[{"href":"https:\/\/roveyayinevi.com.tr\/index.php\/wp-json\/wp\/v2\/types\/product"}],"wp:attachment":[{"href":"https:\/\/roveyayinevi.com.tr\/index.php\/wp-json\/wp\/v2\/media?parent=730762"}],"wp:term":[{"taxonomy":"product_brand","embeddable":true,"href":"https:\/\/roveyayinevi.com.tr\/index.php\/wp-json\/wp\/v2\/product_brand?post=730762"},{"taxonomy":"product_cat","embeddable":true,"href":"https:\/\/roveyayinevi.com.tr\/index.php\/wp-json\/wp\/v2\/product_cat?post=730762"},{"taxonomy":"product_tag","embeddable":true,"href":"https:\/\/roveyayinevi.com.tr\/index.php\/wp-json\/wp\/v2\/product_tag?post=730762"}],"curies":[{"name":"wp","href":"https:\/\/api.w.org\/{rel}","templated":true}]}}