{"id":730759,"date":"2025-08-27T21:20:07","date_gmt":"2025-08-27T18:20:07","guid":{"rendered":"https:\/\/roveyayinevi.com.tr\/index.php\/urun\/devlet-hizmetinde-45-yil\/"},"modified":"2026-04-16T02:38:36","modified_gmt":"2026-04-15T23:38:36","slug":"devlet-hizmetinde-45-yil","status":"publish","type":"product","link":"https:\/\/roveyayinevi.com.tr\/index.php\/urun\/devlet-hizmetinde-45-yil\/","title":{"rendered":"Devlet Hizmetinde 45 Y\u0131l"},"content":{"rendered":"<p>Bu arma\u011fan kitap, T\u00fcrk Ordusu&#8217;nda ve \u00dcniversitelerinde T\u00fcrk d\u00fcnyas\u0131n\u0131n ve milletinin varl\u0131\u011f\u0131n\u0131n korunmas\u0131 ve s\u00fcrd\u00fcr\u00fclmesi yolunda vermi\u015f oldu\u011fu 45 y\u0131ll\u0131k \u00f6zverili resmi devlet hizmetinin sona ermesi vesilesiyle, Prof. Dr. Cemalettin Ta\u015fk\u0131ran&#8217;a, T\u00fcrkiye Cumhuriyeti Devleti&#8217;ne, aziz T\u00fcrk Milleti&#8217;ne ve T\u00fcrk d\u00fcnyas\u0131na birbirinden de\u011ferli katk\u0131lar\u0131ndan \u00f6t\u00fcr\u00fc m\u00fctevaz\u0131 bir te\u015fekk\u00fcr mahiyetinde sunulmu\u015ftur.<\/p>\n","protected":false},"excerpt":{"rendered":"<p>Bu arma\u011fan kitap, T\u00fcrk Ordusu&#8217;nda ve \u00dcniversitelerinde T\u00fcrk d\u00fcnyas\u0131n\u0131n ve milletinin varl\u0131\u011f\u0131n\u0131n korunmas\u0131 ve s\u00fcrd\u00fcr\u00fclmesi yolunda vermi\u015f oldu\u011fu 45 y\u0131ll\u0131k \u00f6zverili resmi devlet hizmetinin sona ermesi<span class=\"excerpt-hellip\"> [\u2026]<\/span><\/p>\n","protected":false},"featured_media":0,"template":"","meta":{"_monsterinsights_skip_tracking":false,"_monsterinsights_sitenote_active":false,"_monsterinsights_sitenote_note":"","_monsterinsights_sitenote_category":0},"product_brand":[],"product_cat":[12370,12304],"product_tag":[],"class_list":{"0":"post-730759","1":"product","2":"type-product","3":"status-publish","5":"product_cat-arastirma-inceleme","6":"product_cat-tarih","7":"pa_cilt-ciltsiz","8":"pa_tur-kitap","9":"pa_yayinevi-baris-kitap","10":"pa_yazar-kolektif","12":"first","13":"instock","14":"sale","15":"shipping-taxable","16":"purchasable","17":"product-type-simple"},"_links":{"self":[{"href":"https:\/\/roveyayinevi.com.tr\/index.php\/wp-json\/wp\/v2\/product\/730759","targetHints":{"allow":["GET"]}}],"collection":[{"href":"https:\/\/roveyayinevi.com.tr\/index.php\/wp-json\/wp\/v2\/product"}],"about":[{"href":"https:\/\/roveyayinevi.com.tr\/index.php\/wp-json\/wp\/v2\/types\/product"}],"wp:attachment":[{"href":"https:\/\/roveyayinevi.com.tr\/index.php\/wp-json\/wp\/v2\/media?parent=730759"}],"wp:term":[{"taxonomy":"product_brand","embeddable":true,"href":"https:\/\/roveyayinevi.com.tr\/index.php\/wp-json\/wp\/v2\/product_brand?post=730759"},{"taxonomy":"product_cat","embeddable":true,"href":"https:\/\/roveyayinevi.com.tr\/index.php\/wp-json\/wp\/v2\/product_cat?post=730759"},{"taxonomy":"product_tag","embeddable":true,"href":"https:\/\/roveyayinevi.com.tr\/index.php\/wp-json\/wp\/v2\/product_tag?post=730759"}],"curies":[{"name":"wp","href":"https:\/\/api.w.org\/{rel}","templated":true}]}}