{"id":730755,"date":"2025-08-27T21:20:03","date_gmt":"2025-08-27T18:20:03","guid":{"rendered":"https:\/\/roveyayinevi.com.tr\/index.php\/urun\/hayat-kaybettigin-yerden-baslar\/"},"modified":"2026-04-14T02:48:41","modified_gmt":"2026-04-13T23:48:41","slug":"hayat-kaybettigin-yerden-baslar","status":"publish","type":"product","link":"https:\/\/roveyayinevi.com.tr\/index.php\/urun\/hayat-kaybettigin-yerden-baslar\/","title":{"rendered":"Hayat Kaybetti\u011fin Yerden Ba\u015flar"},"content":{"rendered":"<p>\u201cKaybetti\u011finde de\u011fil, vazge\u00e7ti\u011finde yenilirsin\u201dB\u00fct\u00fcn d\u00fcnya bir araya gelse ve sana ge\u00e7 kald\u0131\u011f\u0131n\u0131 s\u00f6ylese bile, hay\u0131r, kalmad\u0131n!Aksine, tam da yeniden ba\u015flaman gereken noktadas\u0131n.\u00dcstelik bazen \u00f6yle d\u00fc\u015f\u00fcnmekten kendini alamasan da, hi\u00e7bir \u015fey kaybetmedin.Kaybettiklerin senden gitmesi gerekenlerdi\u2026Sen, seni daha da g\u00fczelle\u015ftirecek ad\u0131mlarla yoluna devam edeceksin.Kaybetti\u011fin i\u00e7in \u00fcz\u00fcld\u00fcklerinin, asl\u0131nda kurtuldu\u011fun y\u00fckler oldu\u011funu g\u00f6receksin.Mesele kaybetmekse, hayatta bu da var, kaybedeceksin; ama senden gidenlere \u00fcz\u00fclmeyeceksin, yerine daha iyilerini getireceksin.<\/p>\n","protected":false},"excerpt":{"rendered":"<p>\u201cKaybetti\u011finde de\u011fil, vazge\u00e7ti\u011finde yenilirsin\u201dB\u00fct\u00fcn d\u00fcnya bir araya gelse ve sana ge\u00e7 kald\u0131\u011f\u0131n\u0131 s\u00f6ylese bile, hay\u0131r, kalmad\u0131n!Aksine, tam da yeniden ba\u015flaman gereken noktadas\u0131n.\u00dcstelik bazen \u00f6yle d\u00fc\u015f\u00fcnmekten kendini<span class=\"excerpt-hellip\"> [\u2026]<\/span><\/p>\n","protected":false},"featured_media":0,"template":"","meta":{"_monsterinsights_skip_tracking":false,"_monsterinsights_sitenote_active":false,"_monsterinsights_sitenote_note":"","_monsterinsights_sitenote_category":0},"product_brand":[],"product_cat":[12777,12291],"product_tag":[],"class_list":{"0":"post-730755","1":"product","2":"type-product","3":"status-publish","5":"product_cat-deneme","6":"product_cat-edebiyat","7":"pa_cilt-ciltsiz","8":"pa_tur-kitap","9":"pa_yayinevi-indigo-kitap","10":"pa_yazar-mirac-cagri-aktas","12":"first","13":"instock","14":"sale","15":"shipping-taxable","16":"purchasable","17":"product-type-simple"},"_links":{"self":[{"href":"https:\/\/roveyayinevi.com.tr\/index.php\/wp-json\/wp\/v2\/product\/730755","targetHints":{"allow":["GET"]}}],"collection":[{"href":"https:\/\/roveyayinevi.com.tr\/index.php\/wp-json\/wp\/v2\/product"}],"about":[{"href":"https:\/\/roveyayinevi.com.tr\/index.php\/wp-json\/wp\/v2\/types\/product"}],"wp:attachment":[{"href":"https:\/\/roveyayinevi.com.tr\/index.php\/wp-json\/wp\/v2\/media?parent=730755"}],"wp:term":[{"taxonomy":"product_brand","embeddable":true,"href":"https:\/\/roveyayinevi.com.tr\/index.php\/wp-json\/wp\/v2\/product_brand?post=730755"},{"taxonomy":"product_cat","embeddable":true,"href":"https:\/\/roveyayinevi.com.tr\/index.php\/wp-json\/wp\/v2\/product_cat?post=730755"},{"taxonomy":"product_tag","embeddable":true,"href":"https:\/\/roveyayinevi.com.tr\/index.php\/wp-json\/wp\/v2\/product_tag?post=730755"}],"curies":[{"name":"wp","href":"https:\/\/api.w.org\/{rel}","templated":true}]}}