{"id":730754,"date":"2025-08-27T21:20:02","date_gmt":"2025-08-27T18:20:02","guid":{"rendered":"https:\/\/roveyayinevi.com.tr\/index.php\/urun\/buz-sarayi\/"},"modified":"2026-04-16T02:38:36","modified_gmt":"2026-04-15T23:38:36","slug":"buz-sarayi","status":"publish","type":"product","link":"https:\/\/roveyayinevi.com.tr\/index.php\/urun\/buz-sarayi\/","title":{"rendered":"Buz Saray\u0131"},"content":{"rendered":"<p>1740 y\u0131l\u0131n\u0131n hemen ba\u015f\u0131nda, t\u00fcm Avrupa\u2019y\u0131 etkisi alt\u0131na alan \u015fiddetli bir k\u0131\u015f mevsiminde, \u00c7ari\u00e7e Anna\u2019n\u0131n emriyle St. Petersburg\u2019da in\u015fa ediliyor. Yap\u0131 malzemesi saf buz. Sadece yap\u0131 da de\u011fil, dekorasyonu, mobilyas\u0131 ve hatta yatak odas\u0131ndaki terlikler dahil t\u00fcm e\u015fya buzdan. \u00d6l\u00fcm ve a\u00e7l\u0131\u011f\u0131n k\u0131r\u0131p ge\u00e7irdi\u011fi bir d\u00f6nemde g\u00f6zleri \u00fczerine \u00e7eviren ola\u011fan\u00fcst\u00fc bir \u015fa\u015faa. Sanat\u0131n g\u00fcc\u00fcyle do\u011faya bir meydan okuyu\u015f oldu\u011fu kadar ayn\u0131 zamanda, ard\u0131ndaki niyetin tersine, her despotik rejimin er ge\u00e7 \u00e7\u00f6kece\u011finin simgesi bir bak\u0131ma: Havalar \u0131s\u0131n\u0131nca buzlar erir.<\/p>\n","protected":false},"excerpt":{"rendered":"<p>1740 y\u0131l\u0131n\u0131n hemen ba\u015f\u0131nda, t\u00fcm Avrupa\u2019y\u0131 etkisi alt\u0131na alan \u015fiddetli bir k\u0131\u015f mevsiminde, \u00c7ari\u00e7e Anna\u2019n\u0131n emriyle St. Petersburg\u2019da in\u015fa ediliyor. Yap\u0131 malzemesi saf buz. Sadece yap\u0131<span class=\"excerpt-hellip\"> [\u2026]<\/span><\/p>\n","protected":false},"featured_media":0,"template":"","meta":{"_monsterinsights_skip_tracking":false,"_monsterinsights_sitenote_active":false,"_monsterinsights_sitenote_note":"","_monsterinsights_sitenote_category":0},"product_brand":[],"product_cat":[13512,12408],"product_tag":[],"class_list":{"0":"post-730754","1":"product","2":"type-product","3":"status-publish","5":"product_cat-mimarlik","6":"product_cat-sanat","7":"pa_cilt-ciltsiz","8":"pa_tur-kitap","9":"pa_yayinevi-kirmizi-kedi-yayinevi","10":"pa_yazar-georg-wolfgang-krafft","12":"first","13":"instock","14":"sale","15":"shipping-taxable","16":"purchasable","17":"product-type-simple"},"_links":{"self":[{"href":"https:\/\/roveyayinevi.com.tr\/index.php\/wp-json\/wp\/v2\/product\/730754","targetHints":{"allow":["GET"]}}],"collection":[{"href":"https:\/\/roveyayinevi.com.tr\/index.php\/wp-json\/wp\/v2\/product"}],"about":[{"href":"https:\/\/roveyayinevi.com.tr\/index.php\/wp-json\/wp\/v2\/types\/product"}],"wp:attachment":[{"href":"https:\/\/roveyayinevi.com.tr\/index.php\/wp-json\/wp\/v2\/media?parent=730754"}],"wp:term":[{"taxonomy":"product_brand","embeddable":true,"href":"https:\/\/roveyayinevi.com.tr\/index.php\/wp-json\/wp\/v2\/product_brand?post=730754"},{"taxonomy":"product_cat","embeddable":true,"href":"https:\/\/roveyayinevi.com.tr\/index.php\/wp-json\/wp\/v2\/product_cat?post=730754"},{"taxonomy":"product_tag","embeddable":true,"href":"https:\/\/roveyayinevi.com.tr\/index.php\/wp-json\/wp\/v2\/product_tag?post=730754"}],"curies":[{"name":"wp","href":"https:\/\/api.w.org\/{rel}","templated":true}]}}