{"id":730752,"date":"2025-08-27T21:20:00","date_gmt":"2025-08-27T18:20:00","guid":{"rendered":"https:\/\/roveyayinevi.com.tr\/index.php\/urun\/kurbaga-manastiri-abbatia-ranae\/"},"modified":"2026-04-16T02:38:36","modified_gmt":"2026-04-15T23:38:36","slug":"kurbaga-manastiri-abbatia-ranae","status":"publish","type":"product","link":"https:\/\/roveyayinevi.com.tr\/index.php\/urun\/kurbaga-manastiri-abbatia-ranae\/","title":{"rendered":"Kurba\u011fa Manast\u0131r\u0131 &#8211; Abbatia Ranae"},"content":{"rendered":"<p>Perfectus Belaslatinas, bu kitapta, 1300\u2019lerde manast\u0131rlar\u0131n potestas ordinis taraf\u0131ndan nas\u0131l ad\u0131m ad\u0131m ele ge\u00e7irildi\u011fini anlat\u0131yor.\u201cKorktuk. D\u00fcnya nimetlerinden vazge\u00e7ip, manast\u0131rlara kapanan biz rahiplerin, me\u011ferse yitirecek ne kadar da \u00e7ok \u015feyi varm\u0131\u015f! Ba\u015fkalar\u0131na sadece Tanr\u0131\u2019dan korktu\u011fumuzu s\u00f6yleyip ger\u00e7ekte kendi g\u00f6lgemizden korktuk! Ba\u015fkalar\u0131na \u2018devotus Deo\u2019 oldu\u011fumuzu s\u00f6yleyip, kendimizi nelere nelere adad\u0131k! Kendimizin \u2018servus Dei\u2019 oldu\u011funu il\u00e2n edip, kimlere kimlere hizmet ettik! Manast\u0131rlar\u0131m\u0131z\u0131n kap\u0131s\u0131na \u2018non sub homine, sed sub Deo et lege\u2019 yaz\u0131p, kimlere kimlere itaat ettik!\u201d<\/p>\n","protected":false},"excerpt":{"rendered":"<p>Perfectus Belaslatinas, bu kitapta, 1300\u2019lerde manast\u0131rlar\u0131n potestas ordinis taraf\u0131ndan nas\u0131l ad\u0131m ad\u0131m ele ge\u00e7irildi\u011fini anlat\u0131yor.\u201cKorktuk. D\u00fcnya nimetlerinden vazge\u00e7ip, manast\u0131rlara kapanan biz rahiplerin, me\u011ferse yitirecek ne kadar<span class=\"excerpt-hellip\"> [\u2026]<\/span><\/p>\n","protected":false},"featured_media":0,"template":"","meta":{"_monsterinsights_skip_tracking":false,"_monsterinsights_sitenote_active":false,"_monsterinsights_sitenote_note":"","_monsterinsights_sitenote_category":0},"product_brand":[],"product_cat":[12291,12711],"product_tag":[],"class_list":{"0":"post-730752","1":"product","2":"type-product","3":"status-publish","5":"product_cat-edebiyat","6":"product_cat-roman-oyku","7":"pa_cilt-ciltsiz","8":"pa_tur-kitap","9":"pa_yayinevi-kirmizi-kedi-yayinevi","10":"pa_yazar-perfectus-belaslatinas","12":"first","13":"instock","14":"sale","15":"shipping-taxable","16":"purchasable","17":"product-type-simple"},"_links":{"self":[{"href":"https:\/\/roveyayinevi.com.tr\/index.php\/wp-json\/wp\/v2\/product\/730752","targetHints":{"allow":["GET"]}}],"collection":[{"href":"https:\/\/roveyayinevi.com.tr\/index.php\/wp-json\/wp\/v2\/product"}],"about":[{"href":"https:\/\/roveyayinevi.com.tr\/index.php\/wp-json\/wp\/v2\/types\/product"}],"wp:attachment":[{"href":"https:\/\/roveyayinevi.com.tr\/index.php\/wp-json\/wp\/v2\/media?parent=730752"}],"wp:term":[{"taxonomy":"product_brand","embeddable":true,"href":"https:\/\/roveyayinevi.com.tr\/index.php\/wp-json\/wp\/v2\/product_brand?post=730752"},{"taxonomy":"product_cat","embeddable":true,"href":"https:\/\/roveyayinevi.com.tr\/index.php\/wp-json\/wp\/v2\/product_cat?post=730752"},{"taxonomy":"product_tag","embeddable":true,"href":"https:\/\/roveyayinevi.com.tr\/index.php\/wp-json\/wp\/v2\/product_tag?post=730752"}],"curies":[{"name":"wp","href":"https:\/\/api.w.org\/{rel}","templated":true}]}}