{"id":730751,"date":"2025-08-27T21:19:59","date_gmt":"2025-08-27T18:19:59","guid":{"rendered":"https:\/\/roveyayinevi.com.tr\/index.php\/urun\/okname\/"},"modified":"2026-04-16T02:38:36","modified_gmt":"2026-04-15T23:38:36","slug":"okname","status":"publish","type":"product","link":"https:\/\/roveyayinevi.com.tr\/index.php\/urun\/okname\/","title":{"rendered":"Okname"},"content":{"rendered":"<p>\u201c\u00c7eviri belas\u0131na u\u011fram\u0131\u015f bir \u00fclkede yazarl\u0131k gitgide bir zengin g\u00f6steri\u015f \u00f6zentisine b\u00fcr\u00fcnd\u00fc. Nesirde de naz\u0131mda da \u00f6yle. (&#8230;)\u00dcstelik vefa m\u0131 g\u00f6rd\u00fck o kupkuru yerde. S\u00f6zle \u0131rma\u011f\u0131 ak\u0131t\u0131p, s\u00f6z deryas\u0131n\u0131 dalgaland\u0131rabildik\u00e7e ne i\u015fimiz var can kayg\u0131s\u0131nda olan o cans\u0131z suretler beldesinde.Haddini bilsin resim de,ressam da bundan b\u00f6yle.\u201d<\/p>\n","protected":false},"excerpt":{"rendered":"<p>\u201c\u00c7eviri belas\u0131na u\u011fram\u0131\u015f bir \u00fclkede yazarl\u0131k gitgide bir zengin g\u00f6steri\u015f \u00f6zentisine b\u00fcr\u00fcnd\u00fc. Nesirde de naz\u0131mda da \u00f6yle. (&#8230;)\u00dcstelik vefa m\u0131 g\u00f6rd\u00fck o kupkuru yerde. S\u00f6zle \u0131rma\u011f\u0131<span class=\"excerpt-hellip\"> [\u2026]<\/span><\/p>\n","protected":false},"featured_media":0,"template":"","meta":{"_monsterinsights_skip_tracking":false,"_monsterinsights_sitenote_active":false,"_monsterinsights_sitenote_note":"","_monsterinsights_sitenote_category":0},"product_brand":[],"product_cat":[12777,12291],"product_tag":[],"class_list":{"0":"post-730751","1":"product","2":"type-product","3":"status-publish","5":"product_cat-deneme","6":"product_cat-edebiyat","7":"pa_cilt-ciltsiz","8":"pa_tur-kitap","9":"pa_yayinevi-kirmizi-kedi-yayinevi","10":"pa_yazar-sezer-tansug","12":"first","13":"instock","14":"sale","15":"shipping-taxable","16":"purchasable","17":"product-type-simple"},"_links":{"self":[{"href":"https:\/\/roveyayinevi.com.tr\/index.php\/wp-json\/wp\/v2\/product\/730751","targetHints":{"allow":["GET"]}}],"collection":[{"href":"https:\/\/roveyayinevi.com.tr\/index.php\/wp-json\/wp\/v2\/product"}],"about":[{"href":"https:\/\/roveyayinevi.com.tr\/index.php\/wp-json\/wp\/v2\/types\/product"}],"wp:attachment":[{"href":"https:\/\/roveyayinevi.com.tr\/index.php\/wp-json\/wp\/v2\/media?parent=730751"}],"wp:term":[{"taxonomy":"product_brand","embeddable":true,"href":"https:\/\/roveyayinevi.com.tr\/index.php\/wp-json\/wp\/v2\/product_brand?post=730751"},{"taxonomy":"product_cat","embeddable":true,"href":"https:\/\/roveyayinevi.com.tr\/index.php\/wp-json\/wp\/v2\/product_cat?post=730751"},{"taxonomy":"product_tag","embeddable":true,"href":"https:\/\/roveyayinevi.com.tr\/index.php\/wp-json\/wp\/v2\/product_tag?post=730751"}],"curies":[{"name":"wp","href":"https:\/\/api.w.org\/{rel}","templated":true}]}}