{"id":730750,"date":"2025-08-27T21:19:58","date_gmt":"2025-08-27T18:19:58","guid":{"rendered":"https:\/\/roveyayinevi.com.tr\/index.php\/urun\/ogrenci-ayaklanmalari-butun-eserleri-7\/"},"modified":"2026-04-16T02:38:36","modified_gmt":"2026-04-15T23:38:36","slug":"ogrenci-ayaklanmalari-butun-eserleri-7","status":"publish","type":"product","link":"https:\/\/roveyayinevi.com.tr\/index.php\/urun\/ogrenci-ayaklanmalari-butun-eserleri-7\/","title":{"rendered":"\u00d6\u011frenci Ayaklanmalar\u0131 &#8211; B\u00fct\u00fcn Eserleri 7"},"content":{"rendered":"<p>Prof. Dr. Ahmet Taner K\u0131\u015flal\u0131\u2019n\u0131n ba\u015fta Fransa ve T\u00fcrkiye olmak \u00fczere d\u00fcnyadaki 1968 \u00f6\u011frenci ayaklanmalar\u0131n\u0131 inceledi\u011fi bu \u00e7ok \u00f6nemli \u00e7al\u0131\u015fmas\u0131, i\u00e7erdi\u011fi bilimsel y\u00f6ntem ve \u00e7e\u015fitli \u00fcniversitelerde yap\u0131lan \u00f6\u011frenci ara\u015ft\u0131rmalar\u0131 verilerine dayand\u0131\u011f\u0131 i\u00e7in, bu alanda yap\u0131lan \u00e7al\u0131\u015fmalar i\u00e7inde \u00f6ne \u00e7\u0131k\u0131yor&#8230;\u00d6\u011frenci ayaklanmalar\u0131n\u0131n kaynaklar\u0131n\u0131 \u00fclkelere g\u00f6re ele alan, o \u00fclkelerin y\u00f6netim bi\u00e7imleriyle ayaklanmalar aras\u0131ndaki ili\u015fkiye odaklanan ve ayaklanmalar\u0131n k\u00f6kenlerindeki sosyo-ekonomik verileri masaya yat\u0131rarak siyasetle aras\u0131ndaki ba\u011f\u0131 inceleyen K\u0131\u015flal\u0131, \u00f6\u011frenci ayaklanmalar\u0131 konusunda \u00e7ok \u00f6nemli tezler olu\u015fturuyor&#8230;\u00d6yle ki, o tezleri ve bu kitaba dayanak olu\u015fturan ara\u015ft\u0131rmalar\u0131n sonu\u00e7lar\u0131n\u0131, bug\u00fcn\u00fcn \u00f6\u011frenci ayaklanmalar\u0131n\u0131n ortaya \u00e7\u0131kt\u0131\u011f\u0131 zeminde de g\u00f6rmek m\u00fcmk\u00fcn&#8230;Prof. Dr. Emre Kongar\u2019\u0131n Sunu\u015fuyla<\/p>\n","protected":false},"excerpt":{"rendered":"<p>Prof. Dr. Ahmet Taner K\u0131\u015flal\u0131\u2019n\u0131n ba\u015fta Fransa ve T\u00fcrkiye olmak \u00fczere d\u00fcnyadaki 1968 \u00f6\u011frenci ayaklanmalar\u0131n\u0131 inceledi\u011fi bu \u00e7ok \u00f6nemli \u00e7al\u0131\u015fmas\u0131, i\u00e7erdi\u011fi bilimsel y\u00f6ntem ve \u00e7e\u015fitli \u00fcniversitelerde<span class=\"excerpt-hellip\"> [\u2026]<\/span><\/p>\n","protected":false},"featured_media":0,"template":"","meta":{"_monsterinsights_skip_tracking":false,"_monsterinsights_sitenote_active":false,"_monsterinsights_sitenote_note":"","_monsterinsights_sitenote_category":0},"product_brand":[],"product_cat":[12370,12304],"product_tag":[],"class_list":{"0":"post-730750","1":"product","2":"type-product","3":"status-publish","5":"product_cat-arastirma-inceleme","6":"product_cat-tarih","7":"pa_cilt-ciltsiz","8":"pa_tur-kitap","9":"pa_yayinevi-kirmizi-kedi-yayinevi","10":"pa_yazar-ahmet-taner-kislali","12":"first","13":"instock","14":"sale","15":"shipping-taxable","16":"purchasable","17":"product-type-simple"},"_links":{"self":[{"href":"https:\/\/roveyayinevi.com.tr\/index.php\/wp-json\/wp\/v2\/product\/730750","targetHints":{"allow":["GET"]}}],"collection":[{"href":"https:\/\/roveyayinevi.com.tr\/index.php\/wp-json\/wp\/v2\/product"}],"about":[{"href":"https:\/\/roveyayinevi.com.tr\/index.php\/wp-json\/wp\/v2\/types\/product"}],"wp:attachment":[{"href":"https:\/\/roveyayinevi.com.tr\/index.php\/wp-json\/wp\/v2\/media?parent=730750"}],"wp:term":[{"taxonomy":"product_brand","embeddable":true,"href":"https:\/\/roveyayinevi.com.tr\/index.php\/wp-json\/wp\/v2\/product_brand?post=730750"},{"taxonomy":"product_cat","embeddable":true,"href":"https:\/\/roveyayinevi.com.tr\/index.php\/wp-json\/wp\/v2\/product_cat?post=730750"},{"taxonomy":"product_tag","embeddable":true,"href":"https:\/\/roveyayinevi.com.tr\/index.php\/wp-json\/wp\/v2\/product_tag?post=730750"}],"curies":[{"name":"wp","href":"https:\/\/api.w.org\/{rel}","templated":true}]}}