{"id":730749,"date":"2025-08-27T21:19:57","date_gmt":"2025-08-27T18:19:57","guid":{"rendered":"https:\/\/roveyayinevi.com.tr\/index.php\/urun\/cuppeli-vesayet\/"},"modified":"2026-04-16T02:38:36","modified_gmt":"2026-04-15T23:38:36","slug":"cuppeli-vesayet","status":"publish","type":"product","link":"https:\/\/roveyayinevi.com.tr\/index.php\/urun\/cuppeli-vesayet\/","title":{"rendered":"C\u00fcppeli Vesayet"},"content":{"rendered":"<p>Meslek ya\u015fam\u0131nda Paris muhabirli\u011finden d\u0131\u015f politika yazarl\u0131\u011f\u0131na, futbol kritiklerinden gastronomi yazarl\u0131\u011f\u0131na kadar bir\u00e7ok alanda g\u00f6rev alm\u0131\u015f bir gazeteci Ali Sirmen. Uzun y\u0131llard\u0131r s\u00fcrd\u00fcrd\u00fc\u011f\u00fc g\u00fcnl\u00fck k\u00f6\u015fe yazarl\u0131\u011f\u0131yla da yak\u0131n d\u00f6nem bas\u0131n tarihimizin \u201cse\u00e7kin\u201d gazetecilerinden ilk akla geleni. Fransa Ulusal Liyakat Ni\u015fan\u0131 (Chevalier r\u00fctbesi) sahibi oldu\u011fu gibi, 12 Eyl\u00fcl ve 12 Mart d\u00f6nemlerinde \u201chakk\u0131nda hi\u00e7bir mahk\u00fbmiyet karar\u0131 olmad\u0131\u011f\u0131 halde\u201d toplam 3,5 y\u0131l hapis yatm\u0131\u015f bir isim. 2021\u2019de meslekteki 55\u2019inci y\u0131l\u0131n\u0131 tamamlayan Ali Sirmen, bunu bir kitapla ta\u00e7land\u0131r\u0131yor.Kendisinin daha \u00f6nceki kitaplar\u0131ndan ve 2004\u2019ten g\u00fcn\u00fcm\u00fcze Cumhuriyet gazetesinde yay\u0131mlanan yaz\u0131lar\u0131ndan se\u00e7tikleriyle olu\u015fturdu\u011fu yeni kitab\u0131 C\u00fcppeli Vesayet, T\u00fcrkiye\u2019nin yar\u0131m as\u0131rl\u0131k hik\u00e2yesini \u00f6zetliyor.\u201cBu kitapta yer alan k\u00f6\u015fe yaz\u0131lar\u0131n\u0131n kapsad\u0131\u011f\u0131 s\u00fcrenin en belirgin \u00f6zelli\u011fi ise d\u00fc\u015f\u00fcn ya\u015fam\u0131 ile siyasal hayat\u0131n s\u00fcrekli olarak vesayet alt\u0131nda olmu\u015f olmas\u0131d\u0131r. (\u2026) \u00d6zellikle son yirmi y\u0131l\u0131n T\u00fcrkiye\u2019sinde toplum, \u00f6zg\u00fcrl\u00fck kar\u015f\u0131t\u0131, adalet d\u00fc\u015fman\u0131 g\u00fc\u00e7lerin, \u015fu anda vesayet tekeli sava\u015f\u0131n\u0131 veren iktidar\u0131n, askeri vesayeti katlayan sivil vesayet sultas\u0131 alt\u0131nda inlemektedir.\u201d<\/p>\n","protected":false},"excerpt":{"rendered":"<p>Meslek ya\u015fam\u0131nda Paris muhabirli\u011finden d\u0131\u015f politika yazarl\u0131\u011f\u0131na, futbol kritiklerinden gastronomi yazarl\u0131\u011f\u0131na kadar bir\u00e7ok alanda g\u00f6rev alm\u0131\u015f bir gazeteci Ali Sirmen. Uzun y\u0131llard\u0131r s\u00fcrd\u00fcrd\u00fc\u011f\u00fc g\u00fcnl\u00fck k\u00f6\u015fe yazarl\u0131\u011f\u0131yla<span class=\"excerpt-hellip\"> [\u2026]<\/span><\/p>\n","protected":false},"featured_media":0,"template":"","meta":{"_monsterinsights_skip_tracking":false,"_monsterinsights_sitenote_active":false,"_monsterinsights_sitenote_note":"","_monsterinsights_sitenote_category":0},"product_brand":[],"product_cat":[13590,12337],"product_tag":[],"class_list":{"0":"post-730749","1":"product","2":"type-product","3":"status-publish","5":"product_cat-arastirma-inceleme-politika-siyaset","6":"product_cat-politika-siyaset","7":"pa_cilt-ciltsiz","8":"pa_tur-kitap","9":"pa_yayinevi-kirmizi-kedi-yayinevi","10":"pa_yazar-ali-sirmen","12":"first","13":"instock","14":"sale","15":"shipping-taxable","16":"purchasable","17":"product-type-simple"},"_links":{"self":[{"href":"https:\/\/roveyayinevi.com.tr\/index.php\/wp-json\/wp\/v2\/product\/730749","targetHints":{"allow":["GET"]}}],"collection":[{"href":"https:\/\/roveyayinevi.com.tr\/index.php\/wp-json\/wp\/v2\/product"}],"about":[{"href":"https:\/\/roveyayinevi.com.tr\/index.php\/wp-json\/wp\/v2\/types\/product"}],"wp:attachment":[{"href":"https:\/\/roveyayinevi.com.tr\/index.php\/wp-json\/wp\/v2\/media?parent=730749"}],"wp:term":[{"taxonomy":"product_brand","embeddable":true,"href":"https:\/\/roveyayinevi.com.tr\/index.php\/wp-json\/wp\/v2\/product_brand?post=730749"},{"taxonomy":"product_cat","embeddable":true,"href":"https:\/\/roveyayinevi.com.tr\/index.php\/wp-json\/wp\/v2\/product_cat?post=730749"},{"taxonomy":"product_tag","embeddable":true,"href":"https:\/\/roveyayinevi.com.tr\/index.php\/wp-json\/wp\/v2\/product_tag?post=730749"}],"curies":[{"name":"wp","href":"https:\/\/api.w.org\/{rel}","templated":true}]}}