{"id":730747,"date":"2025-08-27T21:19:55","date_gmt":"2025-08-27T18:19:55","guid":{"rendered":"https:\/\/roveyayinevi.com.tr\/index.php\/urun\/osmanli-italyan-harbi\/"},"modified":"2026-04-16T02:38:36","modified_gmt":"2026-04-15T23:38:36","slug":"osmanli-italyan-harbi","status":"publish","type":"product","link":"https:\/\/roveyayinevi.com.tr\/index.php\/urun\/osmanli-italyan-harbi\/","title":{"rendered":"Osmanl\u0131 \u0130talyan Harbi"},"content":{"rendered":"<p>Avanz\u00e2de Mehmed S\u00fcleyman esasen eczac\u0131 olmas\u0131na kar\u015f\u0131n farkl\u0131 t\u00fcrlerde bir hayli eser vermi\u015f bir Osmanl\u0131 ayd\u0131n\u0131d\u0131r. Avanz\u00e2de Mehmed S\u00fcleyman, eserlerini genellikle halk\u0131 ayd\u0131nlatmak ve kayda de\u011fer meseleler hakk\u0131nda bilgilendirmek gayesiyle kaleme alm\u0131\u015ft\u0131r. Avanz\u00e2de Mehmed S\u00fcleyman bu tavr\u0131n\u0131 Trablusgarb Sava\u015f\u0131\u2019nda (1911-1912) da devam ettirmi\u015ftir. Avanz\u00e2de Mehmed S\u00fcleyman, halk\u0131 hem devam eden sava\u015f hakk\u0131nda bilgilendirmek hem de Osmanl\u0131 Devleti\u2019ne sava\u015f ilan eden \u0130talya\u2019y\u0131 ve i\u015fgal edilmek istenen Trablusgarb\u2019\u0131 tan\u0131tmak i\u00e7in Trablusgarb ve Devlet-i Aliyye-\u0130talya Vek\u0101yi\u2019-i Harbiyyesi adl\u0131 eserini ne\u015fretmi\u015ftir. Avanz\u00e2de Mehmed S\u00fcleyman bu \u00e7al\u0131\u015fmas\u0131nda Trablusgarb\u2019da ya\u015fanan sava\u015f ile al\u00e2kal\u0131 yabanc\u0131 gazetelerde yay\u0131mlanm\u0131\u015f makaleler ve m\u00fclakatlar, Trablusgarb\u2019dan g\u00f6nderilen mektup ve telgraflar, Trablusgarb b\u00f6lgesi i\u00e7in planlanan \u0131slahat projeleri ile Afrika ve Trablusgarb tarih ve co\u011frafyas\u0131n\u0131 anlatmaya \u00e7al\u0131\u015fm\u0131\u015ft\u0131r.<\/p>\n","protected":false},"excerpt":{"rendered":"<p>Avanz\u00e2de Mehmed S\u00fcleyman esasen eczac\u0131 olmas\u0131na kar\u015f\u0131n farkl\u0131 t\u00fcrlerde bir hayli eser vermi\u015f bir Osmanl\u0131 ayd\u0131n\u0131d\u0131r. Avanz\u00e2de Mehmed S\u00fcleyman, eserlerini genellikle halk\u0131 ayd\u0131nlatmak ve kayda de\u011fer<span class=\"excerpt-hellip\"> [\u2026]<\/span><\/p>\n","protected":false},"featured_media":0,"template":"","meta":{"_monsterinsights_skip_tracking":false,"_monsterinsights_sitenote_active":false,"_monsterinsights_sitenote_note":"","_monsterinsights_sitenote_category":0},"product_brand":[],"product_cat":[13517,12304],"product_tag":[],"class_list":{"0":"post-730747","1":"product","2":"type-product","3":"status-publish","5":"product_cat-osmanli-tarihi","6":"product_cat-tarih","7":"pa_cilt-ciltsiz","8":"pa_tur-kitap","9":"pa_yayinevi-otuken-nesriyat","10":"pa_yazar-avanzade-mehmed-suleyman","12":"first","13":"instock","14":"sale","15":"shipping-taxable","16":"purchasable","17":"product-type-simple"},"_links":{"self":[{"href":"https:\/\/roveyayinevi.com.tr\/index.php\/wp-json\/wp\/v2\/product\/730747","targetHints":{"allow":["GET"]}}],"collection":[{"href":"https:\/\/roveyayinevi.com.tr\/index.php\/wp-json\/wp\/v2\/product"}],"about":[{"href":"https:\/\/roveyayinevi.com.tr\/index.php\/wp-json\/wp\/v2\/types\/product"}],"wp:attachment":[{"href":"https:\/\/roveyayinevi.com.tr\/index.php\/wp-json\/wp\/v2\/media?parent=730747"}],"wp:term":[{"taxonomy":"product_brand","embeddable":true,"href":"https:\/\/roveyayinevi.com.tr\/index.php\/wp-json\/wp\/v2\/product_brand?post=730747"},{"taxonomy":"product_cat","embeddable":true,"href":"https:\/\/roveyayinevi.com.tr\/index.php\/wp-json\/wp\/v2\/product_cat?post=730747"},{"taxonomy":"product_tag","embeddable":true,"href":"https:\/\/roveyayinevi.com.tr\/index.php\/wp-json\/wp\/v2\/product_tag?post=730747"}],"curies":[{"name":"wp","href":"https:\/\/api.w.org\/{rel}","templated":true}]}}